{"id":21477,"date":"2025-01-23T01:51:45","date_gmt":"2025-01-23T06:51:45","guid":{"rendered":"https:\/\/scubapanama.com\/product\/trident-wb01-2-cincha-nylon-negro\/"},"modified":"2025-05-16T10:40:32","modified_gmt":"2025-05-16T15:40:32","slug":"trident-wb01-2-cincha-nylon-negro","status":"publish","type":"product","link":"https:\/\/scubapanama.com\/es\/product\/trident-wb01-2-cincha-nylon-negro\/","title":{"rendered":"TRIDENT  CINCHA NYLON NEGRO (WB012)"},"content":{"rendered":"<p>El paquete incluye: 1 rollo de correa de nailon resistente de 2 pulgadas de ancho y 10 yardas, color negro. No solo es perfecta para uso en exteriores, como escalada, cintur\u00f3n de seguridad, cabestrillo, acampada y senderismo, sino que tambi\u00e9n es una excelente opci\u00f3n para diversos usos en interiores, como mover equipaje, correas para bolsos de hombro, sacos de dormir, correas largas, correas de cubierta, correas para accesorios de mochila, correas de seguridad, correas de cincha, adecuadas para manualidades o proyectos de bricolaje.<\/p>\n","protected":false},"excerpt":{"rendered":"<p>El paquete incluye: 1 rollo de correa de nailon resistente de 2 pulgadas de ancho y 10 yardas, color negro.<\/p>\n","protected":false},"featured_media":28793,"comment_status":"open","ping_status":"closed","template":"","meta":{"iawp_total_views":1,"_joinchat":[]},"product_brand":[],"product_cat":[111],"product_tag":[233],"class_list":{"0":"post-21477","1":"product","2":"type-product","3":"status-publish","4":"has-post-thumbnail","6":"product_cat-tienda-online","7":"product_tag-trident-es","9":"first","10":"instock","11":"taxable","12":"shipping-taxable","13":"purchasable","14":"product-type-simple"},"booking_location":null,"booking_location_type":null,"booking_duration":null,"booking_duration_unit":null,"booking_buffer":null,"booking_cost":null,"booking_resources":null,"_links":{"self":[{"href":"https:\/\/scubapanama.com\/es\/wp-json\/wp\/v2\/product\/21477","targetHints":{"allow":["GET"]}}],"collection":[{"href":"https:\/\/scubapanama.com\/es\/wp-json\/wp\/v2\/product"}],"about":[{"href":"https:\/\/scubapanama.com\/es\/wp-json\/wp\/v2\/types\/product"}],"replies":[{"embeddable":true,"href":"https:\/\/scubapanama.com\/es\/wp-json\/wp\/v2\/comments?post=21477"}],"version-history":[{"count":2,"href":"https:\/\/scubapanama.com\/es\/wp-json\/wp\/v2\/product\/21477\/revisions"}],"predecessor-version":[{"id":28802,"href":"https:\/\/scubapanama.com\/es\/wp-json\/wp\/v2\/product\/21477\/revisions\/28802"}],"wp:featuredmedia":[{"embeddable":true,"href":"https:\/\/scubapanama.com\/es\/wp-json\/wp\/v2\/media\/28793"}],"wp:attachment":[{"href":"https:\/\/scubapanama.com\/es\/wp-json\/wp\/v2\/media?parent=21477"}],"wp:term":[{"taxonomy":"product_brand","embeddable":true,"href":"https:\/\/scubapanama.com\/es\/wp-json\/wp\/v2\/product_brand?post=21477"},{"taxonomy":"product_cat","embeddable":true,"href":"https:\/\/scubapanama.com\/es\/wp-json\/wp\/v2\/product_cat?post=21477"},{"taxonomy":"product_tag","embeddable":true,"href":"https:\/\/scubapanama.com\/es\/wp-json\/wp\/v2\/product_tag?post=21477"}],"curies":[{"name":"wp","href":"https:\/\/api.w.org\/{rel}","templated":true}]}}