{"id":21472,"date":"2025-01-23T01:51:46","date_gmt":"2025-01-23T06:51:46","guid":{"rendered":"https:\/\/scubapanama.com\/product\/tyr-lcsl693-tapones-silicona-hir-largo-fl-rosa\/"},"modified":"2025-05-14T13:35:43","modified_gmt":"2025-05-14T18:35:43","slug":"tyr-lcsl693-tapones-silicona-hir-largo-fl-rosa","status":"publish","type":"product","link":"https:\/\/scubapanama.com\/es\/product\/tyr-lcsl693-tapones-silicona-hir-largo-fl-rosa\/","title":{"rendered":"TYR TAPONES SILICONA HIR LARGO FL ROSA (LCSL693)"},"content":{"rendered":"<p><span>El gorro de nataci\u00f3n TYR Silicone Cap Long Hair tiene un dise\u00f1o asim\u00e9trico que se adapta f\u00e1cilmente al cabello largo y, al mismo tiempo, reduce la presi\u00f3n en la cabeza. Est\u00e1 fabricado 100 % con silicona.<\/span><\/p>\n<p><span>Caracter\u00edsticas:<\/span><br \/>\n<span>&#8211; Contorno de orejas<\/span><br \/>\n<span>&#8211; C\u00f3modo y duradero<\/span><br \/>\n<span>&#8211; Reduce eficazmente la resistencia en el agua y maximiza su velocidad.<\/span><\/p>\n","protected":false},"excerpt":{"rendered":"<p>El gorro de nataci\u00f3n TYR Silicone Cap Long Hair tiene un dise\u00f1o asim\u00e9trico que se adapta f\u00e1cilmente al cabello largo y, al mismo tiempo, reduce la presi\u00f3n en la cabeza.<\/p>\n","protected":false},"featured_media":27625,"comment_status":"open","ping_status":"closed","template":"","meta":{"iawp_total_views":2,"_joinchat":[]},"product_brand":[],"product_cat":[111],"product_tag":[273],"class_list":{"0":"post-21472","1":"product","2":"type-product","3":"status-publish","4":"has-post-thumbnail","6":"product_cat-tienda-online","7":"product_tag-try-es","9":"first","10":"instock","11":"taxable","12":"shipping-taxable","13":"purchasable","14":"product-type-simple"},"booking_location":null,"booking_location_type":null,"booking_duration":null,"booking_duration_unit":null,"booking_buffer":null,"booking_cost":null,"booking_resources":null,"_links":{"self":[{"href":"https:\/\/scubapanama.com\/es\/wp-json\/wp\/v2\/product\/21472","targetHints":{"allow":["GET"]}}],"collection":[{"href":"https:\/\/scubapanama.com\/es\/wp-json\/wp\/v2\/product"}],"about":[{"href":"https:\/\/scubapanama.com\/es\/wp-json\/wp\/v2\/types\/product"}],"replies":[{"embeddable":true,"href":"https:\/\/scubapanama.com\/es\/wp-json\/wp\/v2\/comments?post=21472"}],"version-history":[{"count":2,"href":"https:\/\/scubapanama.com\/es\/wp-json\/wp\/v2\/product\/21472\/revisions"}],"predecessor-version":[{"id":27631,"href":"https:\/\/scubapanama.com\/es\/wp-json\/wp\/v2\/product\/21472\/revisions\/27631"}],"wp:featuredmedia":[{"embeddable":true,"href":"https:\/\/scubapanama.com\/es\/wp-json\/wp\/v2\/media\/27625"}],"wp:attachment":[{"href":"https:\/\/scubapanama.com\/es\/wp-json\/wp\/v2\/media?parent=21472"}],"wp:term":[{"taxonomy":"product_brand","embeddable":true,"href":"https:\/\/scubapanama.com\/es\/wp-json\/wp\/v2\/product_brand?post=21472"},{"taxonomy":"product_cat","embeddable":true,"href":"https:\/\/scubapanama.com\/es\/wp-json\/wp\/v2\/product_cat?post=21472"},{"taxonomy":"product_tag","embeddable":true,"href":"https:\/\/scubapanama.com\/es\/wp-json\/wp\/v2\/product_tag?post=21472"}],"curies":[{"name":"wp","href":"https:\/\/api.w.org\/{rel}","templated":true}]}}