{"id":21468,"date":"2025-01-23T01:51:46","date_gmt":"2025-01-23T06:51:46","guid":{"rendered":"https:\/\/scubapanama.com\/product\/tyr-lcl670-tapones-de-latex-solido-rosa\/"},"modified":"2025-05-14T11:57:57","modified_gmt":"2025-05-14T16:57:57","slug":"tyr-lcl670-tapones-de-latex-solido-rosa","status":"publish","type":"product","link":"https:\/\/scubapanama.com\/es\/product\/tyr-lcl670-tapones-de-latex-solido-rosa\/","title":{"rendered":"TYR TAPONES DE L\u00c1TEX S\u00d3LIDO ROSA (LCL670)"},"content":{"rendered":"<p>Haga que cada ba\u00f1o sea m\u00e1s estilizado con el gorro de nataci\u00f3n para adultos de l\u00e1tex TYR.<\/p>\n<p>Dise\u00f1ado con un borde acanalado duradero y una construcci\u00f3n de l\u00e1tex, el LCL ofrece a atletas masculinos y femeninos caracter\u00edsticas de gran rendimiento, como reducci\u00f3n de la fricci\u00f3n y resistencia al desgarro. Adem\u00e1s, su ajuste seguro garantiza que se mantenga en su lugar mientras nadas.<\/p>\n<p>Para mayores de 16 a\u00f1os<\/p>\n","protected":false},"excerpt":{"rendered":"<p>Haga que cada ba\u00f1o sea m\u00e1s estilizado con el gorro de nataci\u00f3n para adultos de l\u00e1tex TYR.<\/p>\n<p>&nbsp;<\/p>\n","protected":false},"featured_media":27601,"comment_status":"open","ping_status":"closed","template":"","meta":{"iawp_total_views":0,"_joinchat":[]},"product_brand":[],"product_cat":[111],"product_tag":[273],"class_list":{"0":"post-21468","1":"product","2":"type-product","3":"status-publish","4":"has-post-thumbnail","6":"product_cat-tienda-online","7":"product_tag-try-es","9":"first","10":"instock","11":"taxable","12":"shipping-taxable","13":"purchasable","14":"product-type-simple"},"booking_location":null,"booking_location_type":null,"booking_duration":null,"booking_duration_unit":null,"booking_buffer":null,"booking_cost":null,"booking_resources":null,"_links":{"self":[{"href":"https:\/\/scubapanama.com\/es\/wp-json\/wp\/v2\/product\/21468","targetHints":{"allow":["GET"]}}],"collection":[{"href":"https:\/\/scubapanama.com\/es\/wp-json\/wp\/v2\/product"}],"about":[{"href":"https:\/\/scubapanama.com\/es\/wp-json\/wp\/v2\/types\/product"}],"replies":[{"embeddable":true,"href":"https:\/\/scubapanama.com\/es\/wp-json\/wp\/v2\/comments?post=21468"}],"version-history":[{"count":4,"href":"https:\/\/scubapanama.com\/es\/wp-json\/wp\/v2\/product\/21468\/revisions"}],"predecessor-version":[{"id":27613,"href":"https:\/\/scubapanama.com\/es\/wp-json\/wp\/v2\/product\/21468\/revisions\/27613"}],"wp:featuredmedia":[{"embeddable":true,"href":"https:\/\/scubapanama.com\/es\/wp-json\/wp\/v2\/media\/27601"}],"wp:attachment":[{"href":"https:\/\/scubapanama.com\/es\/wp-json\/wp\/v2\/media?parent=21468"}],"wp:term":[{"taxonomy":"product_brand","embeddable":true,"href":"https:\/\/scubapanama.com\/es\/wp-json\/wp\/v2\/product_brand?post=21468"},{"taxonomy":"product_cat","embeddable":true,"href":"https:\/\/scubapanama.com\/es\/wp-json\/wp\/v2\/product_cat?post=21468"},{"taxonomy":"product_tag","embeddable":true,"href":"https:\/\/scubapanama.com\/es\/wp-json\/wp\/v2\/product_tag?post=21468"}],"curies":[{"name":"wp","href":"https:\/\/api.w.org\/{rel}","templated":true}]}}