{"id":21448,"date":"2025-01-23T01:51:31","date_gmt":"2025-01-23T06:51:31","guid":{"rendered":"https:\/\/scubapanama.com\/product\/tri-ds39-tiburon-en-bandera-de-buceo\/"},"modified":"2025-05-20T12:00:31","modified_gmt":"2025-05-20T17:00:31","slug":"tri-ds39-tiburon-en-bandera-de-buceo","status":"publish","type":"product","link":"https:\/\/scubapanama.com\/es\/product\/tri-ds39-tiburon-en-bandera-de-buceo\/","title":{"rendered":"TRIDENT TIBUR\u00d3N EN BANDERA DE BUCEO (DS39)"},"content":{"rendered":"<p style=\"font-weight: 400;\">Muestra tu orgullo de buceo con esta pegatina de vinilo Trident High Gloss SCUBA Shark.<\/p>\n<p style=\"font-weight: 400;\">Este dise\u00f1o superpone la cl\u00e1sica bandera de buzo rojo y blanco en la imagen de un tibur\u00f3n realista. El material adhesivo de vinilo grueso y resistente est\u00e1 construido para durar, y su adhesivo s\u00faper pegajoso est\u00e1 hecho para permanecer en su lugar.<\/p>\n<p style=\"font-weight: 400;\">Perfecto para decorar port\u00e1tiles, troncos de buceo, bicicletas, monopatines, taquillas de buceo o cualquier otra cosa que pueda hacer con un toque de estilo SCUBA. \u00a1Es un gran regalo para el entusiasta del buceo!<\/p>\n","protected":false},"excerpt":{"rendered":"<p>Muestra tu orgullo de buceo con esta pegatina de vinilo Trident High Gloss SCUBA Shark.<\/p>\n","protected":false},"featured_media":29771,"comment_status":"open","ping_status":"closed","template":"","meta":{"iawp_total_views":0,"_joinchat":[]},"product_brand":[],"product_cat":[111],"product_tag":[233],"class_list":{"0":"post-21448","1":"product","2":"type-product","3":"status-publish","4":"has-post-thumbnail","6":"product_cat-tienda-online","7":"product_tag-trident-es","9":"first","10":"instock","11":"taxable","12":"shipping-taxable","13":"purchasable","14":"product-type-simple"},"booking_location":null,"booking_location_type":null,"booking_duration":null,"booking_duration_unit":null,"booking_buffer":null,"booking_cost":null,"booking_resources":null,"_links":{"self":[{"href":"https:\/\/scubapanama.com\/es\/wp-json\/wp\/v2\/product\/21448","targetHints":{"allow":["GET"]}}],"collection":[{"href":"https:\/\/scubapanama.com\/es\/wp-json\/wp\/v2\/product"}],"about":[{"href":"https:\/\/scubapanama.com\/es\/wp-json\/wp\/v2\/types\/product"}],"replies":[{"embeddable":true,"href":"https:\/\/scubapanama.com\/es\/wp-json\/wp\/v2\/comments?post=21448"}],"version-history":[{"count":5,"href":"https:\/\/scubapanama.com\/es\/wp-json\/wp\/v2\/product\/21448\/revisions"}],"predecessor-version":[{"id":29774,"href":"https:\/\/scubapanama.com\/es\/wp-json\/wp\/v2\/product\/21448\/revisions\/29774"}],"wp:featuredmedia":[{"embeddable":true,"href":"https:\/\/scubapanama.com\/es\/wp-json\/wp\/v2\/media\/29771"}],"wp:attachment":[{"href":"https:\/\/scubapanama.com\/es\/wp-json\/wp\/v2\/media?parent=21448"}],"wp:term":[{"taxonomy":"product_brand","embeddable":true,"href":"https:\/\/scubapanama.com\/es\/wp-json\/wp\/v2\/product_brand?post=21448"},{"taxonomy":"product_cat","embeddable":true,"href":"https:\/\/scubapanama.com\/es\/wp-json\/wp\/v2\/product_cat?post=21448"},{"taxonomy":"product_tag","embeddable":true,"href":"https:\/\/scubapanama.com\/es\/wp-json\/wp\/v2\/product_tag?post=21448"}],"curies":[{"name":"wp","href":"https:\/\/api.w.org\/{rel}","templated":true}]}}