{"id":21441,"date":"2025-01-23T01:51:31","date_gmt":"2025-01-23T06:51:31","guid":{"rendered":"https:\/\/scubapanama.com\/product\/tri-ds63-pegatina-bandera-de-buceo-tiburon-grande\/"},"modified":"2025-05-20T13:36:30","modified_gmt":"2025-05-20T18:36:30","slug":"tri-ds63-pegatina-bandera-de-buceo-tiburon-grande","status":"publish","type":"product","link":"https:\/\/scubapanama.com\/es\/product\/tri-ds63-pegatina-bandera-de-buceo-tiburon-grande\/","title":{"rendered":"TRIDENT PEGATINA BANDERA DE BUCEO TIBUR\u00d3N GRANDE (DS63)"},"content":{"rendered":"<div id=\"ItemDescription\" class=\"TabOverview_description__RzPXn description-wrap col1\">\n<p><span>Hazle saber a todos que eres buceador con esta pegatina Trident de 30,5 cm (12&#8243;) con la bandera de buceo y tibur\u00f3n. Ideal para usar tanto sobre como bajo el agua. P\u00e9gala en tus libros del colegio, veh\u00edculo, barco, cilindro de buceo o donde quieras. Esta pegatina con dise\u00f1o oce\u00e1nico tiene un reverso adhesivo f\u00e1cil de despegar y pegar con un bonito dise\u00f1o troquelado. Tintas con protecci\u00f3n ultravioleta impresas en vinilo duradero con fondo transparente. Es un regalo ideal para un amigo buceador.<\/span><\/p>\n<\/div>\n<div id=\"features\" class=\"TabOverview_features__zw1hb\">\n<h2 class=\"TabOverview_title__fDfPm\"><span>Caracter\u00edsticas\u00a0de la calcoman\u00eda de tibur\u00f3n con bandera de buceo Trident de 12&#8243; (30,5 cm)<\/span><\/h2>\n<ul>\n<li>\n<div><span>Pegatina de tibur\u00f3n con bandera de buceo Trident:<\/span><\/div>\n<\/li>\n<li>\n<div><span>Pegatina de tibur\u00f3n con bandera de buceo de 30,5 cm<\/span><\/div>\n<\/li>\n<li>\n<div><span>Bandera de buceo tradicional roja y blanca<\/span><\/div>\n<\/li>\n<li>\n<div><span>Dise\u00f1o rico y colorido<\/span><\/div>\n<\/li>\n<li>\n<div><span>Ideal para usar sobre y debajo del agua<\/span><\/div>\n<\/li>\n<li>\n<div><span>P\u00e9galo en: libros escolares, veh\u00edculos, botes, cilindros de buceo o donde quieras<\/span><\/div>\n<\/li>\n<li>\n<div><span>Pegatina gr\u00e1fica del oc\u00e9ano con reverso adhesivo f\u00e1cil de despegar y pegar<\/span><\/div>\n<\/li>\n<li>\n<div><span>Bonito dise\u00f1o de patr\u00f3n troquelado<\/span><\/div>\n<\/li>\n<li>\n<div><span>Tintas con protecci\u00f3n ultravioleta impresas en vinilo duradero con fondo transparente<\/span><\/div>\n<\/li>\n<li>\n<div><span>Gran idea para un regalo<\/span><\/div>\n<\/li>\n<\/ul>\n<\/div>\n","protected":false},"excerpt":{"rendered":"<p>Hazle saber a todos que eres buceador con esta pegatina Trident de 30,5 cm (12&#8243;) con la bandera de buceo y tibur\u00f3n.<\/p>\n","protected":false},"featured_media":29771,"comment_status":"open","ping_status":"closed","template":"","meta":{"iawp_total_views":2,"_joinchat":[]},"product_brand":[],"product_cat":[111],"product_tag":[233],"class_list":{"0":"post-21441","1":"product","2":"type-product","3":"status-publish","4":"has-post-thumbnail","6":"product_cat-tienda-online","7":"product_tag-trident-es","9":"first","10":"instock","11":"taxable","12":"shipping-taxable","13":"purchasable","14":"product-type-simple"},"booking_location":null,"booking_location_type":null,"booking_duration":null,"booking_duration_unit":null,"booking_buffer":null,"booking_cost":null,"booking_resources":null,"_links":{"self":[{"href":"https:\/\/scubapanama.com\/es\/wp-json\/wp\/v2\/product\/21441","targetHints":{"allow":["GET"]}}],"collection":[{"href":"https:\/\/scubapanama.com\/es\/wp-json\/wp\/v2\/product"}],"about":[{"href":"https:\/\/scubapanama.com\/es\/wp-json\/wp\/v2\/types\/product"}],"replies":[{"embeddable":true,"href":"https:\/\/scubapanama.com\/es\/wp-json\/wp\/v2\/comments?post=21441"}],"version-history":[{"count":5,"href":"https:\/\/scubapanama.com\/es\/wp-json\/wp\/v2\/product\/21441\/revisions"}],"predecessor-version":[{"id":29794,"href":"https:\/\/scubapanama.com\/es\/wp-json\/wp\/v2\/product\/21441\/revisions\/29794"}],"wp:featuredmedia":[{"embeddable":true,"href":"https:\/\/scubapanama.com\/es\/wp-json\/wp\/v2\/media\/29771"}],"wp:attachment":[{"href":"https:\/\/scubapanama.com\/es\/wp-json\/wp\/v2\/media?parent=21441"}],"wp:term":[{"taxonomy":"product_brand","embeddable":true,"href":"https:\/\/scubapanama.com\/es\/wp-json\/wp\/v2\/product_brand?post=21441"},{"taxonomy":"product_cat","embeddable":true,"href":"https:\/\/scubapanama.com\/es\/wp-json\/wp\/v2\/product_cat?post=21441"},{"taxonomy":"product_tag","embeddable":true,"href":"https:\/\/scubapanama.com\/es\/wp-json\/wp\/v2\/product_tag?post=21441"}],"curies":[{"name":"wp","href":"https:\/\/api.w.org\/{rel}","templated":true}]}}