{"id":21434,"date":"2025-01-23T01:51:32","date_gmt":"2025-01-23T06:51:32","guid":{"rendered":"https:\/\/scubapanama.com\/product\/tri-fm98-lente-de-mascara-de-buceo-optx-10\/"},"modified":"2025-05-20T11:42:23","modified_gmt":"2025-05-20T16:42:23","slug":"tri-fm98-lente-de-mascara-de-buceo-optx-10","status":"publish","type":"product","link":"https:\/\/scubapanama.com\/es\/product\/tri-fm98-lente-de-mascara-de-buceo-optx-10\/","title":{"rendered":"TRIDENT LENTE DE M\u00c1SCARA DE BUCEO OPTX +1,0 (FM98)"},"content":{"rendered":"<div>\n<h2><span>Lupas para m\u00e1scaras Dive Optx<\/span><\/h2>\n<p><span>DiveOptx ofrece a buceadores y practicantes de snorkel una soluci\u00f3n r\u00e1pida y econ\u00f3mica para a\u00f1adir aumento a sus m\u00e1scaras de buceo. Es posible leer la tarjeta de identificaci\u00f3n de peces, el reloj o la configuraci\u00f3n de la c\u00e1mara sin necesidad de una m\u00e1scara graduada. Estas lentes adhesivas flexibles son extra\u00edbles y reutilizables; se pueden usar en una m\u00e1scara de buceo, o incluso en gafas de sol o gafas normales. \u00a1Convierte cualquier gafa en una de lectura! Un par de lentes semicirculares por paquete.<\/span><\/p>\n<\/div>\n<ul>\n<li><span>Extra\u00edbles y reutilizables: solo agrega agua y se adhieren.<\/span><\/li>\n<li><span>Tama\u00f1o: 1,6&#8243; de di\u00e1metro, un par por paquete.<\/span><\/li>\n<li><span>DiveOptx permite a los buceadores una soluci\u00f3n r\u00e1pida y econ\u00f3mica para agregar aumento a las m\u00e1scaras de buceo.<\/span><\/li>\n<li><span>Es posible leer indicadores, ajustes del reloj o de la c\u00e1mara.<\/span><\/li>\n<\/ul>\n","protected":false},"excerpt":{"rendered":"<p>DiveOptx ofrece a buceadores y practicantes de snorkel una soluci\u00f3n r\u00e1pida y econ\u00f3mica para a\u00f1adir aumento a sus m\u00e1scaras de buceo.<\/p>\n","protected":false},"featured_media":29752,"comment_status":"open","ping_status":"closed","template":"","meta":{"iawp_total_views":37,"_joinchat":[]},"product_brand":[],"product_cat":[111],"product_tag":[233],"class_list":{"0":"post-21434","1":"product","2":"type-product","3":"status-publish","4":"has-post-thumbnail","6":"product_cat-tienda-online","7":"product_tag-trident-es","9":"first","10":"instock","11":"taxable","12":"shipping-taxable","13":"purchasable","14":"product-type-simple"},"booking_location":null,"booking_location_type":null,"booking_duration":null,"booking_duration_unit":null,"booking_buffer":null,"booking_cost":null,"booking_resources":null,"_links":{"self":[{"href":"https:\/\/scubapanama.com\/es\/wp-json\/wp\/v2\/product\/21434","targetHints":{"allow":["GET"]}}],"collection":[{"href":"https:\/\/scubapanama.com\/es\/wp-json\/wp\/v2\/product"}],"about":[{"href":"https:\/\/scubapanama.com\/es\/wp-json\/wp\/v2\/types\/product"}],"replies":[{"embeddable":true,"href":"https:\/\/scubapanama.com\/es\/wp-json\/wp\/v2\/comments?post=21434"}],"version-history":[{"count":5,"href":"https:\/\/scubapanama.com\/es\/wp-json\/wp\/v2\/product\/21434\/revisions"}],"predecessor-version":[{"id":29755,"href":"https:\/\/scubapanama.com\/es\/wp-json\/wp\/v2\/product\/21434\/revisions\/29755"}],"wp:featuredmedia":[{"embeddable":true,"href":"https:\/\/scubapanama.com\/es\/wp-json\/wp\/v2\/media\/29752"}],"wp:attachment":[{"href":"https:\/\/scubapanama.com\/es\/wp-json\/wp\/v2\/media?parent=21434"}],"wp:term":[{"taxonomy":"product_brand","embeddable":true,"href":"https:\/\/scubapanama.com\/es\/wp-json\/wp\/v2\/product_brand?post=21434"},{"taxonomy":"product_cat","embeddable":true,"href":"https:\/\/scubapanama.com\/es\/wp-json\/wp\/v2\/product_cat?post=21434"},{"taxonomy":"product_tag","embeddable":true,"href":"https:\/\/scubapanama.com\/es\/wp-json\/wp\/v2\/product_tag?post=21434"}],"curies":[{"name":"wp","href":"https:\/\/api.w.org\/{rel}","templated":true}]}}