{"id":21424,"date":"2025-01-23T01:51:32","date_gmt":"2025-01-23T06:51:32","guid":{"rendered":"https:\/\/scubapanama.com\/product\/tri-ga68-placa-de-plastico-para-bandera-de-buceo\/"},"modified":"2025-08-28T14:42:02","modified_gmt":"2025-08-28T19:42:02","slug":"tri-ga68-placa-de-plastico-para-bandera-de-buceo","status":"publish","type":"product","link":"https:\/\/scubapanama.com\/es\/product\/tri-ga68-placa-de-plastico-para-bandera-de-buceo\/","title":{"rendered":"TRIDENT PLACA DE PL\u00c1STICO PARA BANDERA DE BUCEO (GA68)"},"content":{"rendered":"<h2 id=\"description\" class=\"text-center text-2xl font-bold uppercase lg:text-5xl before:pointer-events-none before:invisible before:block before:content-none before:-mt-[213px] before:h-[213px] pb-5 text-red lg:pb-10\"><strong><span style=\"color: #333333; font-size: 16px;\">Esta placa para auto con bandera de buceo es una excelente manera de mostrarle al mundo que eres buceador mientras conduces entre el tr\u00e1fico. Es s\u00faper f\u00e1cil de instalar y tiene cuatro ranuras para tornillos, as\u00ed que est\u00e1 lista para fijarla a tu veh\u00edculo. Hecha con pl\u00e1stico resistente a los rayos UV, la placa no se decolora y te acompa\u00f1ar\u00e1 durante muchos kil\u00f3metros. Dise\u00f1ada con la tradicional bandera de buceo roja y blanca, puedes representar tu afici\u00f3n favorita dondequiera que vayas. Esta placa para auto con bandera de buceo lucir\u00e1 genial en el frente de tu auto; \u00a1pru\u00e9bala y compru\u00e9balo!<\/span><\/strong><\/h2>\n<div class=\"text-lg leading-7 font-medium max-w-6xl mx-auto\">\n<p>&nbsp;<\/p>\n<h2><span>Caracter\u00edsticas de la placa para autom\u00f3vil con bandera de buceo:<\/span><\/h2>\n<ul>\n<li><span>Dise\u00f1o tradicional de la bandera roja y blanca \u201cDiver Down\u201d<\/span><\/li>\n<li><span>F\u00e1cil de instalar<\/span><\/li>\n<li><span>Construcci\u00f3n de pl\u00e1stico duradero<\/span><\/li>\n<li><span>Resistente a los rayos UV para evitar la decoloraci\u00f3n.<\/span><\/li>\n<li><span>Ranuras de 4 tornillos para fijaci\u00f3n al veh\u00edculo<\/span><\/li>\n<\/ul>\n<\/div>\n","protected":false},"excerpt":{"rendered":"<h2 id=\"description\" class=\"text-center text-2xl font-bold uppercase lg:text-5xl before:pointer-events-none before:invisible before:block before:content-none before:-mt-[213px] before:h-[213px] pb-5 text-red lg:pb-10\"><strong><span style=\"color: #333333; font-size: 16px;\">Esta placa para auto con bandera de buceo es una excelente manera de mostrarle al mundo que eres buceador mientras conduces entre el tr\u00e1fico.<\/span><\/strong><\/h2>\n","protected":false},"featured_media":29762,"comment_status":"open","ping_status":"closed","template":"","meta":{"iawp_total_views":4,"_joinchat":[]},"product_brand":[],"product_cat":[111],"product_tag":[233],"class_list":{"0":"post-21424","1":"product","2":"type-product","3":"status-publish","4":"has-post-thumbnail","6":"product_cat-tienda-online","7":"product_tag-trident-es","9":"first","10":"instock","11":"taxable","12":"shipping-taxable","13":"purchasable","14":"product-type-simple"},"booking_location":null,"booking_location_type":null,"booking_duration":null,"booking_duration_unit":null,"booking_buffer":null,"booking_cost":null,"booking_resources":null,"_links":{"self":[{"href":"https:\/\/scubapanama.com\/es\/wp-json\/wp\/v2\/product\/21424","targetHints":{"allow":["GET"]}}],"collection":[{"href":"https:\/\/scubapanama.com\/es\/wp-json\/wp\/v2\/product"}],"about":[{"href":"https:\/\/scubapanama.com\/es\/wp-json\/wp\/v2\/types\/product"}],"replies":[{"embeddable":true,"href":"https:\/\/scubapanama.com\/es\/wp-json\/wp\/v2\/comments?post=21424"}],"version-history":[{"count":4,"href":"https:\/\/scubapanama.com\/es\/wp-json\/wp\/v2\/product\/21424\/revisions"}],"predecessor-version":[{"id":29764,"href":"https:\/\/scubapanama.com\/es\/wp-json\/wp\/v2\/product\/21424\/revisions\/29764"}],"wp:featuredmedia":[{"embeddable":true,"href":"https:\/\/scubapanama.com\/es\/wp-json\/wp\/v2\/media\/29762"}],"wp:attachment":[{"href":"https:\/\/scubapanama.com\/es\/wp-json\/wp\/v2\/media?parent=21424"}],"wp:term":[{"taxonomy":"product_brand","embeddable":true,"href":"https:\/\/scubapanama.com\/es\/wp-json\/wp\/v2\/product_brand?post=21424"},{"taxonomy":"product_cat","embeddable":true,"href":"https:\/\/scubapanama.com\/es\/wp-json\/wp\/v2\/product_cat?post=21424"},{"taxonomy":"product_tag","embeddable":true,"href":"https:\/\/scubapanama.com\/es\/wp-json\/wp\/v2\/product_tag?post=21424"}],"curies":[{"name":"wp","href":"https:\/\/api.w.org\/{rel}","templated":true}]}}