{"id":21408,"date":"2025-01-23T01:51:34","date_gmt":"2025-01-23T06:51:34","guid":{"rendered":"https:\/\/scubapanama.com\/product\/tri-lp82-eleccion-mascara-antivaho-8-onz\/"},"modified":"2025-05-20T11:36:30","modified_gmt":"2025-05-20T16:36:30","slug":"tri-lp82-eleccion-mascara-antivaho-8-onz","status":"publish","type":"product","link":"https:\/\/scubapanama.com\/es\/product\/tri-lp82-eleccion-mascara-antivaho-8-onz\/","title":{"rendered":"TRIDENT ELECCION MASCARA ANTIVAHO 8 ONZ (LP82)"},"content":{"rendered":"<p>TRIDENT ELECCION MASCARA ANTIVAHO 8 ONZ.<\/p>\n","protected":false},"excerpt":{"rendered":"<p>ELECCI\u00d3N M\u00c1SCARA DESEMPA\u00d1AR.<\/p>\n","protected":false},"featured_media":29747,"comment_status":"open","ping_status":"closed","template":"","meta":{"iawp_total_views":0,"_joinchat":[]},"product_brand":[],"product_cat":[111],"product_tag":[233],"class_list":{"0":"post-21408","1":"product","2":"type-product","3":"status-publish","4":"has-post-thumbnail","6":"product_cat-tienda-online","7":"product_tag-trident-es","9":"first","10":"instock","11":"taxable","12":"shipping-taxable","13":"purchasable","14":"product-type-simple"},"booking_location":null,"booking_location_type":null,"booking_duration":null,"booking_duration_unit":null,"booking_buffer":null,"booking_cost":null,"booking_resources":null,"_links":{"self":[{"href":"https:\/\/scubapanama.com\/es\/wp-json\/wp\/v2\/product\/21408","targetHints":{"allow":["GET"]}}],"collection":[{"href":"https:\/\/scubapanama.com\/es\/wp-json\/wp\/v2\/product"}],"about":[{"href":"https:\/\/scubapanama.com\/es\/wp-json\/wp\/v2\/types\/product"}],"replies":[{"embeddable":true,"href":"https:\/\/scubapanama.com\/es\/wp-json\/wp\/v2\/comments?post=21408"}],"version-history":[{"count":4,"href":"https:\/\/scubapanama.com\/es\/wp-json\/wp\/v2\/product\/21408\/revisions"}],"predecessor-version":[{"id":29750,"href":"https:\/\/scubapanama.com\/es\/wp-json\/wp\/v2\/product\/21408\/revisions\/29750"}],"wp:featuredmedia":[{"embeddable":true,"href":"https:\/\/scubapanama.com\/es\/wp-json\/wp\/v2\/media\/29747"}],"wp:attachment":[{"href":"https:\/\/scubapanama.com\/es\/wp-json\/wp\/v2\/media?parent=21408"}],"wp:term":[{"taxonomy":"product_brand","embeddable":true,"href":"https:\/\/scubapanama.com\/es\/wp-json\/wp\/v2\/product_brand?post=21408"},{"taxonomy":"product_cat","embeddable":true,"href":"https:\/\/scubapanama.com\/es\/wp-json\/wp\/v2\/product_cat?post=21408"},{"taxonomy":"product_tag","embeddable":true,"href":"https:\/\/scubapanama.com\/es\/wp-json\/wp\/v2\/product_tag?post=21408"}],"curies":[{"name":"wp","href":"https:\/\/api.w.org\/{rel}","templated":true}]}}