{"id":21398,"date":"2025-01-23T01:51:35","date_gmt":"2025-01-23T06:51:35","guid":{"rendered":"https:\/\/scubapanama.com\/product\/junta-torica-tri-r-003\/"},"modified":"2025-05-19T10:48:52","modified_gmt":"2025-05-19T15:48:52","slug":"junta-torica-tri-r-003","status":"publish","type":"product","link":"https:\/\/scubapanama.com\/es\/product\/junta-torica-tri-r-003\/","title":{"rendered":"TRIDENT JUNTA T\u00d3RICA (R-003)"},"content":{"rendered":"<p>El anillo t\u00f3rico de cuello de tanque Trident R es un anillo t\u00f3rico universal para v\u00e1lvula a cilindro para cilindros roscados de 3\/4&#8243; y est\u00e1 hecho de caucho Buna-N duradero.<\/p>\n","protected":false},"excerpt":{"rendered":"<p>El anillo t\u00f3rico de cuello de tanque Trident R es un anillo t\u00f3rico universal para v\u00e1lvula a cilindro.<\/p>\n","protected":false},"featured_media":28810,"comment_status":"open","ping_status":"closed","template":"","meta":{"iawp_total_views":5,"_joinchat":[]},"product_brand":[],"product_cat":[111],"product_tag":[233],"class_list":{"0":"post-21398","1":"product","2":"type-product","3":"status-publish","4":"has-post-thumbnail","6":"product_cat-tienda-online","7":"product_tag-trident-es","9":"first","10":"instock","11":"taxable","12":"shipping-taxable","13":"purchasable","14":"product-type-simple"},"booking_location":null,"booking_location_type":null,"booking_duration":null,"booking_duration_unit":null,"booking_buffer":null,"booking_cost":null,"booking_resources":null,"_links":{"self":[{"href":"https:\/\/scubapanama.com\/es\/wp-json\/wp\/v2\/product\/21398","targetHints":{"allow":["GET"]}}],"collection":[{"href":"https:\/\/scubapanama.com\/es\/wp-json\/wp\/v2\/product"}],"about":[{"href":"https:\/\/scubapanama.com\/es\/wp-json\/wp\/v2\/types\/product"}],"replies":[{"embeddable":true,"href":"https:\/\/scubapanama.com\/es\/wp-json\/wp\/v2\/comments?post=21398"}],"version-history":[{"count":4,"href":"https:\/\/scubapanama.com\/es\/wp-json\/wp\/v2\/product\/21398\/revisions"}],"predecessor-version":[{"id":29416,"href":"https:\/\/scubapanama.com\/es\/wp-json\/wp\/v2\/product\/21398\/revisions\/29416"}],"wp:featuredmedia":[{"embeddable":true,"href":"https:\/\/scubapanama.com\/es\/wp-json\/wp\/v2\/media\/28810"}],"wp:attachment":[{"href":"https:\/\/scubapanama.com\/es\/wp-json\/wp\/v2\/media?parent=21398"}],"wp:term":[{"taxonomy":"product_brand","embeddable":true,"href":"https:\/\/scubapanama.com\/es\/wp-json\/wp\/v2\/product_brand?post=21398"},{"taxonomy":"product_cat","embeddable":true,"href":"https:\/\/scubapanama.com\/es\/wp-json\/wp\/v2\/product_cat?post=21398"},{"taxonomy":"product_tag","embeddable":true,"href":"https:\/\/scubapanama.com\/es\/wp-json\/wp\/v2\/product_tag?post=21398"}],"curies":[{"name":"wp","href":"https:\/\/api.w.org\/{rel}","templated":true}]}}