{"id":21235,"date":"2025-01-23T01:50:27","date_gmt":"2025-01-23T06:50:27","guid":{"rendered":"https:\/\/scubapanama.com\/product\/ist-m50bs-bk-sombra-mascara-silicona\/"},"modified":"2025-05-12T09:27:28","modified_gmt":"2025-05-12T14:27:28","slug":"ist-m50bs-bk-sombra-mascara-silicona","status":"publish","type":"product","link":"https:\/\/scubapanama.com\/es\/product\/ist-m50bs-bk-sombra-mascara-silicona\/","title":{"rendered":"IST  SOMBRA M\u00c1SCARA SILICONA (M50BS-BK)"},"content":{"rendered":"<ul>\n<li><span>M\u00e1scara de lente \u00fanica con forma cl\u00e1sica y cuadrada.<\/span><\/li>\n<li><span>Marco de pl\u00e1stico duradero y de alto impacto.<\/span><\/li>\n<li><span>Lente de vidrio templado para mayor claridad y seguridad.<\/span><\/li>\n<li><span>Falda de silicona y correa de f\u00e1cil ajuste para un ajuste perfecto, excelente sellado y comodidad.<\/span><\/li>\n<li><span>Una fant\u00e1stica mascarilla multiusos para que la compartan familiares y amigos.<\/span><\/li>\n<\/ul>\n","protected":false},"excerpt":{"rendered":"<ul>\n<li>M\u00e1scara de lente \u00fanica con forma cl\u00e1sica y cuadrada.<\/li>\n<\/ul>\n","protected":false},"featured_media":24448,"comment_status":"open","ping_status":"closed","template":"","meta":{"iawp_total_views":7,"_joinchat":[]},"product_brand":[],"product_cat":[111],"product_tag":[218],"class_list":{"0":"post-21235","1":"product","2":"type-product","3":"status-publish","4":"has-post-thumbnail","6":"product_cat-tienda-online","7":"product_tag-ist-es","9":"first","10":"instock","11":"taxable","12":"shipping-taxable","13":"purchasable","14":"product-type-simple"},"booking_location":null,"booking_location_type":null,"booking_duration":null,"booking_duration_unit":null,"booking_buffer":null,"booking_cost":null,"booking_resources":null,"_links":{"self":[{"href":"https:\/\/scubapanama.com\/es\/wp-json\/wp\/v2\/product\/21235","targetHints":{"allow":["GET"]}}],"collection":[{"href":"https:\/\/scubapanama.com\/es\/wp-json\/wp\/v2\/product"}],"about":[{"href":"https:\/\/scubapanama.com\/es\/wp-json\/wp\/v2\/types\/product"}],"replies":[{"embeddable":true,"href":"https:\/\/scubapanama.com\/es\/wp-json\/wp\/v2\/comments?post=21235"}],"version-history":[{"count":2,"href":"https:\/\/scubapanama.com\/es\/wp-json\/wp\/v2\/product\/21235\/revisions"}],"predecessor-version":[{"id":26274,"href":"https:\/\/scubapanama.com\/es\/wp-json\/wp\/v2\/product\/21235\/revisions\/26274"}],"wp:featuredmedia":[{"embeddable":true,"href":"https:\/\/scubapanama.com\/es\/wp-json\/wp\/v2\/media\/24448"}],"wp:attachment":[{"href":"https:\/\/scubapanama.com\/es\/wp-json\/wp\/v2\/media?parent=21235"}],"wp:term":[{"taxonomy":"product_brand","embeddable":true,"href":"https:\/\/scubapanama.com\/es\/wp-json\/wp\/v2\/product_brand?post=21235"},{"taxonomy":"product_cat","embeddable":true,"href":"https:\/\/scubapanama.com\/es\/wp-json\/wp\/v2\/product_cat?post=21235"},{"taxonomy":"product_tag","embeddable":true,"href":"https:\/\/scubapanama.com\/es\/wp-json\/wp\/v2\/product_tag?post=21235"}],"curies":[{"name":"wp","href":"https:\/\/api.w.org\/{rel}","templated":true}]}}