{"id":21226,"date":"2025-01-23T01:50:27","date_gmt":"2025-01-23T06:50:27","guid":{"rendered":"https:\/\/scubapanama.com\/product\/ist-m55bs-bk-mascara-de-silicona-negra-corona\/"},"modified":"2025-05-12T09:25:36","modified_gmt":"2025-05-12T14:25:36","slug":"ist-m55bs-bk-mascara-de-silicona-negra-corona","status":"publish","type":"product","link":"https:\/\/scubapanama.com\/es\/product\/ist-m55bs-bk-mascara-de-silicona-negra-corona\/","title":{"rendered":"IST M\u00c1SCARA DE SILICONA NEGRA CORONA (M55BS-BK)"},"content":{"rendered":"<p><span>Corona ha sido una de las m\u00e1scaras IST m\u00e1s populares y su ajuste superior y comodidad son las razones detr\u00e1s del \u00e9xito.\u00a0<\/span><\/p>\n<p><span>Su hebilla giratoria permite al buceador ajustar la m\u00e1scara a la posici\u00f3n deseada. Su reducido volumen interno proporciona una visibilidad sin restricciones.<\/span><\/p>\n<p><strong><span>Lente antivaho disponible (M55\/AF)<\/span><\/strong><\/p>\n<p>&nbsp;<\/p>\n<p><strong><span>OL55 \/ OL55M<\/span><\/strong><br \/>\n<span>\u25cf Las lentes \u00f3pticas para las m\u00e1scaras M55 CORONA y las m\u00e1scaras ME-55 ProEar est\u00e1n disponibles en<\/span><br \/>\n<span>\u00a0 \u00a0 \u00a0incrementos de -1,0 a -8,0 en -0,5 (tambi\u00e9n para lentes tintadas) y<\/span><br \/>\n<span>\u00a0 \u00a0 de +1,0 a +4,0 en 0,5 (<\/span><u><span>\u00a0no<\/span><\/u><span>\u00a0\u00a0disponible para lentes tintadas)<\/span><br \/>\n<span>\u25cf Las lentes izquierda\/derecha son intercambiables.<\/span><\/p>\n<p><strong><span>OL55\/S<\/span><\/strong><br \/>\n<span>\u25cf Pegatinas para lentes \u00f3pticas en la parte inferior de la lente para m\u00e1scaras M-55 y m\u00e1scaras ME-55 ProEar.<\/span><br \/>\n<span>\u25cf Disponible en dioptr\u00edas de +1,0 a +4,0 en incrementos de 0,5.<\/span><br \/>\n<span>\u25cf Las lentes izquierda\/derecha no son intercambiables.<\/span><\/p>\n","protected":false},"excerpt":{"rendered":"<p>Corona ha sido una de las m\u00e1scaras IST m\u00e1s populares y su ajuste superior y comodidad son las razones detr\u00e1s del \u00e9xito.<\/p>\n","protected":false},"featured_media":24463,"comment_status":"open","ping_status":"closed","template":"","meta":{"iawp_total_views":1,"_joinchat":[]},"product_brand":[],"product_cat":[111],"product_tag":[218],"class_list":{"0":"post-21226","1":"product","2":"type-product","3":"status-publish","4":"has-post-thumbnail","6":"product_cat-tienda-online","7":"product_tag-ist-es","9":"first","10":"instock","11":"taxable","12":"shipping-taxable","13":"purchasable","14":"product-type-simple"},"booking_location":null,"booking_location_type":null,"booking_duration":null,"booking_duration_unit":null,"booking_buffer":null,"booking_cost":null,"booking_resources":null,"_links":{"self":[{"href":"https:\/\/scubapanama.com\/es\/wp-json\/wp\/v2\/product\/21226","targetHints":{"allow":["GET"]}}],"collection":[{"href":"https:\/\/scubapanama.com\/es\/wp-json\/wp\/v2\/product"}],"about":[{"href":"https:\/\/scubapanama.com\/es\/wp-json\/wp\/v2\/types\/product"}],"replies":[{"embeddable":true,"href":"https:\/\/scubapanama.com\/es\/wp-json\/wp\/v2\/comments?post=21226"}],"version-history":[{"count":2,"href":"https:\/\/scubapanama.com\/es\/wp-json\/wp\/v2\/product\/21226\/revisions"}],"predecessor-version":[{"id":26271,"href":"https:\/\/scubapanama.com\/es\/wp-json\/wp\/v2\/product\/21226\/revisions\/26271"}],"wp:featuredmedia":[{"embeddable":true,"href":"https:\/\/scubapanama.com\/es\/wp-json\/wp\/v2\/media\/24463"}],"wp:attachment":[{"href":"https:\/\/scubapanama.com\/es\/wp-json\/wp\/v2\/media?parent=21226"}],"wp:term":[{"taxonomy":"product_brand","embeddable":true,"href":"https:\/\/scubapanama.com\/es\/wp-json\/wp\/v2\/product_brand?post=21226"},{"taxonomy":"product_cat","embeddable":true,"href":"https:\/\/scubapanama.com\/es\/wp-json\/wp\/v2\/product_cat?post=21226"},{"taxonomy":"product_tag","embeddable":true,"href":"https:\/\/scubapanama.com\/es\/wp-json\/wp\/v2\/product_tag?post=21226"}],"curies":[{"name":"wp","href":"https:\/\/api.w.org\/{rel}","templated":true}]}}