{"id":21224,"date":"2025-01-23T01:50:27","date_gmt":"2025-01-23T06:50:27","guid":{"rendered":"https:\/\/scubapanama.com\/product\/ist-m67c-mascarilla-presto-clear-sil\/"},"modified":"2025-05-12T09:18:28","modified_gmt":"2025-05-12T14:18:28","slug":"ist-m67c-mascarilla-presto-clear-sil","status":"publish","type":"product","link":"https:\/\/scubapanama.com\/es\/product\/ist-m67c-mascarilla-presto-clear-sil\/","title":{"rendered":"IST MASCARILLA PRESTO CLEAR SIL (M67C)"},"content":{"rendered":"<p>Una m\u00e1scara original de IST de cuatro ventanas. Gracias a sus ventanas laterales, el usuario puede ver hacia los lados con una visi\u00f3n m\u00e1s amplia, algo que no se compara con una m\u00e1scara de lente doble o simple. Presto es ideal para personas con un perfil facial ligeramente estrecho.<\/p>\n","protected":false},"excerpt":{"rendered":"<p>Una m\u00e1scara original de IST de cuatro ventanas.<\/p>\n","protected":false},"featured_media":24467,"comment_status":"open","ping_status":"closed","template":"","meta":{"iawp_total_views":0,"_joinchat":[]},"product_brand":[],"product_cat":[111],"product_tag":[218],"class_list":{"0":"post-21224","1":"product","2":"type-product","3":"status-publish","4":"has-post-thumbnail","6":"product_cat-tienda-online","7":"product_tag-ist-es","9":"first","10":"instock","11":"taxable","12":"shipping-taxable","13":"purchasable","14":"product-type-simple"},"booking_location":null,"booking_location_type":null,"booking_duration":null,"booking_duration_unit":null,"booking_buffer":null,"booking_cost":null,"booking_resources":null,"_links":{"self":[{"href":"https:\/\/scubapanama.com\/es\/wp-json\/wp\/v2\/product\/21224","targetHints":{"allow":["GET"]}}],"collection":[{"href":"https:\/\/scubapanama.com\/es\/wp-json\/wp\/v2\/product"}],"about":[{"href":"https:\/\/scubapanama.com\/es\/wp-json\/wp\/v2\/types\/product"}],"replies":[{"embeddable":true,"href":"https:\/\/scubapanama.com\/es\/wp-json\/wp\/v2\/comments?post=21224"}],"version-history":[{"count":2,"href":"https:\/\/scubapanama.com\/es\/wp-json\/wp\/v2\/product\/21224\/revisions"}],"predecessor-version":[{"id":26266,"href":"https:\/\/scubapanama.com\/es\/wp-json\/wp\/v2\/product\/21224\/revisions\/26266"}],"wp:featuredmedia":[{"embeddable":true,"href":"https:\/\/scubapanama.com\/es\/wp-json\/wp\/v2\/media\/24467"}],"wp:attachment":[{"href":"https:\/\/scubapanama.com\/es\/wp-json\/wp\/v2\/media?parent=21224"}],"wp:term":[{"taxonomy":"product_brand","embeddable":true,"href":"https:\/\/scubapanama.com\/es\/wp-json\/wp\/v2\/product_brand?post=21224"},{"taxonomy":"product_cat","embeddable":true,"href":"https:\/\/scubapanama.com\/es\/wp-json\/wp\/v2\/product_cat?post=21224"},{"taxonomy":"product_tag","embeddable":true,"href":"https:\/\/scubapanama.com\/es\/wp-json\/wp\/v2\/product_tag?post=21224"}],"curies":[{"name":"wp","href":"https:\/\/api.w.org\/{rel}","templated":true}]}}