{"id":21222,"date":"2025-01-23T01:50:27","date_gmt":"2025-01-23T06:50:27","guid":{"rendered":"https:\/\/scubapanama.com\/product\/ist-m75-ny-mascara-martinique-amarillo-neon\/"},"modified":"2025-05-12T09:14:23","modified_gmt":"2025-05-12T14:14:23","slug":"ist-m75-ny-mascara-martinique-amarillo-neon","status":"publish","type":"product","link":"https:\/\/scubapanama.com\/es\/product\/ist-m75-ny-mascara-martinique-amarillo-neon\/","title":{"rendered":"IST M\u00c1SCARA MARTINIQUE AMARILLO NE\u00d3N (M75-NY)"},"content":{"rendered":"<ul>\n<li><span>\u00a0Elegante m\u00e1scara de buceo\/snorkel de doble lente para perfiles faciales medianos a grandes<\/span><\/li>\n<li><span>\u00a0Subchasis de doble inyecci\u00f3n, fald\u00f3n de silicona l\u00edquida hipoalerg\u00e9nica<\/span><\/li>\n<li><span>\u00a0Las hebillas de liberaci\u00f3n r\u00e1pida se fijan al marco para un almacenamiento compacto y un peso reducido.<\/span><\/li>\n<li><span>\u00a0Las lentes gemelas de vidrio templado garantizan claridad y seguridad.<\/span><\/li>\n<li><span>\u00a0M\u00faltiples opciones de colores disponibles.<\/span><\/li>\n<\/ul>\n","protected":false},"excerpt":{"rendered":"<p>Elegante m\u00e1scara de buceo\/snorkel de doble lente para perfiles faciales medianos a grandes.<\/p>\n","protected":false},"featured_media":24471,"comment_status":"open","ping_status":"closed","template":"","meta":{"iawp_total_views":0,"_joinchat":[]},"product_brand":[],"product_cat":[111],"product_tag":[218],"class_list":{"0":"post-21222","1":"product","2":"type-product","3":"status-publish","4":"has-post-thumbnail","6":"product_cat-tienda-online","7":"product_tag-ist-es","9":"first","10":"instock","11":"taxable","12":"shipping-taxable","13":"purchasable","14":"product-type-simple"},"booking_location":null,"booking_location_type":null,"booking_duration":null,"booking_duration_unit":null,"booking_buffer":null,"booking_cost":null,"booking_resources":null,"_links":{"self":[{"href":"https:\/\/scubapanama.com\/es\/wp-json\/wp\/v2\/product\/21222","targetHints":{"allow":["GET"]}}],"collection":[{"href":"https:\/\/scubapanama.com\/es\/wp-json\/wp\/v2\/product"}],"about":[{"href":"https:\/\/scubapanama.com\/es\/wp-json\/wp\/v2\/types\/product"}],"replies":[{"embeddable":true,"href":"https:\/\/scubapanama.com\/es\/wp-json\/wp\/v2\/comments?post=21222"}],"version-history":[{"count":2,"href":"https:\/\/scubapanama.com\/es\/wp-json\/wp\/v2\/product\/21222\/revisions"}],"predecessor-version":[{"id":26264,"href":"https:\/\/scubapanama.com\/es\/wp-json\/wp\/v2\/product\/21222\/revisions\/26264"}],"wp:featuredmedia":[{"embeddable":true,"href":"https:\/\/scubapanama.com\/es\/wp-json\/wp\/v2\/media\/24471"}],"wp:attachment":[{"href":"https:\/\/scubapanama.com\/es\/wp-json\/wp\/v2\/media?parent=21222"}],"wp:term":[{"taxonomy":"product_brand","embeddable":true,"href":"https:\/\/scubapanama.com\/es\/wp-json\/wp\/v2\/product_brand?post=21222"},{"taxonomy":"product_cat","embeddable":true,"href":"https:\/\/scubapanama.com\/es\/wp-json\/wp\/v2\/product_cat?post=21222"},{"taxonomy":"product_tag","embeddable":true,"href":"https:\/\/scubapanama.com\/es\/wp-json\/wp\/v2\/product_tag?post=21222"}],"curies":[{"name":"wp","href":"https:\/\/api.w.org\/{rel}","templated":true}]}}