{"id":21219,"date":"2025-01-23T01:50:28","date_gmt":"2025-01-23T06:50:28","guid":{"rendered":"https:\/\/scubapanama.com\/product\/ist-m88bs-bk-mascara-tecnica\/"},"modified":"2025-05-12T08:56:26","modified_gmt":"2025-05-12T13:56:26","slug":"ist-m88bs-bk-mascara-tecnica","status":"publish","type":"product","link":"https:\/\/scubapanama.com\/es\/product\/ist-m88bs-bk-mascara-tecnica\/","title":{"rendered":"IST M\u00c1SCARA T\u00c9CNICA (M88BS-BK)"},"content":{"rendered":"<p>\u2022 Dise\u00f1ado para adaptarse c\u00f3modamente a una amplia gama de perfiles faciales<br \/>\n\u2022 Lentes de vidrio templado resistentes a rayones para m\u00e1xima claridad y seguridad<br \/>\n\u2022 El fald\u00f3n de silicona hipoalerg\u00e9nica resiste la presi\u00f3n en profundidad y se mantiene c\u00f3modo<br \/>\n\u2022 Las hebillas se sujetan al fald\u00f3n y no interfieren con el ajuste<br \/>\n\u2022 La m\u00e1scara se puede plegar para un empaque compacto, ideal para usar en un kit de redundancia tecnol\u00f3gica<\/p>\n","protected":false},"excerpt":{"rendered":"<p>Dise\u00f1ado para adaptarse c\u00f3modamente a una amplia gama de perfiles faciales.<\/p>\n","protected":false},"featured_media":24403,"comment_status":"open","ping_status":"closed","template":"","meta":{"iawp_total_views":1,"_joinchat":[]},"product_brand":[],"product_cat":[111],"product_tag":[218],"class_list":{"0":"post-21219","1":"product","2":"type-product","3":"status-publish","4":"has-post-thumbnail","6":"product_cat-tienda-online","7":"product_tag-ist-es","9":"first","10":"instock","11":"taxable","12":"shipping-taxable","13":"purchasable","14":"product-type-simple"},"booking_location":null,"booking_location_type":null,"booking_duration":null,"booking_duration_unit":null,"booking_buffer":null,"booking_cost":null,"booking_resources":null,"_links":{"self":[{"href":"https:\/\/scubapanama.com\/es\/wp-json\/wp\/v2\/product\/21219","targetHints":{"allow":["GET"]}}],"collection":[{"href":"https:\/\/scubapanama.com\/es\/wp-json\/wp\/v2\/product"}],"about":[{"href":"https:\/\/scubapanama.com\/es\/wp-json\/wp\/v2\/types\/product"}],"replies":[{"embeddable":true,"href":"https:\/\/scubapanama.com\/es\/wp-json\/wp\/v2\/comments?post=21219"}],"version-history":[{"count":3,"href":"https:\/\/scubapanama.com\/es\/wp-json\/wp\/v2\/product\/21219\/revisions"}],"predecessor-version":[{"id":26250,"href":"https:\/\/scubapanama.com\/es\/wp-json\/wp\/v2\/product\/21219\/revisions\/26250"}],"wp:featuredmedia":[{"embeddable":true,"href":"https:\/\/scubapanama.com\/es\/wp-json\/wp\/v2\/media\/24403"}],"wp:attachment":[{"href":"https:\/\/scubapanama.com\/es\/wp-json\/wp\/v2\/media?parent=21219"}],"wp:term":[{"taxonomy":"product_brand","embeddable":true,"href":"https:\/\/scubapanama.com\/es\/wp-json\/wp\/v2\/product_brand?post=21219"},{"taxonomy":"product_cat","embeddable":true,"href":"https:\/\/scubapanama.com\/es\/wp-json\/wp\/v2\/product_cat?post=21219"},{"taxonomy":"product_tag","embeddable":true,"href":"https:\/\/scubapanama.com\/es\/wp-json\/wp\/v2\/product_tag?post=21219"}],"curies":[{"name":"wp","href":"https:\/\/api.w.org\/{rel}","templated":true}]}}