{"id":21209,"date":"2025-01-23T01:50:29","date_gmt":"2025-01-23T06:50:29","guid":{"rendered":"https:\/\/scubapanama.com\/product\/ist-mp-2-cl-boquilla-confo-bite-silicona-transparente\/"},"modified":"2025-05-12T08:32:43","modified_gmt":"2025-05-12T13:32:43","slug":"ist-mp-2-cl-boquilla-confo-bite-silicona-transparente","status":"publish","type":"product","link":"https:\/\/scubapanama.com\/es\/product\/ist-mp-2-cl-boquilla-confo-bite-silicona-transparente\/","title":{"rendered":"IST BOQUILLA CONFO BITE SILICONA TRANSPARENTE (MP-2 CL)"},"content":{"rendered":"<p><span>\u2022 Boquilla ortop\u00e9dica para uso en buceo o snorkel<\/span><br \/>\n<span>\u2022 Fabricada en silicona suave, flexible e hipoalerg\u00e9nica<\/span><br \/>\n<span>\u2022 Los bordes redondeados y lisos evitan las rozaduras dentro de la boca<\/span><br \/>\n<span>\u2022 Las leng\u00fcetas de mordida permiten una sujeci\u00f3n segura al tiempo que reducen la fatiga de la mand\u00edbula<\/span><br \/>\n<span>\u2022 Reemplaza cualquier boquilla de regulador o snorkel est\u00e1ndar<\/span><\/p>\n","protected":false},"excerpt":{"rendered":"<p>Boquilla ortop\u00e9dica para uso en buceo o snorkel.<\/p>\n","protected":false},"featured_media":25879,"comment_status":"open","ping_status":"closed","template":"","meta":{"iawp_total_views":7,"_joinchat":[]},"product_brand":[],"product_cat":[111],"product_tag":[218],"class_list":{"0":"post-21209","1":"product","2":"type-product","3":"status-publish","4":"has-post-thumbnail","6":"product_cat-tienda-online","7":"product_tag-ist-es","9":"first","10":"instock","11":"taxable","12":"shipping-taxable","13":"purchasable","14":"product-type-simple"},"booking_location":null,"booking_location_type":null,"booking_duration":null,"booking_duration_unit":null,"booking_buffer":null,"booking_cost":null,"booking_resources":null,"_links":{"self":[{"href":"https:\/\/scubapanama.com\/es\/wp-json\/wp\/v2\/product\/21209","targetHints":{"allow":["GET"]}}],"collection":[{"href":"https:\/\/scubapanama.com\/es\/wp-json\/wp\/v2\/product"}],"about":[{"href":"https:\/\/scubapanama.com\/es\/wp-json\/wp\/v2\/types\/product"}],"replies":[{"embeddable":true,"href":"https:\/\/scubapanama.com\/es\/wp-json\/wp\/v2\/comments?post=21209"}],"version-history":[{"count":2,"href":"https:\/\/scubapanama.com\/es\/wp-json\/wp\/v2\/product\/21209\/revisions"}],"predecessor-version":[{"id":26229,"href":"https:\/\/scubapanama.com\/es\/wp-json\/wp\/v2\/product\/21209\/revisions\/26229"}],"wp:featuredmedia":[{"embeddable":true,"href":"https:\/\/scubapanama.com\/es\/wp-json\/wp\/v2\/media\/25879"}],"wp:attachment":[{"href":"https:\/\/scubapanama.com\/es\/wp-json\/wp\/v2\/media?parent=21209"}],"wp:term":[{"taxonomy":"product_brand","embeddable":true,"href":"https:\/\/scubapanama.com\/es\/wp-json\/wp\/v2\/product_brand?post=21209"},{"taxonomy":"product_cat","embeddable":true,"href":"https:\/\/scubapanama.com\/es\/wp-json\/wp\/v2\/product_cat?post=21209"},{"taxonomy":"product_tag","embeddable":true,"href":"https:\/\/scubapanama.com\/es\/wp-json\/wp\/v2\/product_tag?post=21209"}],"curies":[{"name":"wp","href":"https:\/\/api.w.org\/{rel}","templated":true}]}}