{"id":21207,"date":"2025-01-23T01:50:28","date_gmt":"2025-01-23T06:50:28","guid":{"rendered":"https:\/\/scubapanama.com\/product\/ist-ma001-chackle-delfin\/"},"modified":"2025-05-12T08:42:45","modified_gmt":"2025-05-12T13:42:45","slug":"ist-ma001-chackle-delfin","status":"publish","type":"product","link":"https:\/\/scubapanama.com\/es\/product\/ist-ma001-chackle-delfin\/","title":{"rendered":"IST CHACKLE DELF\u00cdN (MA001)"},"content":{"rendered":"<p><span>Clip de grillete para usar en el agua 5\/8&#8243; de di\u00e1metro<\/span><br \/>\n<span>Construido en acero inoxidable 304 resistente a la corrosi\u00f3n<\/span><br \/>\n<span>El cierre de rosca ofrece un punto de fijaci\u00f3n semipermanente<\/span><br \/>\n<span>Sujeta f\u00e1cilmente art\u00edculos peque\u00f1os al BC, cintur\u00f3n o bolsa de equipo.<\/span><\/p>\n","protected":false},"excerpt":{"rendered":"<p>Clip de grillete para usar en el agua 5\/8&#8243; de di\u00e1metro.<\/p>\n","protected":false},"featured_media":24421,"comment_status":"open","ping_status":"closed","template":"","meta":{"iawp_total_views":1,"_joinchat":[]},"product_brand":[],"product_cat":[111],"product_tag":[218],"class_list":{"0":"post-21207","1":"product","2":"type-product","3":"status-publish","4":"has-post-thumbnail","6":"product_cat-tienda-online","7":"product_tag-ist-es","9":"first","10":"instock","11":"taxable","12":"shipping-taxable","13":"purchasable","14":"product-type-simple"},"booking_location":null,"booking_location_type":null,"booking_duration":null,"booking_duration_unit":null,"booking_buffer":null,"booking_cost":null,"booking_resources":null,"_links":{"self":[{"href":"https:\/\/scubapanama.com\/es\/wp-json\/wp\/v2\/product\/21207","targetHints":{"allow":["GET"]}}],"collection":[{"href":"https:\/\/scubapanama.com\/es\/wp-json\/wp\/v2\/product"}],"about":[{"href":"https:\/\/scubapanama.com\/es\/wp-json\/wp\/v2\/types\/product"}],"replies":[{"embeddable":true,"href":"https:\/\/scubapanama.com\/es\/wp-json\/wp\/v2\/comments?post=21207"}],"version-history":[{"count":2,"href":"https:\/\/scubapanama.com\/es\/wp-json\/wp\/v2\/product\/21207\/revisions"}],"predecessor-version":[{"id":26233,"href":"https:\/\/scubapanama.com\/es\/wp-json\/wp\/v2\/product\/21207\/revisions\/26233"}],"wp:featuredmedia":[{"embeddable":true,"href":"https:\/\/scubapanama.com\/es\/wp-json\/wp\/v2\/media\/24421"}],"wp:attachment":[{"href":"https:\/\/scubapanama.com\/es\/wp-json\/wp\/v2\/media?parent=21207"}],"wp:term":[{"taxonomy":"product_brand","embeddable":true,"href":"https:\/\/scubapanama.com\/es\/wp-json\/wp\/v2\/product_brand?post=21207"},{"taxonomy":"product_cat","embeddable":true,"href":"https:\/\/scubapanama.com\/es\/wp-json\/wp\/v2\/product_cat?post=21207"},{"taxonomy":"product_tag","embeddable":true,"href":"https:\/\/scubapanama.com\/es\/wp-json\/wp\/v2\/product_tag?post=21207"}],"curies":[{"name":"wp","href":"https:\/\/api.w.org\/{rel}","templated":true}]}}