{"id":21201,"date":"2025-01-23T01:50:29","date_gmt":"2025-01-23T06:50:29","guid":{"rendered":"https:\/\/scubapanama.com\/product\/ist-mp201bs-mascara-proteus-silicona-negra\/"},"modified":"2025-05-09T15:06:54","modified_gmt":"2025-05-09T20:06:54","slug":"ist-mp201bs-mascara-proteus-silicona-negra","status":"publish","type":"product","link":"https:\/\/scubapanama.com\/es\/product\/ist-mp201bs-mascara-proteus-silicona-negra\/","title":{"rendered":"IST M\u00c1SCARA PROTEUS SILICONA NEGRA (MP201BS)"},"content":{"rendered":"<p><span>La m\u00e1scara MP201 Proteus ofrece un campo de visi\u00f3n m\u00e1s amplio en comparaci\u00f3n con muchas m\u00e1scaras de buceo del mercado. A pesar de este aumento, el volumen interno se mantiene reducido gracias a que las lentes est\u00e1n m\u00e1s cerca de los ojos. Las hebillas de las correas se fijan directamente al fald\u00f3n (no a la montura, a diferencia de algunos dise\u00f1os), por lo que no interfieren con el ajuste, especialmente en personas con un perfil facial m\u00e1s ancho.<\/span><\/p>\n<ul>\n<li><span>La \u00faltima tecnolog\u00eda de pintura para m\u00e1s colores a elegir.<\/span><\/li>\n<li><span>Su dise\u00f1o de volumen s\u00faper bajo hace que esta m\u00e1scara se convierta en la mejor opci\u00f3n para el buceo libre.<\/span><\/li>\n<\/ul>\n","protected":false},"excerpt":{"rendered":"<p>La m\u00e1scara MP201 Proteus ofrece un campo de visi\u00f3n m\u00e1s amplio en comparaci\u00f3n con muchas m\u00e1scaras de buceo del mercado.<\/p>\n","protected":false},"featured_media":24367,"comment_status":"open","ping_status":"closed","template":"","meta":{"iawp_total_views":4,"_joinchat":[]},"product_brand":[],"product_cat":[111],"product_tag":[218],"class_list":{"0":"post-21201","1":"product","2":"type-product","3":"status-publish","4":"has-post-thumbnail","6":"product_cat-tienda-online","7":"product_tag-ist-es","9":"first","10":"instock","11":"taxable","12":"shipping-taxable","13":"purchasable","14":"product-type-simple"},"booking_location":null,"booking_location_type":null,"booking_duration":null,"booking_duration_unit":null,"booking_buffer":null,"booking_cost":null,"booking_resources":null,"_links":{"self":[{"href":"https:\/\/scubapanama.com\/es\/wp-json\/wp\/v2\/product\/21201","targetHints":{"allow":["GET"]}}],"collection":[{"href":"https:\/\/scubapanama.com\/es\/wp-json\/wp\/v2\/product"}],"about":[{"href":"https:\/\/scubapanama.com\/es\/wp-json\/wp\/v2\/types\/product"}],"replies":[{"embeddable":true,"href":"https:\/\/scubapanama.com\/es\/wp-json\/wp\/v2\/comments?post=21201"}],"version-history":[{"count":2,"href":"https:\/\/scubapanama.com\/es\/wp-json\/wp\/v2\/product\/21201\/revisions"}],"predecessor-version":[{"id":26213,"href":"https:\/\/scubapanama.com\/es\/wp-json\/wp\/v2\/product\/21201\/revisions\/26213"}],"wp:featuredmedia":[{"embeddable":true,"href":"https:\/\/scubapanama.com\/es\/wp-json\/wp\/v2\/media\/24367"}],"wp:attachment":[{"href":"https:\/\/scubapanama.com\/es\/wp-json\/wp\/v2\/media?parent=21201"}],"wp:term":[{"taxonomy":"product_brand","embeddable":true,"href":"https:\/\/scubapanama.com\/es\/wp-json\/wp\/v2\/product_brand?post=21201"},{"taxonomy":"product_cat","embeddable":true,"href":"https:\/\/scubapanama.com\/es\/wp-json\/wp\/v2\/product_cat?post=21201"},{"taxonomy":"product_tag","embeddable":true,"href":"https:\/\/scubapanama.com\/es\/wp-json\/wp\/v2\/product_tag?post=21201"}],"curies":[{"name":"wp","href":"https:\/\/api.w.org\/{rel}","templated":true}]}}