{"id":21200,"date":"2025-01-23T01:50:30","date_gmt":"2025-01-23T06:50:30","guid":{"rendered":"https:\/\/scubapanama.com\/product\/ist-ms11-bk-correa-de-mascara-silicona-negra\/"},"modified":"2025-05-09T15:03:54","modified_gmt":"2025-05-09T20:03:54","slug":"ist-ms11-bk-correa-de-mascara-silicona-negra","status":"publish","type":"product","link":"https:\/\/scubapanama.com\/es\/product\/ist-ms11-bk-correa-de-mascara-silicona-negra\/","title":{"rendered":"IST CORREA DE M\u00c1SCARA SILICONA NEGRA (MS11-BK)"},"content":{"rendered":"<p><span>Correa de repuesto de silicona para usar con m\u00e1scaras de buceo est\u00e1ndar.<\/span><\/p>\n<p><span>\uff0eConstruido en silicona flexible e hipoalerg\u00e9nica.<\/span><\/p>\n<p><span>\uff0eLas crestas de trinquete elevadas mantienen las correas bloqueadas de forma segura<\/span><\/p>\n<p><span>\uff0eF\u00e1cil de instalar y ajustar<\/span><\/p>\n<p><span>\uff0eExcelente adici\u00f3n a su kit de buceo Save a Dive<\/span><\/p>\n<p><span>\uff0eV\u00e1lido para mascarillas IST M-9, M-11, M-12, M-30, M-50, M-55, M-59, M-67, M-71, M-80, M-100, M-300, MJ-111, MP-111<\/span><\/p>\n","protected":false},"excerpt":{"rendered":"<p><span>Correa de repuesto de silicona para usar con m\u00e1scaras de buceo est\u00e1ndar.<\/span><\/p>\n<p>&nbsp;<\/p>\n","protected":false},"featured_media":24310,"comment_status":"open","ping_status":"closed","template":"","meta":{"iawp_total_views":1,"_joinchat":[]},"product_brand":[],"product_cat":[111],"product_tag":[218],"class_list":{"0":"post-21200","1":"product","2":"type-product","3":"status-publish","4":"has-post-thumbnail","6":"product_cat-tienda-online","7":"product_tag-ist-es","9":"first","10":"instock","11":"taxable","12":"shipping-taxable","13":"purchasable","14":"product-type-simple"},"booking_location":null,"booking_location_type":null,"booking_duration":null,"booking_duration_unit":null,"booking_buffer":null,"booking_cost":null,"booking_resources":null,"_links":{"self":[{"href":"https:\/\/scubapanama.com\/es\/wp-json\/wp\/v2\/product\/21200","targetHints":{"allow":["GET"]}}],"collection":[{"href":"https:\/\/scubapanama.com\/es\/wp-json\/wp\/v2\/product"}],"about":[{"href":"https:\/\/scubapanama.com\/es\/wp-json\/wp\/v2\/types\/product"}],"replies":[{"embeddable":true,"href":"https:\/\/scubapanama.com\/es\/wp-json\/wp\/v2\/comments?post=21200"}],"version-history":[{"count":1,"href":"https:\/\/scubapanama.com\/es\/wp-json\/wp\/v2\/product\/21200\/revisions"}],"predecessor-version":[{"id":26208,"href":"https:\/\/scubapanama.com\/es\/wp-json\/wp\/v2\/product\/21200\/revisions\/26208"}],"wp:featuredmedia":[{"embeddable":true,"href":"https:\/\/scubapanama.com\/es\/wp-json\/wp\/v2\/media\/24310"}],"wp:attachment":[{"href":"https:\/\/scubapanama.com\/es\/wp-json\/wp\/v2\/media?parent=21200"}],"wp:term":[{"taxonomy":"product_brand","embeddable":true,"href":"https:\/\/scubapanama.com\/es\/wp-json\/wp\/v2\/product_brand?post=21200"},{"taxonomy":"product_cat","embeddable":true,"href":"https:\/\/scubapanama.com\/es\/wp-json\/wp\/v2\/product_cat?post=21200"},{"taxonomy":"product_tag","embeddable":true,"href":"https:\/\/scubapanama.com\/es\/wp-json\/wp\/v2\/product_tag?post=21200"}],"curies":[{"name":"wp","href":"https:\/\/api.w.org\/{rel}","templated":true}]}}