{"id":21199,"date":"2025-01-23T01:50:29","date_gmt":"2025-01-23T06:50:29","guid":{"rendered":"https:\/\/scubapanama.com\/product\/ist-mp201bsm-bk-mascara-con-lente-tintada-proteus-negra\/"},"modified":"2025-05-09T15:05:51","modified_gmt":"2025-05-09T20:05:51","slug":"ist-mp201bsm-bk-mascara-con-lente-tintada-proteus-negra","status":"publish","type":"product","link":"https:\/\/scubapanama.com\/es\/product\/ist-mp201bsm-bk-mascara-con-lente-tintada-proteus-negra\/","title":{"rendered":"IST M\u00c1SCARA CON LENTE TINTADA PROTEUS NEGRA (MP201BSM-BK)"},"content":{"rendered":"<ul>\n<li>Dise\u00f1ado para adaptarse c\u00f3modamente a una amplia gama de perfiles faciales.<\/li>\n<li>Lentes de vidrio templado resistente a rayones para m\u00e1xima claridad y seguridad.<\/li>\n<li>La falda de silicona hipoalerg\u00e9nica resiste la presi\u00f3n en profundidad y permanece c\u00f3moda.<\/li>\n<li>Las hebillas se fijan a la falda y no interfieren con el ajuste.<\/li>\n<li>La m\u00e1scara se puede plegar para un empaque compacto, ideal para usar en un kit de redundancia tecnol\u00f3gica.<\/li>\n<li>Las lentes tintadas brindan al pescador una ventaja adicional para acercarse sigilosamente a una presa sin necesidad de hacer contacto visual directo con ella.<\/li>\n<\/ul>\n","protected":false},"excerpt":{"rendered":"<p>Dise\u00f1ado para adaptarse c\u00f3modamente a una amplia gama de perfiles faciales.<\/p>\n","protected":false},"featured_media":24371,"comment_status":"open","ping_status":"closed","template":"","meta":{"iawp_total_views":3,"_joinchat":[]},"product_brand":[],"product_cat":[111],"product_tag":[218],"class_list":{"0":"post-21199","1":"product","2":"type-product","3":"status-publish","4":"has-post-thumbnail","6":"product_cat-tienda-online","7":"product_tag-ist-es","9":"first","10":"instock","11":"taxable","12":"shipping-taxable","13":"purchasable","14":"product-type-simple"},"booking_location":null,"booking_location_type":null,"booking_duration":null,"booking_duration_unit":null,"booking_buffer":null,"booking_cost":null,"booking_resources":null,"_links":{"self":[{"href":"https:\/\/scubapanama.com\/es\/wp-json\/wp\/v2\/product\/21199","targetHints":{"allow":["GET"]}}],"collection":[{"href":"https:\/\/scubapanama.com\/es\/wp-json\/wp\/v2\/product"}],"about":[{"href":"https:\/\/scubapanama.com\/es\/wp-json\/wp\/v2\/types\/product"}],"replies":[{"embeddable":true,"href":"https:\/\/scubapanama.com\/es\/wp-json\/wp\/v2\/comments?post=21199"}],"version-history":[{"count":3,"href":"https:\/\/scubapanama.com\/es\/wp-json\/wp\/v2\/product\/21199\/revisions"}],"predecessor-version":[{"id":26211,"href":"https:\/\/scubapanama.com\/es\/wp-json\/wp\/v2\/product\/21199\/revisions\/26211"}],"wp:featuredmedia":[{"embeddable":true,"href":"https:\/\/scubapanama.com\/es\/wp-json\/wp\/v2\/media\/24371"}],"wp:attachment":[{"href":"https:\/\/scubapanama.com\/es\/wp-json\/wp\/v2\/media?parent=21199"}],"wp:term":[{"taxonomy":"product_brand","embeddable":true,"href":"https:\/\/scubapanama.com\/es\/wp-json\/wp\/v2\/product_brand?post=21199"},{"taxonomy":"product_cat","embeddable":true,"href":"https:\/\/scubapanama.com\/es\/wp-json\/wp\/v2\/product_cat?post=21199"},{"taxonomy":"product_tag","embeddable":true,"href":"https:\/\/scubapanama.com\/es\/wp-json\/wp\/v2\/product_tag?post=21199"}],"curies":[{"name":"wp","href":"https:\/\/api.w.org\/{rel}","templated":true}]}}