{"id":21194,"date":"2025-01-23T01:50:30","date_gmt":"2025-01-23T06:50:30","guid":{"rendered":"https:\/\/scubapanama.com\/product\/ist-ms20-b-funda-de-correa-de-mascara-azul\/"},"modified":"2025-05-09T14:59:52","modified_gmt":"2025-05-09T19:59:52","slug":"ist-ms20-b-funda-de-correa-de-mascara-azul","status":"publish","type":"product","link":"https:\/\/scubapanama.com\/es\/product\/ist-ms20-b-funda-de-correa-de-mascara-azul\/","title":{"rendered":"IST FUNDA DE CORREA DE M\u00c1SCARA AZUL (MS20-B)"},"content":{"rendered":"<p>C\u00f3moda funda de correa de m\u00e1scara de neopreno.<\/p>\n","protected":false},"excerpt":{"rendered":"<p>COLORES: B\/N, F, AN, ML, BK, B, NY, P<\/p>\n","protected":false},"featured_media":24321,"comment_status":"open","ping_status":"closed","template":"","meta":{"iawp_total_views":2,"_joinchat":[]},"product_brand":[],"product_cat":[111],"product_tag":[218],"class_list":{"0":"post-21194","1":"product","2":"type-product","3":"status-publish","4":"has-post-thumbnail","6":"product_cat-tienda-online","7":"product_tag-ist-es","9":"first","10":"outofstock","11":"taxable","12":"shipping-taxable","13":"purchasable","14":"product-type-simple"},"booking_location":null,"booking_location_type":null,"booking_duration":null,"booking_duration_unit":null,"booking_buffer":null,"booking_cost":null,"booking_resources":null,"_links":{"self":[{"href":"https:\/\/scubapanama.com\/es\/wp-json\/wp\/v2\/product\/21194","targetHints":{"allow":["GET"]}}],"collection":[{"href":"https:\/\/scubapanama.com\/es\/wp-json\/wp\/v2\/product"}],"about":[{"href":"https:\/\/scubapanama.com\/es\/wp-json\/wp\/v2\/types\/product"}],"replies":[{"embeddable":true,"href":"https:\/\/scubapanama.com\/es\/wp-json\/wp\/v2\/comments?post=21194"}],"version-history":[{"count":2,"href":"https:\/\/scubapanama.com\/es\/wp-json\/wp\/v2\/product\/21194\/revisions"}],"predecessor-version":[{"id":26203,"href":"https:\/\/scubapanama.com\/es\/wp-json\/wp\/v2\/product\/21194\/revisions\/26203"}],"wp:featuredmedia":[{"embeddable":true,"href":"https:\/\/scubapanama.com\/es\/wp-json\/wp\/v2\/media\/24321"}],"wp:attachment":[{"href":"https:\/\/scubapanama.com\/es\/wp-json\/wp\/v2\/media?parent=21194"}],"wp:term":[{"taxonomy":"product_brand","embeddable":true,"href":"https:\/\/scubapanama.com\/es\/wp-json\/wp\/v2\/product_brand?post=21194"},{"taxonomy":"product_cat","embeddable":true,"href":"https:\/\/scubapanama.com\/es\/wp-json\/wp\/v2\/product_cat?post=21194"},{"taxonomy":"product_tag","embeddable":true,"href":"https:\/\/scubapanama.com\/es\/wp-json\/wp\/v2\/product_tag?post=21194"}],"curies":[{"name":"wp","href":"https:\/\/api.w.org\/{rel}","templated":true}]}}