{"id":21190,"date":"2025-01-23T01:50:30","date_gmt":"2025-01-23T06:50:30","guid":{"rendered":"https:\/\/scubapanama.com\/product\/ist-p1-2-valvula-de-purga-diafragma\/"},"modified":"2025-05-09T14:49:49","modified_gmt":"2025-05-09T19:49:49","slug":"ist-p1-2-valvula-de-purga-diafragma","status":"publish","type":"product","link":"https:\/\/scubapanama.com\/es\/product\/ist-p1-2-valvula-de-purga-diafragma\/","title":{"rendered":"IST V\u00c1LVULA DE PURGA DIAFRAGMA (P1-2)"},"content":{"rendered":"<p><span>V\u00e1lvula de escape de silicona de 1,9 cm de di\u00e1metro (0,75 pulgadas de di\u00e1metro)<\/span><\/p>\n<p><span>\uff0ePara las siguientes m\u00e1scaras: M-11, M-12<\/span><\/p>\n<p><span>\uff0ePara los siguientes snorkels: SN-45\/S, SN-103, SN-104, SN-203, SN-204, SNK-8, SNK-16, SNK-205<\/span><\/p>\n","protected":false},"excerpt":{"rendered":"<p><span>V\u00e1lvula de escape de silicona de 1,9 cm de di\u00e1metro (0,75 pulgadas de di\u00e1metro).<\/span><\/p>\n","protected":false},"featured_media":24557,"comment_status":"open","ping_status":"closed","template":"","meta":{"iawp_total_views":4,"_joinchat":[]},"product_brand":[],"product_cat":[111],"product_tag":[218],"class_list":{"0":"post-21190","1":"product","2":"type-product","3":"status-publish","4":"has-post-thumbnail","6":"product_cat-tienda-online","7":"product_tag-ist-es","9":"first","10":"onbackorder","11":"taxable","12":"shipping-taxable","13":"purchasable","14":"product-type-simple"},"booking_location":null,"booking_location_type":null,"booking_duration":null,"booking_duration_unit":null,"booking_buffer":null,"booking_cost":null,"booking_resources":null,"_links":{"self":[{"href":"https:\/\/scubapanama.com\/es\/wp-json\/wp\/v2\/product\/21190","targetHints":{"allow":["GET"]}}],"collection":[{"href":"https:\/\/scubapanama.com\/es\/wp-json\/wp\/v2\/product"}],"about":[{"href":"https:\/\/scubapanama.com\/es\/wp-json\/wp\/v2\/types\/product"}],"replies":[{"embeddable":true,"href":"https:\/\/scubapanama.com\/es\/wp-json\/wp\/v2\/comments?post=21190"}],"version-history":[{"count":2,"href":"https:\/\/scubapanama.com\/es\/wp-json\/wp\/v2\/product\/21190\/revisions"}],"predecessor-version":[{"id":26197,"href":"https:\/\/scubapanama.com\/es\/wp-json\/wp\/v2\/product\/21190\/revisions\/26197"}],"wp:featuredmedia":[{"embeddable":true,"href":"https:\/\/scubapanama.com\/es\/wp-json\/wp\/v2\/media\/24557"}],"wp:attachment":[{"href":"https:\/\/scubapanama.com\/es\/wp-json\/wp\/v2\/media?parent=21190"}],"wp:term":[{"taxonomy":"product_brand","embeddable":true,"href":"https:\/\/scubapanama.com\/es\/wp-json\/wp\/v2\/product_brand?post=21190"},{"taxonomy":"product_cat","embeddable":true,"href":"https:\/\/scubapanama.com\/es\/wp-json\/wp\/v2\/product_cat?post=21190"},{"taxonomy":"product_tag","embeddable":true,"href":"https:\/\/scubapanama.com\/es\/wp-json\/wp\/v2\/product_tag?post=21190"}],"curies":[{"name":"wp","href":"https:\/\/api.w.org\/{rel}","templated":true}]}}