{"id":21173,"date":"2025-01-23T01:50:31","date_gmt":"2025-01-23T06:50:31","guid":{"rendered":"https:\/\/scubapanama.com\/product\/ist-s326-xl-xxl-guantes-de-25mm\/"},"modified":"2025-05-09T14:22:25","modified_gmt":"2025-05-09T19:22:25","slug":"ist-s326-xl-xxl-guantes-de-25mm","status":"publish","type":"product","link":"https:\/\/scubapanama.com\/es\/product\/ist-s326-xl-xxl-guantes-de-25mm\/","title":{"rendered":"IST GUANTES DE 2,5mm (S326-XL\/XXL)"},"content":{"rendered":"<p><span>Si est\u00e1 buscando un guante que proporcione lo mejor de todo (calidez, comodidad y movilidad), lo ha encontrado en los guantes de neopreno s\u00faper el\u00e1sticos con ajuste de forma de 2,5 mm IST S326 con puntos de agarre.<\/span><\/p>\n<p><span>Estos guantes mantendr\u00e1n tus manos calientes en aguas templadas o fr\u00edas, a la vez que te brindan un rango completo de movimiento y control para dedos y pulgar. Su superficie especial con puntos de agarre proporciona tracci\u00f3n antideslizante al agarrar objetos lisos o resbaladizos. Su construcci\u00f3n de neopreno superel\u00e1stico garantiza un ajuste perfecto que no se aprieta y facilita la colocaci\u00f3n y extracci\u00f3n de los guantes.<\/span><\/p>\n<p><span>Olv\u00eddate de la frustraci\u00f3n de intentar ajustar tu equipo o usar una pizarra de buceo con guantes tan voluminosos o r\u00edgidos que parece que llevas guantes. Prueba el S326 para una mejor experiencia de buceo.<\/span><\/p>\n<p>&nbsp;<\/p>\n","protected":false},"excerpt":{"rendered":"<p>Si est\u00e1 buscando un guante que proporcione lo mejor de todo (calidez, comodidad y movilidad), lo ha encontrado en los guantes de neopreno s\u00faper el\u00e1sticos con ajuste de forma de 2,5 mm IST S326 con puntos de agarre.<\/p>\n","protected":false},"featured_media":24303,"comment_status":"open","ping_status":"closed","template":"","meta":{"iawp_total_views":1,"_joinchat":[]},"product_brand":[],"product_cat":[111],"product_tag":[218],"class_list":{"0":"post-21173","1":"product","2":"type-product","3":"status-publish","4":"has-post-thumbnail","6":"product_cat-tienda-online","7":"product_tag-ist-es","9":"first","10":"instock","11":"taxable","12":"shipping-taxable","13":"purchasable","14":"product-type-simple"},"booking_location":null,"booking_location_type":null,"booking_duration":null,"booking_duration_unit":null,"booking_buffer":null,"booking_cost":null,"booking_resources":null,"_links":{"self":[{"href":"https:\/\/scubapanama.com\/es\/wp-json\/wp\/v2\/product\/21173","targetHints":{"allow":["GET"]}}],"collection":[{"href":"https:\/\/scubapanama.com\/es\/wp-json\/wp\/v2\/product"}],"about":[{"href":"https:\/\/scubapanama.com\/es\/wp-json\/wp\/v2\/types\/product"}],"replies":[{"embeddable":true,"href":"https:\/\/scubapanama.com\/es\/wp-json\/wp\/v2\/comments?post=21173"}],"version-history":[{"count":2,"href":"https:\/\/scubapanama.com\/es\/wp-json\/wp\/v2\/product\/21173\/revisions"}],"predecessor-version":[{"id":26186,"href":"https:\/\/scubapanama.com\/es\/wp-json\/wp\/v2\/product\/21173\/revisions\/26186"}],"wp:featuredmedia":[{"embeddable":true,"href":"https:\/\/scubapanama.com\/es\/wp-json\/wp\/v2\/media\/24303"}],"wp:attachment":[{"href":"https:\/\/scubapanama.com\/es\/wp-json\/wp\/v2\/media?parent=21173"}],"wp:term":[{"taxonomy":"product_brand","embeddable":true,"href":"https:\/\/scubapanama.com\/es\/wp-json\/wp\/v2\/product_brand?post=21173"},{"taxonomy":"product_cat","embeddable":true,"href":"https:\/\/scubapanama.com\/es\/wp-json\/wp\/v2\/product_cat?post=21173"},{"taxonomy":"product_tag","embeddable":true,"href":"https:\/\/scubapanama.com\/es\/wp-json\/wp\/v2\/product_tag?post=21173"}],"curies":[{"name":"wp","href":"https:\/\/api.w.org\/{rel}","templated":true}]}}