{"id":21154,"date":"2025-01-23T01:50:34","date_gmt":"2025-01-23T06:50:34","guid":{"rendered":"https:\/\/scubapanama.com\/product\/ist-sba-1-boya-flotante\/"},"modified":"2025-05-09T11:03:51","modified_gmt":"2025-05-09T16:03:51","slug":"ist-sba-1-boya-flotante","status":"publish","type":"product","link":"https:\/\/scubapanama.com\/es\/product\/ist-sba-1-boya-flotante\/","title":{"rendered":"IST BOYA FLOTANTE (SBA-1)"},"content":{"rendered":"<p><span>La forma de torpedo minimiza el arrastre en el agua, la bandera incluida aumenta la visibilidad.<\/span><br \/>\n<span>Bolsillo inferior con cierre de velcro para inserci\u00f3n de pesas de buceo.<\/span><br \/>\n<span>Se proporcionan m\u00faltiples puntos de sujeci\u00f3n para cuerdas de se\u00f1alizaci\u00f3n, anillos en D y ganchos a presi\u00f3n<\/span><br \/>\n<span>Incluye 30 pies (10 m) de l\u00ednea de PE de alta visibilidad con clips de acero inoxidable resistentes a la corrosi\u00f3n.<\/span><\/p>\n","protected":false},"excerpt":{"rendered":"<p>La forma de torpedo minimiza el arrastre en el agua, la bandera incluida aumenta la visibilidad.<\/p>\n","protected":false},"featured_media":24188,"comment_status":"open","ping_status":"closed","template":"","meta":{"iawp_total_views":24,"_joinchat":[]},"product_brand":[],"product_cat":[111],"product_tag":[218],"class_list":{"0":"post-21154","1":"product","2":"type-product","3":"status-publish","4":"has-post-thumbnail","6":"product_cat-tienda-online","7":"product_tag-ist-es","9":"first","10":"instock","11":"taxable","12":"shipping-taxable","13":"purchasable","14":"product-type-simple"},"booking_location":null,"booking_location_type":null,"booking_duration":null,"booking_duration_unit":null,"booking_buffer":null,"booking_cost":null,"booking_resources":null,"_links":{"self":[{"href":"https:\/\/scubapanama.com\/es\/wp-json\/wp\/v2\/product\/21154","targetHints":{"allow":["GET"]}}],"collection":[{"href":"https:\/\/scubapanama.com\/es\/wp-json\/wp\/v2\/product"}],"about":[{"href":"https:\/\/scubapanama.com\/es\/wp-json\/wp\/v2\/types\/product"}],"replies":[{"embeddable":true,"href":"https:\/\/scubapanama.com\/es\/wp-json\/wp\/v2\/comments?post=21154"}],"version-history":[{"count":2,"href":"https:\/\/scubapanama.com\/es\/wp-json\/wp\/v2\/product\/21154\/revisions"}],"predecessor-version":[{"id":26051,"href":"https:\/\/scubapanama.com\/es\/wp-json\/wp\/v2\/product\/21154\/revisions\/26051"}],"wp:featuredmedia":[{"embeddable":true,"href":"https:\/\/scubapanama.com\/es\/wp-json\/wp\/v2\/media\/24188"}],"wp:attachment":[{"href":"https:\/\/scubapanama.com\/es\/wp-json\/wp\/v2\/media?parent=21154"}],"wp:term":[{"taxonomy":"product_brand","embeddable":true,"href":"https:\/\/scubapanama.com\/es\/wp-json\/wp\/v2\/product_brand?post=21154"},{"taxonomy":"product_cat","embeddable":true,"href":"https:\/\/scubapanama.com\/es\/wp-json\/wp\/v2\/product_cat?post=21154"},{"taxonomy":"product_tag","embeddable":true,"href":"https:\/\/scubapanama.com\/es\/wp-json\/wp\/v2\/product_tag?post=21154"}],"curies":[{"name":"wp","href":"https:\/\/api.w.org\/{rel}","templated":true}]}}