{"id":21152,"date":"2025-01-23T01:50:34","date_gmt":"2025-01-23T06:50:34","guid":{"rendered":"https:\/\/scubapanama.com\/product\/ist-sc101-b-gorro-de-natacion-azul\/"},"modified":"2025-05-09T11:01:49","modified_gmt":"2025-05-09T16:01:49","slug":"ist-sc101-b-gorro-de-natacion-azul","status":"publish","type":"product","link":"https:\/\/scubapanama.com\/es\/product\/ist-sc101-b-gorro-de-natacion-azul\/","title":{"rendered":"IST GORRO DE NATACI\u00d3N AZUL (SC101-B)"},"content":{"rendered":"<p data-start=\"318\" data-end=\"430\"><span class=\"relative -mx-px my-[-0.2rem] rounded px-px py-[0.2rem] transition-colors duration-100 ease-in-out\">El Gorro de Nataci\u00f3n de Silicona CSC101 de IST Diving System est\u00e1 dise\u00f1ado para ofrecer una experiencia de nataci\u00f3n superior.<\/span> <span class=\"relative -mx-px my-[-0.2rem] rounded px-px py-[0.2rem] transition-colors duration-100 ease-in-out\">Fabricado con silicona de alta calidad, proporciona un ajuste c\u00f3modo y seguro, reduciendo la resistencia al agua y protegiendo el cabello del cloro y otros qu\u00edmicos presentes en las piscinas.<\/span><\/p>\n<p data-start=\"432\" data-end=\"463\"><strong data-start=\"432\" data-end=\"463\">Caracter\u00edsticas destacadas:<\/strong><\/p>\n<ul data-start=\"465\" data-end=\"886\">\n<li data-start=\"465\" data-end=\"577\">\n<p data-start=\"467\" data-end=\"577\"><strong data-start=\"467\" data-end=\"500\">Material de silicona premium:<\/strong> <span class=\"relative -mx-px my-[-0.2rem] rounded px-px py-[0.2rem] transition-colors duration-100 ease-in-out\">Ofrece durabilidad y resistencia al desgaste, asegurando un uso prolongado.<\/span><\/p>\n<\/li>\n<li data-start=\"579\" data-end=\"681\">\n<p data-start=\"581\" data-end=\"681\"><strong data-start=\"581\" data-end=\"602\">Dise\u00f1o anat\u00f3mico:<\/strong> <span class=\"relative -mx-px my-[-0.2rem] rounded px-px py-[0.2rem] transition-colors duration-100 ease-in-out\">Se adapta perfectamente a la forma de la cabeza, proporcionando un ajuste ce\u00f1ido y c\u00f3modo.<\/span><\/p>\n<\/li>\n<li data-start=\"683\" data-end=\"788\">\n<p data-start=\"685\" data-end=\"788\"><strong data-start=\"685\" data-end=\"709\">Colores disponibles:<\/strong> <span class=\"relative -mx-px my-[-0.2rem] rounded px-px py-[0.2rem] transition-colors duration-100 ease-in-out\">Disponible en varios colores para combinar con tu estilo personal.<\/span><\/p>\n<\/li>\n<li data-start=\"790\" data-end=\"886\">\n<p data-start=\"792\" data-end=\"886\"><strong data-start=\"792\" data-end=\"807\">Ideal para:<\/strong> <span class=\"relative -mx-px my-[-0.2rem] rounded px-px py-[0.2rem] transition-colors duration-100 ease-in-out\">Nadadores recreativos y competitivos que buscan un gorro funcional y duradero para entrenamientos y competiciones.<\/span><\/p>\n<\/li>\n<\/ul>\n<p data-start=\"888\" data-end=\"966\"><span class=\"relative -mx-px my-[-0.2rem] rounded px-px py-[0.2rem] transition-colors duration-100 ease-in-out\">Este gorro es una excelente opci\u00f3n para quienes buscan calidad y rendimiento en sus accesorios de nataci\u00f3n.<\/span><\/p>\n","protected":false},"excerpt":{"rendered":"<p><span class=\"relative -mx-px my-[-0.2rem] rounded px-px py-[0.2rem] transition-colors duration-100 ease-in-out\">El Gorro de Nataci\u00f3n de Silicona CSC101 de IST Diving System est\u00e1 dise\u00f1ado para ofrecer una experiencia de nataci\u00f3n superior.<\/span><\/p>\n","protected":false},"featured_media":24192,"comment_status":"open","ping_status":"closed","template":"","meta":{"iawp_total_views":0,"_joinchat":[]},"product_brand":[],"product_cat":[111],"product_tag":[218],"class_list":{"0":"post-21152","1":"product","2":"type-product","3":"status-publish","4":"has-post-thumbnail","6":"product_cat-tienda-online","7":"product_tag-ist-es","9":"first","10":"outofstock","11":"taxable","12":"shipping-taxable","13":"purchasable","14":"product-type-simple"},"booking_location":null,"booking_location_type":null,"booking_duration":null,"booking_duration_unit":null,"booking_buffer":null,"booking_cost":null,"booking_resources":null,"_links":{"self":[{"href":"https:\/\/scubapanama.com\/es\/wp-json\/wp\/v2\/product\/21152","targetHints":{"allow":["GET"]}}],"collection":[{"href":"https:\/\/scubapanama.com\/es\/wp-json\/wp\/v2\/product"}],"about":[{"href":"https:\/\/scubapanama.com\/es\/wp-json\/wp\/v2\/types\/product"}],"replies":[{"embeddable":true,"href":"https:\/\/scubapanama.com\/es\/wp-json\/wp\/v2\/comments?post=21152"}],"version-history":[{"count":2,"href":"https:\/\/scubapanama.com\/es\/wp-json\/wp\/v2\/product\/21152\/revisions"}],"predecessor-version":[{"id":26049,"href":"https:\/\/scubapanama.com\/es\/wp-json\/wp\/v2\/product\/21152\/revisions\/26049"}],"wp:featuredmedia":[{"embeddable":true,"href":"https:\/\/scubapanama.com\/es\/wp-json\/wp\/v2\/media\/24192"}],"wp:attachment":[{"href":"https:\/\/scubapanama.com\/es\/wp-json\/wp\/v2\/media?parent=21152"}],"wp:term":[{"taxonomy":"product_brand","embeddable":true,"href":"https:\/\/scubapanama.com\/es\/wp-json\/wp\/v2\/product_brand?post=21152"},{"taxonomy":"product_cat","embeddable":true,"href":"https:\/\/scubapanama.com\/es\/wp-json\/wp\/v2\/product_cat?post=21152"},{"taxonomy":"product_tag","embeddable":true,"href":"https:\/\/scubapanama.com\/es\/wp-json\/wp\/v2\/product_tag?post=21152"}],"curies":[{"name":"wp","href":"https:\/\/api.w.org\/{rel}","templated":true}]}}