{"id":21151,"date":"2025-01-23T01:50:33","date_gmt":"2025-01-23T06:50:33","guid":{"rendered":"https:\/\/scubapanama.com\/product\/ist-sb-1-boya-de-senalizacion\/"},"modified":"2025-05-09T11:11:53","modified_gmt":"2025-05-09T16:11:53","slug":"ist-sb-1-boya-de-senalizacion","status":"publish","type":"product","link":"https:\/\/scubapanama.com\/es\/product\/ist-sb-1-boya-de-senalizacion\/","title":{"rendered":"IST BOYA DE SE\u00d1ALIZACI\u00d3N (SB-1)"},"content":{"rendered":"<p><span>La boya inflable de alta estabilidad IST SB-1 con bandera para buceadores es un elemento esencial del equipo de seguridad para buceadores. En muchas zonas, los buceadores deben alertar a quienes est\u00e1n en la superficie sobre su ubicaci\u00f3n, pero incluso cuando hacerlo es opcional, es la forma m\u00e1s segura de bucear.<\/span><\/p>\n<p><span>Fabricada en PVC resistente, la base ancha y la forma c\u00f3nica de la SB-1 ayudan a mantener la boya en su lugar incluso con viento en la superficie. En condiciones de oleaje o viento fuerte, utilice la anilla inferior integrada para fijar un peso de liberaci\u00f3n r\u00e1pida.<\/span><\/p>\n<p><span>Las banderas de buceo de PVC de 12&#8243; x 15&#8243; incluidas se insertan en la parte superior de la boya, lo que mejora a\u00fan m\u00e1s la visibilidad desde la superficie.<\/span><\/p>\n<p><span>Se infla a sus dimensiones completas de 13\u201d de di\u00e1metro y 14\u201d de alto en segundos, y la v\u00e1lvula inferior incluida evita que explote por inflado excesivo.<\/span><\/p>\n<p><span>Una vez desinflado, el SB-1 es lo suficientemente peque\u00f1o como para guardarlo f\u00e1cilmente en su bolsa de equipo o guardarlo en el bote.<\/span><\/p>\n<p><span>Incline las probabilidades de una inmersi\u00f3n segura a su favor: mantenga la superficie de inmersi\u00f3n limpia con el IST SB-1.<\/span><\/p>\n","protected":false},"excerpt":{"rendered":"<p><span>La boya inflable de alta estabilidad IST SB-1 con bandera para buceadores es un elemento esencial del equipo de seguridad para buceadores. <\/span><\/p>\n","protected":false},"featured_media":24241,"comment_status":"open","ping_status":"closed","template":"","meta":{"iawp_total_views":17,"_joinchat":[]},"product_brand":[],"product_cat":[111],"product_tag":[218],"class_list":{"0":"post-21151","1":"product","2":"type-product","3":"status-publish","4":"has-post-thumbnail","6":"product_cat-tienda-online","7":"product_tag-ist-es","9":"first","10":"instock","11":"taxable","12":"shipping-taxable","13":"purchasable","14":"product-type-simple"},"booking_location":null,"booking_location_type":null,"booking_duration":null,"booking_duration_unit":null,"booking_buffer":null,"booking_cost":null,"booking_resources":null,"_links":{"self":[{"href":"https:\/\/scubapanama.com\/es\/wp-json\/wp\/v2\/product\/21151","targetHints":{"allow":["GET"]}}],"collection":[{"href":"https:\/\/scubapanama.com\/es\/wp-json\/wp\/v2\/product"}],"about":[{"href":"https:\/\/scubapanama.com\/es\/wp-json\/wp\/v2\/types\/product"}],"replies":[{"embeddable":true,"href":"https:\/\/scubapanama.com\/es\/wp-json\/wp\/v2\/comments?post=21151"}],"version-history":[{"count":2,"href":"https:\/\/scubapanama.com\/es\/wp-json\/wp\/v2\/product\/21151\/revisions"}],"predecessor-version":[{"id":26057,"href":"https:\/\/scubapanama.com\/es\/wp-json\/wp\/v2\/product\/21151\/revisions\/26057"}],"wp:featuredmedia":[{"embeddable":true,"href":"https:\/\/scubapanama.com\/es\/wp-json\/wp\/v2\/media\/24241"}],"wp:attachment":[{"href":"https:\/\/scubapanama.com\/es\/wp-json\/wp\/v2\/media?parent=21151"}],"wp:term":[{"taxonomy":"product_brand","embeddable":true,"href":"https:\/\/scubapanama.com\/es\/wp-json\/wp\/v2\/product_brand?post=21151"},{"taxonomy":"product_cat","embeddable":true,"href":"https:\/\/scubapanama.com\/es\/wp-json\/wp\/v2\/product_cat?post=21151"},{"taxonomy":"product_tag","embeddable":true,"href":"https:\/\/scubapanama.com\/es\/wp-json\/wp\/v2\/product_tag?post=21151"}],"curies":[{"name":"wp","href":"https:\/\/api.w.org\/{rel}","templated":true}]}}