{"id":21148,"date":"2025-01-23T01:50:34","date_gmt":"2025-01-23T06:50:34","guid":{"rendered":"https:\/\/scubapanama.com\/product\/ist-sc7-b-gorro-nadador-tela-azul\/"},"modified":"2025-05-09T10:59:45","modified_gmt":"2025-05-09T15:59:45","slug":"ist-sc7-b-gorro-nadador-tela-azul","status":"publish","type":"product","link":"https:\/\/scubapanama.com\/es\/product\/ist-sc7-b-gorro-nadador-tela-azul\/","title":{"rendered":"IST GORRO NADADOR TELA AZUL (SC7-B)"},"content":{"rendered":"<p data-start=\"226\" data-end=\"308\"><strong data-start=\"226\" data-end=\"308\">Dise\u00f1o ergon\u00f3mico y materiales de alta calidad para un ajuste c\u00f3modo y seguro.<\/strong><\/p>\n<p data-start=\"310\" data-end=\"384\"><span class=\"relative -mx-px my-[-0.2rem] rounded px-px py-[0.2rem] transition-colors duration-100 ease-in-out\">El Gorro de Nataci\u00f3n SC7 de IST Diving System est\u00e1 fabricado con una combinaci\u00f3n de tela recubierta de silicona y un interior de spandex, ofreciendo una protecci\u00f3n eficaz contra el cloro y el agua salada, al mismo tiempo que proporciona un ajuste ce\u00f1ido y flexible.<\/span><\/p>\n<p data-start=\"386\" data-end=\"417\"><strong data-start=\"386\" data-end=\"417\">Caracter\u00edsticas destacadas:<\/strong><\/p>\n<ul data-start=\"419\" data-end=\"838\">\n<li data-start=\"419\" data-end=\"531\">\n<p data-start=\"421\" data-end=\"531\"><strong data-start=\"421\" data-end=\"456\">Materiales de alto rendimiento:<\/strong> <span class=\"relative -mx-px my-[-0.2rem] rounded px-px py-[0.2rem] transition-colors duration-100 ease-in-out\">Tela recubierta de silicona para resistencia y durabilidad, con interior de spandex para comodidad y ajuste.<\/span><\/p>\n<\/li>\n<li data-start=\"533\" data-end=\"633\">\n<p data-start=\"535\" data-end=\"633\"><strong data-start=\"535\" data-end=\"556\">Dise\u00f1o anat\u00f3mico:<\/strong> <span class=\"relative -mx-px my-[-0.2rem] rounded px-px py-[0.2rem] transition-colors duration-100 ease-in-out\">Se adapta perfectamente a la forma de la cabeza, reduciendo la resistencia al agua y mejorando el rendimiento en el agua.<\/span><\/p>\n<\/li>\n<li data-start=\"635\" data-end=\"740\">\n<p data-start=\"637\" data-end=\"740\"><strong data-start=\"637\" data-end=\"661\">Colores disponibles:<\/strong> <span class=\"relative -mx-px my-[-0.2rem] rounded px-px py-[0.2rem] transition-colors duration-100 ease-in-out\">Disponible en colores HP y T, permitiendo elegir seg\u00fan el estilo personal.<\/span><\/p>\n<\/li>\n<li data-start=\"742\" data-end=\"838\">\n<p data-start=\"744\" data-end=\"838\"><strong data-start=\"744\" data-end=\"759\">Ideal para:<\/strong> <span class=\"relative -mx-px my-[-0.2rem] rounded px-px py-[0.2rem] transition-colors duration-100 ease-in-out\">Nadadores recreativos y profesionales que buscan un gorro funcional y c\u00f3modo para entrenamientos y competiciones.<\/span><\/p>\n<\/li>\n<\/ul>\n<p data-start=\"840\" data-end=\"918\"><span class=\"relative -mx-px my-[-0.2rem] rounded px-px py-[0.2rem] transition-colors duration-100 ease-in-out\">Este gorro es una excelente opci\u00f3n para quienes buscan calidad y rendimiento en sus accesorios de nataci\u00f3n.<\/span><\/p>\n","protected":false},"excerpt":{"rendered":"<p><strong data-start=\"226\" data-end=\"308\">Dise\u00f1o ergon\u00f3mico y materiales de alta calidad para un ajuste c\u00f3modo y seguro.<\/strong><\/p>\n","protected":false},"featured_media":24202,"comment_status":"open","ping_status":"closed","template":"","meta":{"iawp_total_views":3,"_joinchat":[]},"product_brand":[],"product_cat":[111],"product_tag":[218],"class_list":{"0":"post-21148","1":"product","2":"type-product","3":"status-publish","4":"has-post-thumbnail","6":"product_cat-tienda-online","7":"product_tag-ist-es","9":"first","10":"instock","11":"taxable","12":"shipping-taxable","13":"purchasable","14":"product-type-simple"},"booking_location":null,"booking_location_type":null,"booking_duration":null,"booking_duration_unit":null,"booking_buffer":null,"booking_cost":null,"booking_resources":null,"_links":{"self":[{"href":"https:\/\/scubapanama.com\/es\/wp-json\/wp\/v2\/product\/21148","targetHints":{"allow":["GET"]}}],"collection":[{"href":"https:\/\/scubapanama.com\/es\/wp-json\/wp\/v2\/product"}],"about":[{"href":"https:\/\/scubapanama.com\/es\/wp-json\/wp\/v2\/types\/product"}],"replies":[{"embeddable":true,"href":"https:\/\/scubapanama.com\/es\/wp-json\/wp\/v2\/comments?post=21148"}],"version-history":[{"count":2,"href":"https:\/\/scubapanama.com\/es\/wp-json\/wp\/v2\/product\/21148\/revisions"}],"predecessor-version":[{"id":26047,"href":"https:\/\/scubapanama.com\/es\/wp-json\/wp\/v2\/product\/21148\/revisions\/26047"}],"wp:featuredmedia":[{"embeddable":true,"href":"https:\/\/scubapanama.com\/es\/wp-json\/wp\/v2\/media\/24202"}],"wp:attachment":[{"href":"https:\/\/scubapanama.com\/es\/wp-json\/wp\/v2\/media?parent=21148"}],"wp:term":[{"taxonomy":"product_brand","embeddable":true,"href":"https:\/\/scubapanama.com\/es\/wp-json\/wp\/v2\/product_brand?post=21148"},{"taxonomy":"product_cat","embeddable":true,"href":"https:\/\/scubapanama.com\/es\/wp-json\/wp\/v2\/product_cat?post=21148"},{"taxonomy":"product_tag","embeddable":true,"href":"https:\/\/scubapanama.com\/es\/wp-json\/wp\/v2\/product_tag?post=21148"}],"curies":[{"name":"wp","href":"https:\/\/api.w.org\/{rel}","templated":true}]}}