{"id":21147,"date":"2025-01-23T01:50:33","date_gmt":"2025-01-23T06:50:33","guid":{"rendered":"https:\/\/scubapanama.com\/product\/ist-sb2-tubo-surviballoon\/"},"modified":"2025-05-09T11:07:12","modified_gmt":"2025-05-09T16:07:12","slug":"ist-sb2-tubo-surviballoon","status":"publish","type":"product","link":"https:\/\/scubapanama.com\/es\/product\/ist-sb2-tubo-surviballoon\/","title":{"rendered":"IST TUBO SURVIBALLOON (SB2)"},"content":{"rendered":"<ul>\n<li>Es dif\u00edcil creer que algo tan peque\u00f1o, plegable, plano y compacto pueda inflarse hasta convertirse en algo tan prominente y grande, \u00a1de casi 2 metros de altura! Y aunque est\u00e1 dise\u00f1ado para un solo uso, dependiendo de c\u00f3mo se desinfle, Bang Stick puede usarse m\u00e1s de una vez.<\/li>\n<\/ul>\n<p>&nbsp;<\/p>\n<ul>\n<li style=\"list-style-type: none;\">\n<ul>\n<li>\u00datil para la se\u00f1alizaci\u00f3n de posici\u00f3n<\/li>\n<li>El globo de seguridad se puede inflar oralmente en la superficie o con una pistola de aire conectada a la manguera del BC.<\/li>\n<li>Longitud del globo a 200 cm (78&#8243;)<\/li>\n<\/ul>\n<\/li>\n<\/ul>\n","protected":false},"excerpt":{"rendered":"<p>Es dif\u00edcil creer que algo tan peque\u00f1o, plegable, plano y compacto pueda inflarse hasta convertirse en algo tan prominente y grande.<\/p>\n","protected":false},"featured_media":24246,"comment_status":"open","ping_status":"closed","template":"","meta":{"iawp_total_views":8,"_joinchat":[]},"product_brand":[],"product_cat":[111],"product_tag":[218],"class_list":{"0":"post-21147","1":"product","2":"type-product","3":"status-publish","4":"has-post-thumbnail","6":"product_cat-tienda-online","7":"product_tag-ist-es","9":"first","10":"instock","11":"taxable","12":"shipping-taxable","13":"purchasable","14":"product-type-simple"},"booking_location":null,"booking_location_type":null,"booking_duration":null,"booking_duration_unit":null,"booking_buffer":null,"booking_cost":null,"booking_resources":null,"_links":{"self":[{"href":"https:\/\/scubapanama.com\/es\/wp-json\/wp\/v2\/product\/21147","targetHints":{"allow":["GET"]}}],"collection":[{"href":"https:\/\/scubapanama.com\/es\/wp-json\/wp\/v2\/product"}],"about":[{"href":"https:\/\/scubapanama.com\/es\/wp-json\/wp\/v2\/types\/product"}],"replies":[{"embeddable":true,"href":"https:\/\/scubapanama.com\/es\/wp-json\/wp\/v2\/comments?post=21147"}],"version-history":[{"count":2,"href":"https:\/\/scubapanama.com\/es\/wp-json\/wp\/v2\/product\/21147\/revisions"}],"predecessor-version":[{"id":26053,"href":"https:\/\/scubapanama.com\/es\/wp-json\/wp\/v2\/product\/21147\/revisions\/26053"}],"wp:featuredmedia":[{"embeddable":true,"href":"https:\/\/scubapanama.com\/es\/wp-json\/wp\/v2\/media\/24246"}],"wp:attachment":[{"href":"https:\/\/scubapanama.com\/es\/wp-json\/wp\/v2\/media?parent=21147"}],"wp:term":[{"taxonomy":"product_brand","embeddable":true,"href":"https:\/\/scubapanama.com\/es\/wp-json\/wp\/v2\/product_brand?post=21147"},{"taxonomy":"product_cat","embeddable":true,"href":"https:\/\/scubapanama.com\/es\/wp-json\/wp\/v2\/product_cat?post=21147"},{"taxonomy":"product_tag","embeddable":true,"href":"https:\/\/scubapanama.com\/es\/wp-json\/wp\/v2\/product_tag?post=21147"}],"curies":[{"name":"wp","href":"https:\/\/api.w.org\/{rel}","templated":true}]}}