{"id":21143,"date":"2025-01-23T01:50:35","date_gmt":"2025-01-23T06:50:35","guid":{"rendered":"https:\/\/scubapanama.com\/product\/ist-sn204-cb-esnorquel-seco-azul-claro\/"},"modified":"2025-05-09T10:29:39","modified_gmt":"2025-05-09T15:29:39","slug":"ist-sn204-cb-esnorquel-seco-azul-claro","status":"publish","type":"product","link":"https:\/\/scubapanama.com\/es\/product\/ist-sn204-cb-esnorquel-seco-azul-claro\/","title":{"rendered":"IST ESN\u00d3RQUEL SECO AZUL CLARO (SN204-CB)"},"content":{"rendered":"<p><span>\u2022 TECNOLOG\u00cdA DRY-TOP: Protecci\u00f3n externa contra salpicaduras que evita la entrada de agua en el tubo.<\/span><br \/>\n<span>\u2022 ULTRACOMODIDAD: Boquilla con leng\u00fcetas de mordida para reducir la fatiga mandibular.<\/span><br \/>\n<span>\u2022 TUBO FLEXIBLE: La manguera central corrugada se separa de la cara cuando no se usa.<\/span><br \/>\n<span>\u2022 F\u00c1CIL PURGA: Cuenta con una amplia c\u00e1mara de purga y v\u00e1lvula.<\/span><br \/>\n<span>\u2022 5 DISE\u00d1OS DIVERTIDOS: Disponible en cinco colores deportivos para combinar con tu estilo de buceo.<\/span><\/p>\n","protected":false},"excerpt":{"rendered":"<p><span>Protecci\u00f3n externa contra salpicaduras que evita la entrada de agua en el tubo.<\/span><\/p>\n","protected":false},"featured_media":24177,"comment_status":"open","ping_status":"closed","template":"","meta":{"iawp_total_views":3,"_joinchat":[]},"product_brand":[],"product_cat":[111],"product_tag":[218,154],"class_list":{"0":"post-21143","1":"product","2":"type-product","3":"status-publish","4":"has-post-thumbnail","6":"product_cat-tienda-online","7":"product_tag-ist-es","8":"product_tag-snorkel","10":"first","11":"instock","12":"taxable","13":"shipping-taxable","14":"purchasable","15":"product-type-simple"},"booking_location":null,"booking_location_type":null,"booking_duration":null,"booking_duration_unit":null,"booking_buffer":null,"booking_cost":null,"booking_resources":null,"_links":{"self":[{"href":"https:\/\/scubapanama.com\/es\/wp-json\/wp\/v2\/product\/21143","targetHints":{"allow":["GET"]}}],"collection":[{"href":"https:\/\/scubapanama.com\/es\/wp-json\/wp\/v2\/product"}],"about":[{"href":"https:\/\/scubapanama.com\/es\/wp-json\/wp\/v2\/types\/product"}],"replies":[{"embeddable":true,"href":"https:\/\/scubapanama.com\/es\/wp-json\/wp\/v2\/comments?post=21143"}],"version-history":[{"count":2,"href":"https:\/\/scubapanama.com\/es\/wp-json\/wp\/v2\/product\/21143\/revisions"}],"predecessor-version":[{"id":26027,"href":"https:\/\/scubapanama.com\/es\/wp-json\/wp\/v2\/product\/21143\/revisions\/26027"}],"wp:featuredmedia":[{"embeddable":true,"href":"https:\/\/scubapanama.com\/es\/wp-json\/wp\/v2\/media\/24177"}],"wp:attachment":[{"href":"https:\/\/scubapanama.com\/es\/wp-json\/wp\/v2\/media?parent=21143"}],"wp:term":[{"taxonomy":"product_brand","embeddable":true,"href":"https:\/\/scubapanama.com\/es\/wp-json\/wp\/v2\/product_brand?post=21143"},{"taxonomy":"product_cat","embeddable":true,"href":"https:\/\/scubapanama.com\/es\/wp-json\/wp\/v2\/product_cat?post=21143"},{"taxonomy":"product_tag","embeddable":true,"href":"https:\/\/scubapanama.com\/es\/wp-json\/wp\/v2\/product_tag?post=21143"}],"curies":[{"name":"wp","href":"https:\/\/api.w.org\/{rel}","templated":true}]}}