{"id":21134,"date":"2025-01-23T01:50:53","date_gmt":"2025-01-23T06:50:53","guid":{"rendered":"https:\/\/scubapanama.com\/product\/scubapro-05-011-724-combo-3g-en-l-pgpsi-dgft-fs-1-5n\/"},"modified":"2025-04-23T15:34:34","modified_gmt":"2025-04-23T20:34:34","slug":"scubapro-05-011-724-combo-3g-en-l-pgpsi-dgft-fs-1-5n","status":"publish","type":"product","link":"https:\/\/scubapanama.com\/es\/product\/scubapro-05-011-724-combo-3g-en-l-pgpsi-dgft-fs-1-5n\/","title":{"rendered":"SCUBAPRO COMBO 3G EN L PGPSI DGFT FS-1.5N (05.011.724)"},"content":{"rendered":"<p>Consola de tres man\u00f3metros con man\u00f3metro compacto en caja de pl\u00e1stico, profund\u00edmetro de f\u00e1cil lectura y br\u00fajula FS-1.5. Perfecta para el buceador que valora la comodidad, la precisi\u00f3n y el estilo.<\/p>\n","protected":false},"excerpt":{"rendered":"<p>Consola de tres man\u00f3metros con man\u00f3metro compacto en caja de pl\u00e1stico, profund\u00edmetro de f\u00e1cil lectura y br\u00fajula FS-1.5. Perfecta para el buceador que valora la comodidad, la precisi\u00f3n y el estilo.<\/p>\n","protected":false},"featured_media":22827,"comment_status":"open","ping_status":"closed","template":"","meta":{"iawp_total_views":2,"_joinchat":[]},"product_brand":[],"product_cat":[111],"product_tag":[153],"class_list":{"0":"post-21134","1":"product","2":"type-product","3":"status-publish","4":"has-post-thumbnail","6":"product_cat-tienda-online","7":"product_tag-scubapro-es","9":"first","10":"onbackorder","11":"taxable","12":"shipping-taxable","13":"purchasable","14":"product-type-simple"},"booking_location":null,"booking_location_type":null,"booking_duration":null,"booking_duration_unit":null,"booking_buffer":null,"booking_cost":null,"booking_resources":null,"_links":{"self":[{"href":"https:\/\/scubapanama.com\/es\/wp-json\/wp\/v2\/product\/21134","targetHints":{"allow":["GET"]}}],"collection":[{"href":"https:\/\/scubapanama.com\/es\/wp-json\/wp\/v2\/product"}],"about":[{"href":"https:\/\/scubapanama.com\/es\/wp-json\/wp\/v2\/types\/product"}],"replies":[{"embeddable":true,"href":"https:\/\/scubapanama.com\/es\/wp-json\/wp\/v2\/comments?post=21134"}],"version-history":[{"count":2,"href":"https:\/\/scubapanama.com\/es\/wp-json\/wp\/v2\/product\/21134\/revisions"}],"predecessor-version":[{"id":23221,"href":"https:\/\/scubapanama.com\/es\/wp-json\/wp\/v2\/product\/21134\/revisions\/23221"}],"wp:featuredmedia":[{"embeddable":true,"href":"https:\/\/scubapanama.com\/es\/wp-json\/wp\/v2\/media\/22827"}],"wp:attachment":[{"href":"https:\/\/scubapanama.com\/es\/wp-json\/wp\/v2\/media?parent=21134"}],"wp:term":[{"taxonomy":"product_brand","embeddable":true,"href":"https:\/\/scubapanama.com\/es\/wp-json\/wp\/v2\/product_brand?post=21134"},{"taxonomy":"product_cat","embeddable":true,"href":"https:\/\/scubapanama.com\/es\/wp-json\/wp\/v2\/product_cat?post=21134"},{"taxonomy":"product_tag","embeddable":true,"href":"https:\/\/scubapanama.com\/es\/wp-json\/wp\/v2\/product_tag?post=21134"}],"curies":[{"name":"wp","href":"https:\/\/api.w.org\/{rel}","templated":true}]}}