{"id":21133,"date":"2025-01-23T01:50:58","date_gmt":"2025-01-23T06:50:58","guid":{"rendered":"https:\/\/scubapanama.com\/product\/scubapro-24-847-100-mascara-sperctra-completa-negra\/"},"modified":"2025-04-23T11:45:26","modified_gmt":"2025-04-23T16:45:26","slug":"scubapro-24-847-100-mascara-sperctra-completa-negra","status":"publish","type":"product","link":"https:\/\/scubapanama.com\/es\/product\/scubapro-24-847-100-mascara-sperctra-completa-negra\/","title":{"rendered":"SCUBAPRO M\u00c1SCARA SPERCTRA COMPLETA NEGRA (24.847.100)"},"content":{"rendered":"<p>La incre\u00edble Spectra de doble lente ofrece un amplio campo de visi\u00f3n y un c\u00f3modo sellado hidr\u00f3fugo, adem\u00e1s de contar con un proceso de pintado exclusivo que aporta estilo a la m\u00e1scara. NUEVO. Versi\u00f3n \u00edntegramente negra para uso militar o parabuceadores que prefi eren equipos no coloridos.<\/p>\n","protected":false},"excerpt":{"rendered":"<p>La incre\u00edble Spectra de doble lente ofrece un amplio campo de visi\u00f3n y un c\u00f3modo sellado hidr\u00f3fugo, adem\u00e1s de contar con un proceso de pintado exclusivo que aporta estilo a la m\u00e1scara.<\/p>\n","protected":false},"featured_media":22183,"comment_status":"open","ping_status":"closed","template":"","meta":{"iawp_total_views":0,"_joinchat":[]},"product_brand":[],"product_cat":[111],"product_tag":[166,153],"class_list":{"0":"post-21133","1":"product","2":"type-product","3":"status-publish","4":"has-post-thumbnail","6":"product_cat-tienda-online","7":"product_tag-mascara","8":"product_tag-scubapro-es","10":"first","11":"outofstock","12":"taxable","13":"shipping-taxable","14":"purchasable","15":"product-type-simple"},"booking_location":null,"booking_location_type":null,"booking_duration":null,"booking_duration_unit":null,"booking_buffer":null,"booking_cost":null,"booking_resources":null,"_links":{"self":[{"href":"https:\/\/scubapanama.com\/es\/wp-json\/wp\/v2\/product\/21133","targetHints":{"allow":["GET"]}}],"collection":[{"href":"https:\/\/scubapanama.com\/es\/wp-json\/wp\/v2\/product"}],"about":[{"href":"https:\/\/scubapanama.com\/es\/wp-json\/wp\/v2\/types\/product"}],"replies":[{"embeddable":true,"href":"https:\/\/scubapanama.com\/es\/wp-json\/wp\/v2\/comments?post=21133"}],"version-history":[{"count":3,"href":"https:\/\/scubapanama.com\/es\/wp-json\/wp\/v2\/product\/21133\/revisions"}],"predecessor-version":[{"id":23131,"href":"https:\/\/scubapanama.com\/es\/wp-json\/wp\/v2\/product\/21133\/revisions\/23131"}],"wp:featuredmedia":[{"embeddable":true,"href":"https:\/\/scubapanama.com\/es\/wp-json\/wp\/v2\/media\/22183"}],"wp:attachment":[{"href":"https:\/\/scubapanama.com\/es\/wp-json\/wp\/v2\/media?parent=21133"}],"wp:term":[{"taxonomy":"product_brand","embeddable":true,"href":"https:\/\/scubapanama.com\/es\/wp-json\/wp\/v2\/product_brand?post=21133"},{"taxonomy":"product_cat","embeddable":true,"href":"https:\/\/scubapanama.com\/es\/wp-json\/wp\/v2\/product_cat?post=21133"},{"taxonomy":"product_tag","embeddable":true,"href":"https:\/\/scubapanama.com\/es\/wp-json\/wp\/v2\/product_tag?post=21133"}],"curies":[{"name":"wp","href":"https:\/\/api.w.org\/{rel}","templated":true}]}}