{"id":21132,"date":"2025-01-23T01:50:54","date_gmt":"2025-01-23T06:50:54","guid":{"rendered":"https:\/\/scubapanama.com\/product\/scubapro-10-719-010-mk19-evo-int-1a-etapa\/"},"modified":"2025-04-23T15:26:20","modified_gmt":"2025-04-23T20:26:20","slug":"scubapro-10-719-010-mk19-evo-int-1a-etapa","status":"publish","type":"product","link":"https:\/\/scubapanama.com\/es\/product\/scubapro-10-719-010-mk19-evo-int-1a-etapa\/","title":{"rendered":"SCUBAPRO MK19 EVO INT 1\u00aa ETAPA (10.719.010)"},"content":{"rendered":"<p>Si buceas a profundidad, en aguas fr\u00edas o te encuentras a menudo en fondos limosos, el MK19 EVO\/G260 es el regulador ideal para ti. Si bien no es necesario bucear en aguas poco cristalinas para apreciar este sistema, es una excelente opci\u00f3n para aguas fr\u00edas o condiciones adversas, por lo que los buceadores t\u00e9cnicos y los exploradores de cuevas lo adoran. El compacto MK19 EVO est\u00e1 completamente aislado de los elementos, lo que garantiza un funcionamiento sin problemas sin importar lo fr\u00eda o turbia que est\u00e9 el agua. El G260 es la segunda etapa compensada por aire m\u00e1s imitada de todos los tiempos. Cuenta con componentes internos met\u00e1licos y una opci\u00f3n de conexi\u00f3n de latiguillo izquierdo-derecho, lo que lo convierte en una excelente opci\u00f3n para configuraciones de buceo t\u00e9cnico y en un rendimiento de primera l\u00ednea. Comb\u00ednalos y tendr\u00e1s un ganador.<\/p>\n","protected":false},"excerpt":{"rendered":"<p>Si buceas a profundidad, en aguas fr\u00edas o te encuentras a menudo en fondos limosos, el MK19 EVO\/G260 es el regulador ideal para ti.<\/p>\n","protected":false},"featured_media":22805,"comment_status":"open","ping_status":"closed","template":"","meta":{"iawp_total_views":12,"_joinchat":[]},"product_brand":[],"product_cat":[111],"product_tag":[153],"class_list":{"0":"post-21132","1":"product","2":"type-product","3":"status-publish","4":"has-post-thumbnail","6":"product_cat-tienda-online","7":"product_tag-scubapro-es","9":"first","10":"onbackorder","11":"taxable","12":"shipping-taxable","13":"purchasable","14":"product-type-simple"},"booking_location":null,"booking_location_type":null,"booking_duration":null,"booking_duration_unit":null,"booking_buffer":null,"booking_cost":null,"booking_resources":null,"_links":{"self":[{"href":"https:\/\/scubapanama.com\/es\/wp-json\/wp\/v2\/product\/21132","targetHints":{"allow":["GET"]}}],"collection":[{"href":"https:\/\/scubapanama.com\/es\/wp-json\/wp\/v2\/product"}],"about":[{"href":"https:\/\/scubapanama.com\/es\/wp-json\/wp\/v2\/types\/product"}],"replies":[{"embeddable":true,"href":"https:\/\/scubapanama.com\/es\/wp-json\/wp\/v2\/comments?post=21132"}],"version-history":[{"count":2,"href":"https:\/\/scubapanama.com\/es\/wp-json\/wp\/v2\/product\/21132\/revisions"}],"predecessor-version":[{"id":23214,"href":"https:\/\/scubapanama.com\/es\/wp-json\/wp\/v2\/product\/21132\/revisions\/23214"}],"wp:featuredmedia":[{"embeddable":true,"href":"https:\/\/scubapanama.com\/es\/wp-json\/wp\/v2\/media\/22805"}],"wp:attachment":[{"href":"https:\/\/scubapanama.com\/es\/wp-json\/wp\/v2\/media?parent=21132"}],"wp:term":[{"taxonomy":"product_brand","embeddable":true,"href":"https:\/\/scubapanama.com\/es\/wp-json\/wp\/v2\/product_brand?post=21132"},{"taxonomy":"product_cat","embeddable":true,"href":"https:\/\/scubapanama.com\/es\/wp-json\/wp\/v2\/product_cat?post=21132"},{"taxonomy":"product_tag","embeddable":true,"href":"https:\/\/scubapanama.com\/es\/wp-json\/wp\/v2\/product_tag?post=21132"}],"curies":[{"name":"wp","href":"https:\/\/api.w.org\/{rel}","templated":true}]}}