{"id":21131,"date":"2025-01-23T01:50:59","date_gmt":"2025-01-23T06:50:59","guid":{"rendered":"https:\/\/scubapanama.com\/product\/scubapro-25-324-800-aleta-jet-club-44-45-amarilla\/"},"modified":"2025-04-23T11:01:49","modified_gmt":"2025-04-23T16:01:49","slug":"scubapro-25-324-800-aleta-jet-club-44-45-amarilla","status":"publish","type":"product","link":"https:\/\/scubapanama.com\/es\/product\/scubapro-25-324-800-aleta-jet-club-44-45-amarilla\/","title":{"rendered":"SCUBAPRO ALETA JET CLUB 44-45 AMARILLA (25.324.800)"},"content":{"rendered":"<p>La aleta de calce completo Jet Cub incorpora un calzante ergon\u00f3mico que te permite disfrutar de una comodidad excepcional y un rendimiento de patada impresionante. Su gran pala genera mucha potencia, mientras que su dise\u00f1o ventilado y su construcci\u00f3n de tres materiales maximizan el empuje y la maniobrabilidad, y minimizan la tensi\u00f3n en las piernas.<\/p>\n","protected":false},"excerpt":{"rendered":"<p>La aleta de calce completo Jet Cub incorpora un calzante ergon\u00f3mico que te permite disfrutar de una comodidad excepcional y un rendimiento de patada impresionante.<\/p>\n","protected":false},"featured_media":22472,"comment_status":"open","ping_status":"closed","template":"","meta":{"iawp_total_views":0,"_joinchat":[]},"product_brand":[],"product_cat":[111],"product_tag":[153],"class_list":{"0":"post-21131","1":"product","2":"type-product","3":"status-publish","4":"has-post-thumbnail","6":"product_cat-tienda-online","7":"product_tag-scubapro-es","9":"first","10":"instock","11":"taxable","12":"shipping-taxable","13":"purchasable","14":"product-type-simple"},"booking_location":null,"booking_location_type":null,"booking_duration":null,"booking_duration_unit":null,"booking_buffer":null,"booking_cost":null,"booking_resources":null,"_links":{"self":[{"href":"https:\/\/scubapanama.com\/es\/wp-json\/wp\/v2\/product\/21131","targetHints":{"allow":["GET"]}}],"collection":[{"href":"https:\/\/scubapanama.com\/es\/wp-json\/wp\/v2\/product"}],"about":[{"href":"https:\/\/scubapanama.com\/es\/wp-json\/wp\/v2\/types\/product"}],"replies":[{"embeddable":true,"href":"https:\/\/scubapanama.com\/es\/wp-json\/wp\/v2\/comments?post=21131"}],"version-history":[{"count":2,"href":"https:\/\/scubapanama.com\/es\/wp-json\/wp\/v2\/product\/21131\/revisions"}],"predecessor-version":[{"id":23102,"href":"https:\/\/scubapanama.com\/es\/wp-json\/wp\/v2\/product\/21131\/revisions\/23102"}],"wp:featuredmedia":[{"embeddable":true,"href":"https:\/\/scubapanama.com\/es\/wp-json\/wp\/v2\/media\/22472"}],"wp:attachment":[{"href":"https:\/\/scubapanama.com\/es\/wp-json\/wp\/v2\/media?parent=21131"}],"wp:term":[{"taxonomy":"product_brand","embeddable":true,"href":"https:\/\/scubapanama.com\/es\/wp-json\/wp\/v2\/product_brand?post=21131"},{"taxonomy":"product_cat","embeddable":true,"href":"https:\/\/scubapanama.com\/es\/wp-json\/wp\/v2\/product_cat?post=21131"},{"taxonomy":"product_tag","embeddable":true,"href":"https:\/\/scubapanama.com\/es\/wp-json\/wp\/v2\/product_tag?post=21131"}],"curies":[{"name":"wp","href":"https:\/\/api.w.org\/{rel}","templated":true}]}}