{"id":21129,"date":"2025-01-23T01:51:00","date_gmt":"2025-01-23T06:51:00","guid":{"rendered":"https:\/\/scubapanama.com\/product\/scubapro-25-764-200-go-fin-sport-azul-pequeno\/"},"modified":"2025-04-23T09:25:52","modified_gmt":"2025-04-23T14:25:52","slug":"scubapro-25-764-200-go-fin-sport-azul-pequeno","status":"publish","type":"product","link":"https:\/\/scubapanama.com\/es\/product\/scubapro-25-764-200-go-fin-sport-azul-pequeno\/","title":{"rendered":"SCUBAPRO GO FIN SPORT AZUL PEQUE\u00d1O (25.764.200)"},"content":{"rendered":"<p>El dise\u00f1o \u00abajustable a la bota\u00bb de la nueva aleta GO Sport de SCUBAPRO permite a los buceadores que usan escarpines para moverse en aguas fr\u00edas o acceder a litorales rocosos beneficiarse del demostrado rendimiento de palada de la aleta \u00abajustable al pie\u00bb GO original, ganadora del Tester\u2019s Choice. Ligera pero pr\u00e1cticamente indestructible, esta aleta se mueve de forma r\u00e1pida y \u00e1gil en el agua. Hemos retocado ligeramente la pala original, que ahora incluye puntos de anclaje para quillas que minimizan el deslizamiento lateral y maximizan la estabilidad. La tira el\u00e1stica de tal\u00f3n autoajustable permite un ajuste vers\u00e1til. La tira de tal\u00f3n facilita la colocaci\u00f3n y retirada de la aleta. La GO Sport est\u00e1 dise\u00f1ada para encajar en el equipaje de mano seg\u00fan la normativa IATA, lo que la convierte en una aleta ideal, tanto para viajar como para practicar el buceo local.<\/p>\n","protected":false},"excerpt":{"rendered":"<p>El dise\u00f1o \u00abajustable a la bota\u00bb de la nueva aleta GO Sport de SCUBAPRO permite a los buceadores que usan escarpines para moverse en aguas fr\u00edas o acceder a litorales rocosos beneficiarse del demostrado rendimiento de palada de la aleta \u00abajustable al pie\u00bb GO original, ganadora del Tester\u2019s Choice.<\/p>\n","protected":false},"featured_media":22415,"comment_status":"open","ping_status":"closed","template":"","meta":{"iawp_total_views":0,"_joinchat":[]},"product_brand":[],"product_cat":[111],"product_tag":[153],"class_list":{"0":"post-21129","1":"product","2":"type-product","3":"status-publish","4":"has-post-thumbnail","6":"product_cat-tienda-online","7":"product_tag-scubapro-es","9":"first","10":"instock","11":"taxable","12":"shipping-taxable","13":"purchasable","14":"product-type-simple"},"booking_location":null,"booking_location_type":null,"booking_duration":null,"booking_duration_unit":null,"booking_buffer":null,"booking_cost":null,"booking_resources":null,"_links":{"self":[{"href":"https:\/\/scubapanama.com\/es\/wp-json\/wp\/v2\/product\/21129","targetHints":{"allow":["GET"]}}],"collection":[{"href":"https:\/\/scubapanama.com\/es\/wp-json\/wp\/v2\/product"}],"about":[{"href":"https:\/\/scubapanama.com\/es\/wp-json\/wp\/v2\/types\/product"}],"replies":[{"embeddable":true,"href":"https:\/\/scubapanama.com\/es\/wp-json\/wp\/v2\/comments?post=21129"}],"version-history":[{"count":2,"href":"https:\/\/scubapanama.com\/es\/wp-json\/wp\/v2\/product\/21129\/revisions"}],"predecessor-version":[{"id":23078,"href":"https:\/\/scubapanama.com\/es\/wp-json\/wp\/v2\/product\/21129\/revisions\/23078"}],"wp:featuredmedia":[{"embeddable":true,"href":"https:\/\/scubapanama.com\/es\/wp-json\/wp\/v2\/media\/22415"}],"wp:attachment":[{"href":"https:\/\/scubapanama.com\/es\/wp-json\/wp\/v2\/media?parent=21129"}],"wp:term":[{"taxonomy":"product_brand","embeddable":true,"href":"https:\/\/scubapanama.com\/es\/wp-json\/wp\/v2\/product_brand?post=21129"},{"taxonomy":"product_cat","embeddable":true,"href":"https:\/\/scubapanama.com\/es\/wp-json\/wp\/v2\/product_cat?post=21129"},{"taxonomy":"product_tag","embeddable":true,"href":"https:\/\/scubapanama.com\/es\/wp-json\/wp\/v2\/product_tag?post=21129"}],"curies":[{"name":"wp","href":"https:\/\/api.w.org\/{rel}","templated":true}]}}