{"id":21121,"date":"2025-01-23T01:51:02","date_gmt":"2025-01-23T06:51:02","guid":{"rendered":"https:\/\/scubapanama.com\/product\/scubapro-26-706-220-esnorquel-spectra-transparente-azul\/"},"modified":"2025-04-22T16:14:39","modified_gmt":"2025-04-22T21:14:39","slug":"scubapro-26-706-220-esnorquel-spectra-transparente-azul","status":"publish","type":"product","link":"https:\/\/scubapanama.com\/es\/product\/scubapro-26-706-220-esnorquel-spectra-transparente-azul\/","title":{"rendered":"SCUBAPRO ESN\u00d3RQUEL SPECTRA TRANSPARENTE\/AZUL (26.706.220)"},"content":{"rendered":"<p>Este snorkel es lo m\u00e1ximo en comodidad respiratoria y facilidad de vaciado. El tubo superior de gran calibre es r\u00edgido para mayor estabilidad y permite un amplio flujo de aire, mientras que el tubo inferior corrugado se puede colocar f\u00e1cilmente durante el uso y cuelga cuando no se usa. La parte superior semiseca ayuda a prevenir la entrada de agua, y la v\u00e1lvula de purga ubicada en el punto m\u00e1s bajo facilita la evacuaci\u00f3n del agua que pueda filtrarse.<\/p>\n","protected":false},"excerpt":{"rendered":"<p>Este snorkel es lo m\u00e1ximo en comodidad respiratoria y facilidad de vaciado.<\/p>\n","protected":false},"featured_media":22362,"comment_status":"open","ping_status":"closed","template":"","meta":{"iawp_total_views":5,"_joinchat":[]},"product_brand":[],"product_cat":[111],"product_tag":[153],"class_list":{"0":"post-21121","1":"product","2":"type-product","3":"status-publish","4":"has-post-thumbnail","6":"product_cat-tienda-online","7":"product_tag-scubapro-es","9":"first","10":"instock","11":"taxable","12":"shipping-taxable","13":"purchasable","14":"product-type-simple"},"booking_location":null,"booking_location_type":null,"booking_duration":null,"booking_duration_unit":null,"booking_buffer":null,"booking_cost":null,"booking_resources":null,"_links":{"self":[{"href":"https:\/\/scubapanama.com\/es\/wp-json\/wp\/v2\/product\/21121","targetHints":{"allow":["GET"]}}],"collection":[{"href":"https:\/\/scubapanama.com\/es\/wp-json\/wp\/v2\/product"}],"about":[{"href":"https:\/\/scubapanama.com\/es\/wp-json\/wp\/v2\/types\/product"}],"replies":[{"embeddable":true,"href":"https:\/\/scubapanama.com\/es\/wp-json\/wp\/v2\/comments?post=21121"}],"version-history":[{"count":2,"href":"https:\/\/scubapanama.com\/es\/wp-json\/wp\/v2\/product\/21121\/revisions"}],"predecessor-version":[{"id":23021,"href":"https:\/\/scubapanama.com\/es\/wp-json\/wp\/v2\/product\/21121\/revisions\/23021"}],"wp:featuredmedia":[{"embeddable":true,"href":"https:\/\/scubapanama.com\/es\/wp-json\/wp\/v2\/media\/22362"}],"wp:attachment":[{"href":"https:\/\/scubapanama.com\/es\/wp-json\/wp\/v2\/media?parent=21121"}],"wp:term":[{"taxonomy":"product_brand","embeddable":true,"href":"https:\/\/scubapanama.com\/es\/wp-json\/wp\/v2\/product_brand?post=21121"},{"taxonomy":"product_cat","embeddable":true,"href":"https:\/\/scubapanama.com\/es\/wp-json\/wp\/v2\/product_cat?post=21121"},{"taxonomy":"product_tag","embeddable":true,"href":"https:\/\/scubapanama.com\/es\/wp-json\/wp\/v2\/product_tag?post=21121"}],"curies":[{"name":"wp","href":"https:\/\/api.w.org\/{rel}","templated":true}]}}