{"id":21116,"date":"2025-01-23T01:51:04","date_gmt":"2025-01-23T06:51:04","guid":{"rendered":"https:\/\/scubapanama.com\/product\/scubapro-53-123-230-malla-deportiva-95\/"},"modified":"2025-04-22T14:56:34","modified_gmt":"2025-04-22T19:56:34","slug":"scubapro-53-123-230-malla-deportiva-95","status":"publish","type":"product","link":"https:\/\/scubapanama.com\/es\/product\/scubapro-53-123-230-malla-deportiva-95\/","title":{"rendered":"SCUBAPRO MALLA DEPORTIVA 95 (53.123.230)"},"content":{"rendered":"<p>La nueva Sport Mesh 95 ofrece amplio espacio de carga en una bolsa ligera, f\u00e1cil de transportar y estilo duffel. Fabricada con una combinaci\u00f3n de malla resistente y tela azul denim, su amplio compartimento principal puede albergar f\u00e1cilmente un equipo completo, con un bolsillo interior adicional perfecto para guardar objetos peque\u00f1os. Es ideal para transportar equipo en cruceros de buceo, desde un hotel hasta un barco de buceo o para llevar un equipo completo de buceo.<\/p>\n","protected":false},"excerpt":{"rendered":"<p>La nueva Sport Mesh 95 ofrece amplio espacio de carga en una bolsa ligera, f\u00e1cil de transportar y estilo duffel.<\/p>\n","protected":false},"featured_media":22309,"comment_status":"open","ping_status":"closed","template":"","meta":{"iawp_total_views":4,"_joinchat":[]},"product_brand":[],"product_cat":[111],"product_tag":[153],"class_list":{"0":"post-21116","1":"product","2":"type-product","3":"status-publish","4":"has-post-thumbnail","6":"product_cat-tienda-online","7":"product_tag-scubapro-es","9":"first","10":"onbackorder","11":"taxable","12":"shipping-taxable","13":"purchasable","14":"product-type-simple"},"booking_location":null,"booking_location_type":null,"booking_duration":null,"booking_duration_unit":null,"booking_buffer":null,"booking_cost":null,"booking_resources":null,"_links":{"self":[{"href":"https:\/\/scubapanama.com\/es\/wp-json\/wp\/v2\/product\/21116","targetHints":{"allow":["GET"]}}],"collection":[{"href":"https:\/\/scubapanama.com\/es\/wp-json\/wp\/v2\/product"}],"about":[{"href":"https:\/\/scubapanama.com\/es\/wp-json\/wp\/v2\/types\/product"}],"replies":[{"embeddable":true,"href":"https:\/\/scubapanama.com\/es\/wp-json\/wp\/v2\/comments?post=21116"}],"version-history":[{"count":2,"href":"https:\/\/scubapanama.com\/es\/wp-json\/wp\/v2\/product\/21116\/revisions"}],"predecessor-version":[{"id":22979,"href":"https:\/\/scubapanama.com\/es\/wp-json\/wp\/v2\/product\/21116\/revisions\/22979"}],"wp:featuredmedia":[{"embeddable":true,"href":"https:\/\/scubapanama.com\/es\/wp-json\/wp\/v2\/media\/22309"}],"wp:attachment":[{"href":"https:\/\/scubapanama.com\/es\/wp-json\/wp\/v2\/media?parent=21116"}],"wp:term":[{"taxonomy":"product_brand","embeddable":true,"href":"https:\/\/scubapanama.com\/es\/wp-json\/wp\/v2\/product_brand?post=21116"},{"taxonomy":"product_cat","embeddable":true,"href":"https:\/\/scubapanama.com\/es\/wp-json\/wp\/v2\/product_cat?post=21116"},{"taxonomy":"product_tag","embeddable":true,"href":"https:\/\/scubapanama.com\/es\/wp-json\/wp\/v2\/product_tag?post=21116"}],"curies":[{"name":"wp","href":"https:\/\/api.w.org\/{rel}","templated":true}]}}