{"id":21114,"date":"2025-01-23T01:51:04","date_gmt":"2025-01-23T06:51:04","guid":{"rendered":"https:\/\/scubapanama.com\/product\/scubapro-57-113-400-base-4-0-boot-l\/"},"modified":"2025-04-23T08:43:43","modified_gmt":"2025-04-23T13:43:43","slug":"scubapro-57-113-400-base-4-0-boot-l","status":"publish","type":"product","link":"https:\/\/scubapanama.com\/es\/product\/scubapro-57-113-400-base-4-0-boot-l\/","title":{"rendered":"SCUBAPRO BASE 4.0 BOOT L (57.113.400)"},"content":{"rendered":"<p>La bota con base de 4 mm es econ\u00f3mica y duradera, dise\u00f1ada para buceo en aguas templadas y alquiler. Su suela de goma ligera de nuevo dise\u00f1o es duradera y flexible, adem\u00e1s de ofrecer una eficaz banda de rodadura antideslizante. La protecci\u00f3n de goma en la puntera y el tal\u00f3n ofrece gran protecci\u00f3n sin sacrificar la comodidad. El nuevo logotipo, con c\u00f3digo de colores para diferenciar las tallas, es ideal para operaciones de buceo y alquiler.<\/p>\n","protected":false},"excerpt":{"rendered":"<p>La bota con base de 4 mm es econ\u00f3mica y duradera, dise\u00f1ada para buceo en aguas templadas y alquiler.<\/p>\n","protected":false},"featured_media":22975,"comment_status":"open","ping_status":"closed","template":"","meta":{"iawp_total_views":1,"_joinchat":[]},"product_brand":[],"product_cat":[111],"product_tag":[163,153],"class_list":{"0":"post-21114","1":"product","2":"type-product","3":"status-publish","4":"has-post-thumbnail","6":"product_cat-tienda-online","7":"product_tag-boot","8":"product_tag-scubapro-es","10":"first","11":"instock","12":"taxable","13":"shipping-taxable","14":"purchasable","15":"product-type-simple"},"booking_location":null,"booking_location_type":null,"booking_duration":null,"booking_duration_unit":null,"booking_buffer":null,"booking_cost":null,"booking_resources":null,"_links":{"self":[{"href":"https:\/\/scubapanama.com\/es\/wp-json\/wp\/v2\/product\/21114","targetHints":{"allow":["GET"]}}],"collection":[{"href":"https:\/\/scubapanama.com\/es\/wp-json\/wp\/v2\/product"}],"about":[{"href":"https:\/\/scubapanama.com\/es\/wp-json\/wp\/v2\/types\/product"}],"replies":[{"embeddable":true,"href":"https:\/\/scubapanama.com\/es\/wp-json\/wp\/v2\/comments?post=21114"}],"version-history":[{"count":1,"href":"https:\/\/scubapanama.com\/es\/wp-json\/wp\/v2\/product\/21114\/revisions"}],"predecessor-version":[{"id":22977,"href":"https:\/\/scubapanama.com\/es\/wp-json\/wp\/v2\/product\/21114\/revisions\/22977"}],"wp:featuredmedia":[{"embeddable":true,"href":"https:\/\/scubapanama.com\/es\/wp-json\/wp\/v2\/media\/22975"}],"wp:attachment":[{"href":"https:\/\/scubapanama.com\/es\/wp-json\/wp\/v2\/media?parent=21114"}],"wp:term":[{"taxonomy":"product_brand","embeddable":true,"href":"https:\/\/scubapanama.com\/es\/wp-json\/wp\/v2\/product_brand?post=21114"},{"taxonomy":"product_cat","embeddable":true,"href":"https:\/\/scubapanama.com\/es\/wp-json\/wp\/v2\/product_cat?post=21114"},{"taxonomy":"product_tag","embeddable":true,"href":"https:\/\/scubapanama.com\/es\/wp-json\/wp\/v2\/product_tag?post=21114"}],"curies":[{"name":"wp","href":"https:\/\/api.w.org\/{rel}","templated":true}]}}