{"id":21103,"date":"2025-01-23T01:51:04","date_gmt":"2025-01-23T06:51:04","guid":{"rendered":"https:\/\/scubapanama.com\/product\/scubapro-63-637-400-sport-w-s-2-0-grande\/"},"modified":"2025-04-23T08:42:54","modified_gmt":"2025-04-23T13:42:54","slug":"scubapro-63-637-400-sport-w-s-2-0-grande","status":"publish","type":"product","link":"https:\/\/scubapanama.com\/es\/product\/scubapro-63-637-400-sport-w-s-2-0-grande\/","title":{"rendered":"SCUBAPRO SPORT W.S. 2.0 GRANDE (63.637.400)"},"content":{"rendered":"<p>Este shorty incre\u00edblemente suave ofrece gran calidez, comodidad y elasticidad para buceadores tropicales ocasionales que disfrutan buceando en profundidades moderadas a bajas. Fabricado en neopreno supersuave de 2 mm con forro interior y exterior de poli\u00e9ster, este shorty presenta el corte triatl\u00f3n de Sport Steamers, que permite una gran libertad de movimiento en hombros y axilas. Las mejoras de dise\u00f1o incluyen un elegante dise\u00f1o exterior y colores, y una cremallera trasera de corte vertical. Este shorty es f\u00e1cil de poner y quitar, es el\u00e1stico y c\u00f3modo, se ajusta como una segunda piel y luce de maravilla.Fabricado en neopreno supersuave de 2 mm con forro interior y exterior de poli\u00e9ster, este shorty presenta el corte triatl\u00f3n de Sport Steamers, que permite una gran libertad de movimiento en hombros y axilas. Las mejoras de dise\u00f1o incluyen un elegante dise\u00f1o exterior y colores, y una cremallera trasera de corte vertical. Este shorty es f\u00e1cil de poner y quitar, es el\u00e1stico y c\u00f3modo, se ajusta como una segunda piel y luce de maravilla.<\/p>\n","protected":false},"excerpt":{"rendered":"<p>Este shorty incre\u00edblemente suave ofrece gran calidez, comodidad y elasticidad para buceadores tropicales ocasionales que disfrutan buceando en profundidades moderadas a bajas.<\/p>\n","protected":false},"featured_media":22964,"comment_status":"open","ping_status":"closed","template":"","meta":{"iawp_total_views":0,"_joinchat":[]},"product_brand":[],"product_cat":[111],"product_tag":[153,159],"class_list":{"0":"post-21103","1":"product","2":"type-product","3":"status-publish","4":"has-post-thumbnail","6":"product_cat-tienda-online","7":"product_tag-scubapro-es","8":"product_tag-traje","10":"first","11":"instock","12":"taxable","13":"shipping-taxable","14":"purchasable","15":"product-type-simple"},"booking_location":null,"booking_location_type":null,"booking_duration":null,"booking_duration_unit":null,"booking_buffer":null,"booking_cost":null,"booking_resources":null,"_links":{"self":[{"href":"https:\/\/scubapanama.com\/es\/wp-json\/wp\/v2\/product\/21103","targetHints":{"allow":["GET"]}}],"collection":[{"href":"https:\/\/scubapanama.com\/es\/wp-json\/wp\/v2\/product"}],"about":[{"href":"https:\/\/scubapanama.com\/es\/wp-json\/wp\/v2\/types\/product"}],"replies":[{"embeddable":true,"href":"https:\/\/scubapanama.com\/es\/wp-json\/wp\/v2\/comments?post=21103"}],"version-history":[{"count":2,"href":"https:\/\/scubapanama.com\/es\/wp-json\/wp\/v2\/product\/21103\/revisions"}],"predecessor-version":[{"id":22966,"href":"https:\/\/scubapanama.com\/es\/wp-json\/wp\/v2\/product\/21103\/revisions\/22966"}],"wp:featuredmedia":[{"embeddable":true,"href":"https:\/\/scubapanama.com\/es\/wp-json\/wp\/v2\/media\/22964"}],"wp:attachment":[{"href":"https:\/\/scubapanama.com\/es\/wp-json\/wp\/v2\/media?parent=21103"}],"wp:term":[{"taxonomy":"product_brand","embeddable":true,"href":"https:\/\/scubapanama.com\/es\/wp-json\/wp\/v2\/product_brand?post=21103"},{"taxonomy":"product_cat","embeddable":true,"href":"https:\/\/scubapanama.com\/es\/wp-json\/wp\/v2\/product_cat?post=21103"},{"taxonomy":"product_tag","embeddable":true,"href":"https:\/\/scubapanama.com\/es\/wp-json\/wp\/v2\/product_tag?post=21103"}],"curies":[{"name":"wp","href":"https:\/\/api.w.org\/{rel}","templated":true}]}}