{"id":21073,"date":"2025-01-23T01:51:05","date_gmt":"2025-01-23T06:51:05","guid":{"rendered":"https:\/\/scubapanama.com\/product\/scubapro-63-647-300-traje-sport-3-0-mm-mns-azul-medio\/"},"modified":"2025-04-22T14:58:15","modified_gmt":"2025-04-22T19:58:15","slug":"scubapro-63-647-300-traje-sport-3-0-mm-mns-azul-medio","status":"publish","type":"product","link":"https:\/\/scubapanama.com\/es\/product\/scubapro-63-647-300-traje-sport-3-0-mm-mns-azul-medio\/","title":{"rendered":"SCUBAPRO TRAJE SPORT 3.0 MM MNS AZUL MEDIO (63.647.300)"},"content":{"rendered":"<p>Dise\u00f1ado con neopreno de 5 mm, este traje de neopreno ofrece una protecci\u00f3n t\u00e9rmica superior, asegurando el calor durante las inmersiones en agua fr\u00eda al tiempo que permite flexibilidad y comodidad para la exploraci\u00f3n submarina prolongada.<\/p>\n","protected":false},"excerpt":{"rendered":"<p>Dise\u00f1ado con neopreno de 5 mm, este traje de neopreno ofrece una protecci\u00f3n t\u00e9rmica superior, asegurando el calor durante las inmersiones en agua fr\u00eda al tiempo que permite flexibilidad y comodidad para la exploraci\u00f3n submarina prolongada.<\/p>\n","protected":false},"featured_media":22293,"comment_status":"open","ping_status":"closed","template":"","meta":{"iawp_total_views":5,"_joinchat":[]},"product_brand":[],"product_cat":[111],"product_tag":[153,159],"class_list":{"0":"post-21073","1":"product","2":"type-product","3":"status-publish","4":"has-post-thumbnail","6":"product_cat-tienda-online","7":"product_tag-scubapro-es","8":"product_tag-traje","10":"first","11":"outofstock","12":"taxable","13":"shipping-taxable","14":"purchasable","15":"product-type-simple"},"booking_location":null,"booking_location_type":null,"booking_duration":null,"booking_duration_unit":null,"booking_buffer":null,"booking_cost":null,"booking_resources":null,"_links":{"self":[{"href":"https:\/\/scubapanama.com\/es\/wp-json\/wp\/v2\/product\/21073","targetHints":{"allow":["GET"]}}],"collection":[{"href":"https:\/\/scubapanama.com\/es\/wp-json\/wp\/v2\/product"}],"about":[{"href":"https:\/\/scubapanama.com\/es\/wp-json\/wp\/v2\/types\/product"}],"replies":[{"embeddable":true,"href":"https:\/\/scubapanama.com\/es\/wp-json\/wp\/v2\/comments?post=21073"}],"version-history":[{"count":2,"href":"https:\/\/scubapanama.com\/es\/wp-json\/wp\/v2\/product\/21073\/revisions"}],"predecessor-version":[{"id":22947,"href":"https:\/\/scubapanama.com\/es\/wp-json\/wp\/v2\/product\/21073\/revisions\/22947"}],"wp:featuredmedia":[{"embeddable":true,"href":"https:\/\/scubapanama.com\/es\/wp-json\/wp\/v2\/media\/22293"}],"wp:attachment":[{"href":"https:\/\/scubapanama.com\/es\/wp-json\/wp\/v2\/media?parent=21073"}],"wp:term":[{"taxonomy":"product_brand","embeddable":true,"href":"https:\/\/scubapanama.com\/es\/wp-json\/wp\/v2\/product_brand?post=21073"},{"taxonomy":"product_cat","embeddable":true,"href":"https:\/\/scubapanama.com\/es\/wp-json\/wp\/v2\/product_cat?post=21073"},{"taxonomy":"product_tag","embeddable":true,"href":"https:\/\/scubapanama.com\/es\/wp-json\/wp\/v2\/product_tag?post=21073"}],"curies":[{"name":"wp","href":"https:\/\/api.w.org\/{rel}","templated":true}]}}