{"id":21071,"date":"2025-01-23T01:51:06","date_gmt":"2025-01-23T06:51:06","guid":{"rendered":"https:\/\/scubapanama.com\/product\/scubapro-63-648-400-traje-sport-3-0-mm-mns-grande-negro-amarillo\/"},"modified":"2025-04-22T12:35:51","modified_gmt":"2025-04-22T17:35:51","slug":"scubapro-63-648-400-traje-sport-3-0-mm-mns-grande-negro-amarillo","status":"publish","type":"product","link":"https:\/\/scubapanama.com\/es\/product\/scubapro-63-648-400-traje-sport-3-0-mm-mns-grande-negro-amarillo\/","title":{"rendered":"SCUBAPRO TRAJE SPORT 3.0 MM MNS GRANDE NEGRO\/AMARILLO (63.648.400)"},"content":{"rendered":"<p>Este traje de neopreno ultra c\u00f3modo de 3 mm de nueva generaci\u00f3n se ha incorporado a la familia de trajes Sport. Dise\u00f1ado para buceadores noveles, buceadores ocasionales y quienes compran por primera vez un traje y disfrutan del buceo en aguas c\u00e1lidas a profundidades moderadas a bajas, el Sport 3 mm est\u00e1 fabricado con neopreno extremadamente suave y flexible y presenta un corte de triatl\u00f3n. Esto permite una mayor libertad de movimiento en hombros y brazos, ofreciendo m\u00e1xima libertad de movimiento tanto en la embarcaci\u00f3n como en el agua. El traje cuenta con costuras planas, cremallera trasera vertical y un c\u00f3modo interior de felpa en los pu\u00f1os. Es f\u00e1cil de poner y quitar, se adapta como una segunda piel y luce genial.<\/p>\n","protected":false},"excerpt":{"rendered":"<p>Este traje de neopreno ultra c\u00f3modo de 3 mm de nueva generaci\u00f3n se ha incorporado a la familia de trajes Sport.<\/p>\n","protected":false},"featured_media":22201,"comment_status":"open","ping_status":"closed","template":"","meta":{"iawp_total_views":19,"_joinchat":[]},"product_brand":[],"product_cat":[111],"product_tag":[153],"class_list":{"0":"post-21071","1":"product","2":"type-product","3":"status-publish","4":"has-post-thumbnail","6":"product_cat-tienda-online","7":"product_tag-scubapro-es","9":"first","10":"onbackorder","11":"taxable","12":"shipping-taxable","13":"purchasable","14":"product-type-simple"},"booking_location":null,"booking_location_type":null,"booking_duration":null,"booking_duration_unit":null,"booking_buffer":null,"booking_cost":null,"booking_resources":null,"_links":{"self":[{"href":"https:\/\/scubapanama.com\/es\/wp-json\/wp\/v2\/product\/21071","targetHints":{"allow":["GET"]}}],"collection":[{"href":"https:\/\/scubapanama.com\/es\/wp-json\/wp\/v2\/product"}],"about":[{"href":"https:\/\/scubapanama.com\/es\/wp-json\/wp\/v2\/types\/product"}],"replies":[{"embeddable":true,"href":"https:\/\/scubapanama.com\/es\/wp-json\/wp\/v2\/comments?post=21071"}],"version-history":[{"count":2,"href":"https:\/\/scubapanama.com\/es\/wp-json\/wp\/v2\/product\/21071\/revisions"}],"predecessor-version":[{"id":22943,"href":"https:\/\/scubapanama.com\/es\/wp-json\/wp\/v2\/product\/21071\/revisions\/22943"}],"wp:featuredmedia":[{"embeddable":true,"href":"https:\/\/scubapanama.com\/es\/wp-json\/wp\/v2\/media\/22201"}],"wp:attachment":[{"href":"https:\/\/scubapanama.com\/es\/wp-json\/wp\/v2\/media?parent=21071"}],"wp:term":[{"taxonomy":"product_brand","embeddable":true,"href":"https:\/\/scubapanama.com\/es\/wp-json\/wp\/v2\/product_brand?post=21071"},{"taxonomy":"product_cat","embeddable":true,"href":"https:\/\/scubapanama.com\/es\/wp-json\/wp\/v2\/product_cat?post=21071"},{"taxonomy":"product_tag","embeddable":true,"href":"https:\/\/scubapanama.com\/es\/wp-json\/wp\/v2\/product_tag?post=21071"}],"curies":[{"name":"wp","href":"https:\/\/api.w.org\/{rel}","templated":true}]}}