{"id":21069,"date":"2025-01-23T01:51:06","date_gmt":"2025-01-23T06:51:06","guid":{"rendered":"https:\/\/scubapanama.com\/product\/scubapro-63-648-500-traje-sport-3-0-mm-mns-x-grande-blk-yell\/"},"modified":"2025-04-22T09:59:42","modified_gmt":"2025-04-22T14:59:42","slug":"scubapro-63-648-500-traje-sport-3-0-mm-mns-x-grande-blk-yell","status":"publish","type":"product","link":"https:\/\/scubapanama.com\/es\/product\/scubapro-63-648-500-traje-sport-3-0-mm-mns-x-grande-blk-yell\/","title":{"rendered":"SCUBAPRO TRAJE SPORT 3.0 MM MNS X-GRANDE BLK\/YELL (63.648.500)"},"content":{"rendered":"<p>Este traje deportivo de 5 mm de nueva generaci\u00f3n se ha actualizado con nuevas caracter\u00edsticas y una imagen renovada. Es una excelente opci\u00f3n para buceadores noveles, buceadores ocasionales y quienes compran por primera vez un traje y disfrutan del buceo tranquilo en aguas c\u00e1lidas a profundidades moderadas a bajas. El Sport 5 mm est\u00e1 fabricado con neopreno Surf Foam supersuave y presenta un corte de triatl\u00f3n que permite una gran libertad de movimiento en hombros y brazos, tanto en la embarcaci\u00f3n como en el agua. Las mejoras de dise\u00f1o incluyen un nuevo estilo y colores exteriores, una cremallera trasera de corte vertical, cremalleras en mu\u00f1ecas y tobillos, y un gancho para la capucha en la cadera derecha. Este traje es f\u00e1cil de poner y quitar, es el\u00e1stico y c\u00f3modo, se ajusta como una segunda piel y luce de maravilla.<\/p>\n","protected":false},"excerpt":{"rendered":"<p>Este traje deportivo de 5 mm de nueva generaci\u00f3n se ha actualizado con nuevas caracter\u00edsticas y una imagen renovada.<\/p>\n","protected":false},"featured_media":22201,"comment_status":"open","ping_status":"closed","template":"","meta":{"iawp_total_views":0,"_joinchat":[]},"product_brand":[],"product_cat":[111],"product_tag":[153],"class_list":{"0":"post-21069","1":"product","2":"type-product","3":"status-publish","4":"has-post-thumbnail","6":"product_cat-tienda-online","7":"product_tag-scubapro-es","9":"first","10":"onbackorder","11":"taxable","12":"shipping-taxable","13":"purchasable","14":"product-type-simple"},"booking_location":null,"booking_location_type":null,"booking_duration":null,"booking_duration_unit":null,"booking_buffer":null,"booking_cost":null,"booking_resources":null,"_links":{"self":[{"href":"https:\/\/scubapanama.com\/es\/wp-json\/wp\/v2\/product\/21069","targetHints":{"allow":["GET"]}}],"collection":[{"href":"https:\/\/scubapanama.com\/es\/wp-json\/wp\/v2\/product"}],"about":[{"href":"https:\/\/scubapanama.com\/es\/wp-json\/wp\/v2\/types\/product"}],"replies":[{"embeddable":true,"href":"https:\/\/scubapanama.com\/es\/wp-json\/wp\/v2\/comments?post=21069"}],"version-history":[{"count":3,"href":"https:\/\/scubapanama.com\/es\/wp-json\/wp\/v2\/product\/21069\/revisions"}],"predecessor-version":[{"id":22930,"href":"https:\/\/scubapanama.com\/es\/wp-json\/wp\/v2\/product\/21069\/revisions\/22930"}],"wp:featuredmedia":[{"embeddable":true,"href":"https:\/\/scubapanama.com\/es\/wp-json\/wp\/v2\/media\/22201"}],"wp:attachment":[{"href":"https:\/\/scubapanama.com\/es\/wp-json\/wp\/v2\/media?parent=21069"}],"wp:term":[{"taxonomy":"product_brand","embeddable":true,"href":"https:\/\/scubapanama.com\/es\/wp-json\/wp\/v2\/product_brand?post=21069"},{"taxonomy":"product_cat","embeddable":true,"href":"https:\/\/scubapanama.com\/es\/wp-json\/wp\/v2\/product_cat?post=21069"},{"taxonomy":"product_tag","embeddable":true,"href":"https:\/\/scubapanama.com\/es\/wp-json\/wp\/v2\/product_tag?post=21069"}],"curies":[{"name":"wp","href":"https:\/\/api.w.org\/{rel}","templated":true}]}}