{"id":21068,"date":"2025-01-23T01:51:05","date_gmt":"2025-01-23T06:51:05","guid":{"rendered":"https:\/\/scubapanama.com\/product\/scubapro-63-647-600-traje-sport-3-0mm-mns-2x-grande-azul\/"},"modified":"2025-04-22T12:48:19","modified_gmt":"2025-04-22T17:48:19","slug":"scubapro-63-647-600-traje-sport-3-0mm-mns-2x-grande-azul","status":"publish","type":"product","link":"https:\/\/scubapanama.com\/es\/product\/scubapro-63-647-600-traje-sport-3-0mm-mns-2x-grande-azul\/","title":{"rendered":"SCUBAPRO TRAJE SPORT 3.0MM MNS 2X-GRANDE AZUL (63.647.600)"},"content":{"rendered":"<p>Dise\u00f1ado con neopreno de 5 mm, este traje de neopreno ofrece una protecci\u00f3n t\u00e9rmica superior, asegurando el calor durante las inmersiones en agua fr\u00eda al tiempo que permite flexibilidad y comodidad para la exploraci\u00f3n submarina prolongada.<\/p>\n","protected":false},"excerpt":{"rendered":"<p>Este traje de neopreno ofrece una protecci\u00f3n t\u00e9rmica superior, asegurando el calor durante las inmersiones en agua fr\u00eda al tiempo que permite flexibilidad y comodidad para la exploraci\u00f3n submarina prolongada.<\/p>\n","protected":false},"featured_media":22293,"comment_status":"open","ping_status":"closed","template":"","meta":{"iawp_total_views":1,"_joinchat":[]},"product_brand":[],"product_cat":[111],"product_tag":[153],"class_list":{"0":"post-21068","1":"product","2":"type-product","3":"status-publish","4":"has-post-thumbnail","6":"product_cat-tienda-online","7":"product_tag-scubapro-es","9":"first","10":"onbackorder","11":"taxable","12":"shipping-taxable","13":"purchasable","14":"product-type-simple"},"booking_location":null,"booking_location_type":null,"booking_duration":null,"booking_duration_unit":null,"booking_buffer":null,"booking_cost":null,"booking_resources":null,"_links":{"self":[{"href":"https:\/\/scubapanama.com\/es\/wp-json\/wp\/v2\/product\/21068","targetHints":{"allow":["GET"]}}],"collection":[{"href":"https:\/\/scubapanama.com\/es\/wp-json\/wp\/v2\/product"}],"about":[{"href":"https:\/\/scubapanama.com\/es\/wp-json\/wp\/v2\/types\/product"}],"replies":[{"embeddable":true,"href":"https:\/\/scubapanama.com\/es\/wp-json\/wp\/v2\/comments?post=21068"}],"version-history":[{"count":3,"href":"https:\/\/scubapanama.com\/es\/wp-json\/wp\/v2\/product\/21068\/revisions"}],"predecessor-version":[{"id":22935,"href":"https:\/\/scubapanama.com\/es\/wp-json\/wp\/v2\/product\/21068\/revisions\/22935"}],"wp:featuredmedia":[{"embeddable":true,"href":"https:\/\/scubapanama.com\/es\/wp-json\/wp\/v2\/media\/22293"}],"wp:attachment":[{"href":"https:\/\/scubapanama.com\/es\/wp-json\/wp\/v2\/media?parent=21068"}],"wp:term":[{"taxonomy":"product_brand","embeddable":true,"href":"https:\/\/scubapanama.com\/es\/wp-json\/wp\/v2\/product_brand?post=21068"},{"taxonomy":"product_cat","embeddable":true,"href":"https:\/\/scubapanama.com\/es\/wp-json\/wp\/v2\/product_cat?post=21068"},{"taxonomy":"product_tag","embeddable":true,"href":"https:\/\/scubapanama.com\/es\/wp-json\/wp\/v2\/product_tag?post=21068"}],"curies":[{"name":"wp","href":"https:\/\/api.w.org\/{rel}","templated":true}]}}