{"id":21064,"date":"2025-01-23T01:51:06","date_gmt":"2025-01-23T06:51:06","guid":{"rendered":"https:\/\/scubapanama.com\/product\/scubapro-63-648-200-sport-3-0-stmrg-2mn-s\/"},"modified":"2025-04-22T09:39:52","modified_gmt":"2025-04-22T14:39:52","slug":"scubapro-63-648-200-sport-3-0-stmrg-2mn-s","status":"publish","type":"product","link":"https:\/\/scubapanama.com\/es\/product\/scubapro-63-648-200-sport-3-0-stmrg-2mn-s\/","title":{"rendered":"SCUBAPRO SPORT 3.0 STMRG 2MN S (63.648.200)"},"content":{"rendered":"<p>En Definici\u00f3n 3mm ofrece un nivel de calidez y comodidad que cualquier buceador de aguas c\u00e1lidas adorar\u00e1. Est\u00e1 fabricado con el sistema Body Map de SCUBAPRO, un m\u00e9todo de fabricaci\u00f3n que utiliza un corte 3D, una confecci\u00f3n especial e inserciones de material para crear un traje que se ajusta como un guante, proporciona elasticidad adicional donde m\u00e1s se necesita y ofrece excelente calidez, comodidad y durabilidad. Su construcci\u00f3n N2S (nailon de dos caras) de eficacia probada ofrece el nivel perfecto de calidez y comodidad para el buceo en aguas c\u00e1lidas. El forro interior de vell\u00f3n infrarrojo refleja el calor corporal para aumentar a\u00fan m\u00e1s la calidez, adem\u00e1s de ser extremadamente c\u00f3modo en contacto con la piel. Es la protecci\u00f3n t\u00e9rmica perfecta para cualquier buceador.<\/p>\n","protected":false},"excerpt":{"rendered":"<p>En Definici\u00f3n 3mm ofrece un nivel de calidez y comodidad que cualquier buceador de aguas c\u00e1lidas adorar\u00e1.<\/p>\n","protected":false},"featured_media":22201,"comment_status":"open","ping_status":"closed","template":"","meta":{"iawp_total_views":3,"_joinchat":[]},"product_brand":[],"product_cat":[111],"product_tag":[153],"class_list":{"0":"post-21064","1":"product","2":"type-product","3":"status-publish","4":"has-post-thumbnail","6":"product_cat-tienda-online","7":"product_tag-scubapro-es","9":"first","10":"onbackorder","11":"taxable","12":"shipping-taxable","13":"purchasable","14":"product-type-simple"},"booking_location":null,"booking_location_type":null,"booking_duration":null,"booking_duration_unit":null,"booking_buffer":null,"booking_cost":null,"booking_resources":null,"_links":{"self":[{"href":"https:\/\/scubapanama.com\/es\/wp-json\/wp\/v2\/product\/21064","targetHints":{"allow":["GET"]}}],"collection":[{"href":"https:\/\/scubapanama.com\/es\/wp-json\/wp\/v2\/product"}],"about":[{"href":"https:\/\/scubapanama.com\/es\/wp-json\/wp\/v2\/types\/product"}],"replies":[{"embeddable":true,"href":"https:\/\/scubapanama.com\/es\/wp-json\/wp\/v2\/comments?post=21064"}],"version-history":[{"count":4,"href":"https:\/\/scubapanama.com\/es\/wp-json\/wp\/v2\/product\/21064\/revisions"}],"predecessor-version":[{"id":22923,"href":"https:\/\/scubapanama.com\/es\/wp-json\/wp\/v2\/product\/21064\/revisions\/22923"}],"wp:featuredmedia":[{"embeddable":true,"href":"https:\/\/scubapanama.com\/es\/wp-json\/wp\/v2\/media\/22201"}],"wp:attachment":[{"href":"https:\/\/scubapanama.com\/es\/wp-json\/wp\/v2\/media?parent=21064"}],"wp:term":[{"taxonomy":"product_brand","embeddable":true,"href":"https:\/\/scubapanama.com\/es\/wp-json\/wp\/v2\/product_brand?post=21064"},{"taxonomy":"product_cat","embeddable":true,"href":"https:\/\/scubapanama.com\/es\/wp-json\/wp\/v2\/product_cat?post=21064"},{"taxonomy":"product_tag","embeddable":true,"href":"https:\/\/scubapanama.com\/es\/wp-json\/wp\/v2\/product_tag?post=21064"}],"curies":[{"name":"wp","href":"https:\/\/api.w.org\/{rel}","templated":true}]}}