{"id":21058,"date":"2025-01-23T01:51:07","date_gmt":"2025-01-23T06:51:07","guid":{"rendered":"https:\/\/scubapanama.com\/product\/conjunto-combinado-scubapro-mk11-c370-095-gp500\/"},"modified":"2025-04-23T15:45:30","modified_gmt":"2025-04-23T20:45:30","slug":"conjunto-combinado-scubapro-mk11-c370-095-gp500","status":"publish","type":"product","link":"https:\/\/scubapanama.com\/es\/product\/conjunto-combinado-scubapro-mk11-c370-095-gp500\/","title":{"rendered":"CONJUNTO COMBINADO SCUBAPRO MK11\/C370\/095\/GP500"},"content":{"rendered":"<p>Evocando el dise\u00f1o distintivo de la cl\u00e1sica segunda etapa G250 de SCUBAPRO, estos carretes giratorios premium son extremadamente f\u00e1ciles de usar. La clave de su facilidad de uso reside en los exclusivos discos giratorios de SCUBAPRO, ubicados en el centro del carrete, que permiten que los discos permanezcan est\u00e1ticos mientras el carrete gira y se desenrolla la l\u00ednea.<\/p>\n","protected":false},"excerpt":{"rendered":"<p>Evocando el dise\u00f1o distintivo de la cl\u00e1sica segunda etapa G250 de SCUBAPRO, estos carretes giratorios premium son extremadamente f\u00e1ciles de usar.<\/p>\n","protected":false},"featured_media":23227,"comment_status":"closed","ping_status":"closed","template":"","meta":{"iawp_total_views":10,"_joinchat":[]},"product_brand":[],"product_cat":[111],"product_tag":[153],"class_list":{"0":"post-21058","1":"product","2":"type-product","3":"status-publish","4":"has-post-thumbnail","6":"product_cat-tienda-online","7":"product_tag-scubapro-es","9":"first","10":"outofstock","11":"taxable","12":"shipping-taxable","13":"purchasable","14":"product-type-simple"},"booking_location":null,"booking_location_type":null,"booking_duration":null,"booking_duration_unit":null,"booking_buffer":null,"booking_cost":null,"booking_resources":null,"_links":{"self":[{"href":"https:\/\/scubapanama.com\/es\/wp-json\/wp\/v2\/product\/21058","targetHints":{"allow":["GET"]}}],"collection":[{"href":"https:\/\/scubapanama.com\/es\/wp-json\/wp\/v2\/product"}],"about":[{"href":"https:\/\/scubapanama.com\/es\/wp-json\/wp\/v2\/types\/product"}],"replies":[{"embeddable":true,"href":"https:\/\/scubapanama.com\/es\/wp-json\/wp\/v2\/comments?post=21058"}],"version-history":[{"count":2,"href":"https:\/\/scubapanama.com\/es\/wp-json\/wp\/v2\/product\/21058\/revisions"}],"predecessor-version":[{"id":23229,"href":"https:\/\/scubapanama.com\/es\/wp-json\/wp\/v2\/product\/21058\/revisions\/23229"}],"wp:featuredmedia":[{"embeddable":true,"href":"https:\/\/scubapanama.com\/es\/wp-json\/wp\/v2\/media\/23227"}],"wp:attachment":[{"href":"https:\/\/scubapanama.com\/es\/wp-json\/wp\/v2\/media?parent=21058"}],"wp:term":[{"taxonomy":"product_brand","embeddable":true,"href":"https:\/\/scubapanama.com\/es\/wp-json\/wp\/v2\/product_brand?post=21058"},{"taxonomy":"product_cat","embeddable":true,"href":"https:\/\/scubapanama.com\/es\/wp-json\/wp\/v2\/product_cat?post=21058"},{"taxonomy":"product_tag","embeddable":true,"href":"https:\/\/scubapanama.com\/es\/wp-json\/wp\/v2\/product_tag?post=21058"}],"curies":[{"name":"wp","href":"https:\/\/api.w.org\/{rel}","templated":true}]}}