{"id":21057,"date":"2025-01-23T01:51:07","date_gmt":"2025-01-23T06:51:07","guid":{"rendered":"https:\/\/scubapanama.com\/product\/scubarpo-28-014-920-consola-2-imperial\/"},"modified":"2025-05-13T11:38:36","modified_gmt":"2025-05-13T16:38:36","slug":"scubarpo-28-014-920-consola-2-imperial","status":"publish","type":"product","link":"https:\/\/scubapanama.com\/es\/product\/scubarpo-28-014-920-consola-2-imperial\/","title":{"rendered":"SCUBARPO CONSOLA-2 IMPERIAL (28.014.920)"},"content":{"rendered":"<p>Combine los dos instrumentos de datos de buceo m\u00e1s importantes en un \u00fanico dise\u00f1o ergon\u00f3mico y compacto con la consola SCUBAPRO de 2 man\u00f3metros. Alojado en una caja de lat\u00f3n, este man\u00f3metro compacto ofrece lecturas de 0 a 5000 psi (0 a 345 bar). Un profund\u00edmetro est\u00e1ndar mide la profundidad hasta 45 metros e incluye un indicador de profundidad m\u00e1xima (de aire) o ajuste de altitud. Conecte f\u00e1cilmente la consola a un retractor mediante el ojal moldeado en la funda. Con el objetivo de innovar y mejorar constantemente la experiencia de buceo, SCUBAPRO fabrica equipos de alta calidad para el trabajo, el deporte y el estilo de vida de quienes buscan la pasi\u00f3n bajo el agua. Utiliza medidas imperiales; pesa 0,6 kg; tiene un a\u00f1o de garant\u00eda.<\/p>\n","protected":false},"excerpt":{"rendered":"<p>Combine los dos instrumentos de datos de buceo m\u00e1s importantes en un \u00fanico dise\u00f1o ergon\u00f3mico y compacto con la consola SCUBAPRO de 2 man\u00f3metros.<\/p>\n","protected":false},"featured_media":26930,"comment_status":"open","ping_status":"closed","template":"","meta":{"iawp_total_views":3,"_joinchat":[]},"product_brand":[],"product_cat":[111],"product_tag":[153],"class_list":{"0":"post-21057","1":"product","2":"type-product","3":"status-publish","4":"has-post-thumbnail","6":"product_cat-tienda-online","7":"product_tag-scubapro-es","9":"first","10":"instock","11":"taxable","12":"shipping-taxable","13":"purchasable","14":"product-type-simple"},"booking_location":null,"booking_location_type":null,"booking_duration":null,"booking_duration_unit":null,"booking_buffer":null,"booking_cost":null,"booking_resources":null,"_links":{"self":[{"href":"https:\/\/scubapanama.com\/es\/wp-json\/wp\/v2\/product\/21057","targetHints":{"allow":["GET"]}}],"collection":[{"href":"https:\/\/scubapanama.com\/es\/wp-json\/wp\/v2\/product"}],"about":[{"href":"https:\/\/scubapanama.com\/es\/wp-json\/wp\/v2\/types\/product"}],"replies":[{"embeddable":true,"href":"https:\/\/scubapanama.com\/es\/wp-json\/wp\/v2\/comments?post=21057"}],"version-history":[{"count":4,"href":"https:\/\/scubapanama.com\/es\/wp-json\/wp\/v2\/product\/21057\/revisions"}],"predecessor-version":[{"id":26931,"href":"https:\/\/scubapanama.com\/es\/wp-json\/wp\/v2\/product\/21057\/revisions\/26931"}],"wp:featuredmedia":[{"embeddable":true,"href":"https:\/\/scubapanama.com\/es\/wp-json\/wp\/v2\/media\/26930"}],"wp:attachment":[{"href":"https:\/\/scubapanama.com\/es\/wp-json\/wp\/v2\/media?parent=21057"}],"wp:term":[{"taxonomy":"product_brand","embeddable":true,"href":"https:\/\/scubapanama.com\/es\/wp-json\/wp\/v2\/product_brand?post=21057"},{"taxonomy":"product_cat","embeddable":true,"href":"https:\/\/scubapanama.com\/es\/wp-json\/wp\/v2\/product_cat?post=21057"},{"taxonomy":"product_tag","embeddable":true,"href":"https:\/\/scubapanama.com\/es\/wp-json\/wp\/v2\/product_tag?post=21057"}],"curies":[{"name":"wp","href":"https:\/\/api.w.org\/{rel}","templated":true}]}}