{"id":21056,"date":"2025-01-23T01:51:06","date_gmt":"2025-01-23T06:51:06","guid":{"rendered":"https:\/\/scubapanama.com\/product\/scubapro-63-707-200-traje-tropical-mujer-pequeno-negro-blanco\/"},"modified":"2025-04-22T09:14:49","modified_gmt":"2025-04-22T14:14:49","slug":"scubapro-63-707-200-traje-tropical-mujer-pequeno-negro-blanco","status":"publish","type":"product","link":"https:\/\/scubapanama.com\/es\/product\/scubapro-63-707-200-traje-tropical-mujer-pequeno-negro-blanco\/","title":{"rendered":"SCUBAPRO TRAJE TROPICAL MUJER PEQUE\u00d1O NEGRO\/BLANCO ( 63.707.200)"},"content":{"rendered":"<p>El ligero traje de buceo TROPICAL 1MM ofrece la protecci\u00f3n ideal para disfrutar del tr\u00f3pico. Con una comodidad y flexibilidad \u00f3ptimas para buceadores en aguas c\u00e1lidas, este traje cuenta con el estilo Everflex y neopreno de 1 mm con tejido el\u00e1stico, adem\u00e1s de un forro afelpado en el torso y paneles antiabrasi\u00f3n en hombros, gl\u00fateos y rodillas. Ofrece la protecci\u00f3n corporal perfecta sin ser voluminoso, y su dise\u00f1o y construcci\u00f3n lo hacen muy asequible para el buceo tropical o cualquier deporte acu\u00e1tico.<\/p>\n","protected":false},"excerpt":{"rendered":"<p>El ligero traje de buceo TROPICAL 1MM ofrece la protecci\u00f3n ideal para disfrutar del tr\u00f3pico.<\/p>\n","protected":false},"featured_media":22279,"comment_status":"open","ping_status":"closed","template":"","meta":{"iawp_total_views":1,"_joinchat":[]},"product_brand":[],"product_cat":[111],"product_tag":[153],"class_list":{"0":"post-21056","1":"product","2":"type-product","3":"status-publish","4":"has-post-thumbnail","6":"product_cat-tienda-online","7":"product_tag-scubapro-es","9":"first","10":"onbackorder","11":"taxable","12":"shipping-taxable","13":"purchasable","14":"product-type-simple"},"booking_location":null,"booking_location_type":null,"booking_duration":null,"booking_duration_unit":null,"booking_buffer":null,"booking_cost":null,"booking_resources":null,"_links":{"self":[{"href":"https:\/\/scubapanama.com\/es\/wp-json\/wp\/v2\/product\/21056","targetHints":{"allow":["GET"]}}],"collection":[{"href":"https:\/\/scubapanama.com\/es\/wp-json\/wp\/v2\/product"}],"about":[{"href":"https:\/\/scubapanama.com\/es\/wp-json\/wp\/v2\/types\/product"}],"replies":[{"embeddable":true,"href":"https:\/\/scubapanama.com\/es\/wp-json\/wp\/v2\/comments?post=21056"}],"version-history":[{"count":4,"href":"https:\/\/scubapanama.com\/es\/wp-json\/wp\/v2\/product\/21056\/revisions"}],"predecessor-version":[{"id":22902,"href":"https:\/\/scubapanama.com\/es\/wp-json\/wp\/v2\/product\/21056\/revisions\/22902"}],"wp:featuredmedia":[{"embeddable":true,"href":"https:\/\/scubapanama.com\/es\/wp-json\/wp\/v2\/media\/22279"}],"wp:attachment":[{"href":"https:\/\/scubapanama.com\/es\/wp-json\/wp\/v2\/media?parent=21056"}],"wp:term":[{"taxonomy":"product_brand","embeddable":true,"href":"https:\/\/scubapanama.com\/es\/wp-json\/wp\/v2\/product_brand?post=21056"},{"taxonomy":"product_cat","embeddable":true,"href":"https:\/\/scubapanama.com\/es\/wp-json\/wp\/v2\/product_cat?post=21056"},{"taxonomy":"product_tag","embeddable":true,"href":"https:\/\/scubapanama.com\/es\/wp-json\/wp\/v2\/product_tag?post=21056"}],"curies":[{"name":"wp","href":"https:\/\/api.w.org\/{rel}","templated":true}]}}