{"id":21055,"date":"2025-01-23T01:51:07","date_gmt":"2025-01-23T06:51:07","guid":{"rendered":"https:\/\/scubapanama.com\/product\/sealife-slkito6-mini-900-luz\/"},"modified":"2025-05-13T09:03:55","modified_gmt":"2025-05-13T14:03:55","slug":"sealife-slkito6-mini-900-luz","status":"publish","type":"product","link":"https:\/\/scubapanama.com\/es\/product\/sealife-slkito6-mini-900-luz\/","title":{"rendered":"SEALIFE MINI 900 LUZ (SLKITO6)"},"content":{"rendered":"<ul class=\"a-unordered-list a-vertical a-spacing-mini\">\n<li class=\"a-spacing-mini\"><span class=\"a-list-item\">Potente luz de buceo: luz LED de buceo de 900 l\u00famenes con el \u00faltimo LED CREE XM-L2 T6, 14 grados. \u00c1ngulo de haz estrecho (10,5 grados. Bajo el agua) para largo alcance y para se\u00f1alar la vida del mar, bater\u00eda recargable de 2600 mAh 18650 Li-Battery<\/span><\/li>\n<li class=\"a-spacing-mini\"><span class=\"a-list-item\">Cinco modos de luz: ajusta f\u00e1cilmente entre cinco modos de luz: potencia completa (900 l\u00famenes), media potencia (450 l\u00famenes), cuarto de potencia (225 l\u00famenes), parpadeo (un segundo a plena potencia) o se\u00f1al SOS de emergencia<\/span><\/li>\n<li class=\"a-spacing-mini\"><span class=\"a-list-item\">F\u00e1cil operaci\u00f3n: operaci\u00f3n con un bot\u00f3n: empuje largo (1 segundo) para encender\/apagar; empuje corto para pasar a trav\u00e9s de 5 modos de luz, indicador de bater\u00eda de color (verde = completo, amarillo = medio y rojo = baja resistencia de la bater\u00eda)<\/span><\/li>\n<li class=\"a-spacing-mini\"><span class=\"a-list-item\">Construcci\u00f3n: cabeza de aluminio anodizado y cuerpo de aleaci\u00f3n de aluminio anodizado con juntas t\u00f3ricas de silicona dobles, profundidad probada a 100 m<\/span><\/li>\n<li class=\"a-spacing-mini\"><span class=\"a-list-item\">CARACTER\u00cdSTICAS &#8211; Vida \u00fatil del LED: 30.000 horas, temperatura de color: 6000 a 7000K, CRI (\u00cdndice de Entrega de Color): 70, temperatura de funcionamiento: 0 grados. F a 113 grados. F (0 grados. C a 45 grados. C), Temperatura de almacenamiento: 14 grados. F a 140 grados. F (-10 grados. C a 60 grados. C), dimensiones: 2 pulgadas de di\u00e1metro x 5.5 pulgadas (30 mm x 140 mm)<\/span><\/li>\n<\/ul>\n","protected":false},"excerpt":{"rendered":"<p><span class=\"a-list-item\">Potente luz de buceo: luz LED de buceo de 900 l\u00famenes con el \u00faltimo LED CREE XM-L2 T6, 14 grados.<\/span><\/p>\n","protected":false},"featured_media":26638,"comment_status":"open","ping_status":"closed","template":"","meta":{"iawp_total_views":1,"_joinchat":[]},"product_brand":[],"product_cat":[111],"product_tag":[264],"class_list":{"0":"post-21055","1":"product","2":"type-product","3":"status-publish","4":"has-post-thumbnail","6":"product_cat-tienda-online","7":"product_tag-sealife-es","9":"first","10":"instock","11":"taxable","12":"shipping-taxable","13":"purchasable","14":"product-type-simple"},"booking_location":null,"booking_location_type":null,"booking_duration":null,"booking_duration_unit":null,"booking_buffer":null,"booking_cost":null,"booking_resources":null,"_links":{"self":[{"href":"https:\/\/scubapanama.com\/es\/wp-json\/wp\/v2\/product\/21055","targetHints":{"allow":["GET"]}}],"collection":[{"href":"https:\/\/scubapanama.com\/es\/wp-json\/wp\/v2\/product"}],"about":[{"href":"https:\/\/scubapanama.com\/es\/wp-json\/wp\/v2\/types\/product"}],"replies":[{"embeddable":true,"href":"https:\/\/scubapanama.com\/es\/wp-json\/wp\/v2\/comments?post=21055"}],"version-history":[{"count":3,"href":"https:\/\/scubapanama.com\/es\/wp-json\/wp\/v2\/product\/21055\/revisions"}],"predecessor-version":[{"id":26646,"href":"https:\/\/scubapanama.com\/es\/wp-json\/wp\/v2\/product\/21055\/revisions\/26646"}],"wp:featuredmedia":[{"embeddable":true,"href":"https:\/\/scubapanama.com\/es\/wp-json\/wp\/v2\/media\/26638"}],"wp:attachment":[{"href":"https:\/\/scubapanama.com\/es\/wp-json\/wp\/v2\/media?parent=21055"}],"wp:term":[{"taxonomy":"product_brand","embeddable":true,"href":"https:\/\/scubapanama.com\/es\/wp-json\/wp\/v2\/product_brand?post=21055"},{"taxonomy":"product_cat","embeddable":true,"href":"https:\/\/scubapanama.com\/es\/wp-json\/wp\/v2\/product_cat?post=21055"},{"taxonomy":"product_tag","embeddable":true,"href":"https:\/\/scubapanama.com\/es\/wp-json\/wp\/v2\/product_tag?post=21055"}],"curies":[{"name":"wp","href":"https:\/\/api.w.org\/{rel}","templated":true}]}}