{"id":21037,"date":"2025-01-23T01:50:10","date_gmt":"2025-01-23T06:50:10","guid":{"rendered":"https:\/\/scubapanama.com\/product\/clases-de-natacion-menores-de-4-anos\/"},"modified":"2025-06-10T14:26:54","modified_gmt":"2025-06-10T19:26:54","slug":"clases-de-natacion-menores-de-4-anos","status":"publish","type":"product","link":"https:\/\/scubapanama.com\/es\/product\/clases-de-natacion-menores-de-4-anos\/","title":{"rendered":"CLASES DE NATACION MENORES DE 4 A\u00d1OS"},"content":{"rendered":"<p data-start=\"728\" data-end=\"888\">Estas clases est\u00e1n pensadas para crear una experiencia positiva desde el primer contacto con el agua, respetando siempre los tiempos y necesidades de cada ni\u00f1o.<\/p>\n<p data-start=\"890\" data-end=\"1002\">Ofrecemos dos opciones de horario flexibles que permiten a los padres elegir lo que mejor se adapte a su rutina:<\/p>\n<ul data-start=\"1004\" data-end=\"1058\">\n<li data-start=\"1004\" data-end=\"1036\">\n<p data-start=\"1006\" data-end=\"1036\"><strong data-start=\"1006\" data-end=\"1036\">Lunes, mi\u00e9rcoles y viernes<\/strong><\/p>\n<\/li>\n<li data-start=\"1037\" data-end=\"1058\">\n<p data-start=\"1039\" data-end=\"1058\"><strong data-start=\"1039\" data-end=\"1058\">Martes y jueves<\/strong><\/p>\n<\/li>\n<\/ul>\n<p data-start=\"1060\" data-end=\"1236\">Contamos con instructores capacitados en estimulaci\u00f3n acu\u00e1tica infantil y grupos reducidos para garantizar atenci\u00f3n personalizada y un ambiente tranquilo, seguro y estimulante.<\/p>\n<p data-start=\"1238\" data-end=\"1384\"><strong data-start=\"1238\" data-end=\"1384\">Haz que su primera experiencia en el agua sea inolvidable. \u00a1Inscr\u00edbelo hoy y acomp\u00e1\u00f1alo en esta hermosa etapa de descubrimiento y crecimiento!<\/strong><\/p>\n","protected":false},"excerpt":{"rendered":"<p data-start=\"240\" data-end=\"287\"><strong data-start=\"240\" data-end=\"287\">Clases de Nataci\u00f3n para Ni\u00f1os de 2 a 4 A\u00f1os<\/strong><\/p>\n<p data-start=\"289\" data-end=\"726\">\u00a1El mejor momento para comenzar es desde peque\u00f1os! Nuestras clases de nataci\u00f3n para ni\u00f1os de <strong data-start=\"382\" data-end=\"396\">2 a 4 a\u00f1os<\/strong> est\u00e1n dise\u00f1adas para introducir a los m\u00e1s chiquitos al mundo acu\u00e1tico de manera segura, afectiva y divertida. A trav\u00e9s del juego guiado y t\u00e9cnicas especializadas, nuestros instructores ayudan a que los ni\u00f1os se familiaricen con el agua mientras desarrollan coordinaci\u00f3n, confianza y habilidades b\u00e1sicas de flotaci\u00f3n y movimiento.<\/p>\n","protected":false},"featured_media":30646,"comment_status":"open","ping_status":"closed","template":"","meta":{"iawp_total_views":115,"_joinchat":[]},"product_brand":[],"product_cat":[117],"product_tag":[],"class_list":{"0":"post-21037","1":"product","2":"type-product","3":"status-publish","4":"has-post-thumbnail","6":"product_cat-cursos","8":"first","9":"instock","10":"taxable","11":"shipping-taxable","12":"purchasable","13":"product-type-simple"},"booking_location":null,"booking_location_type":null,"booking_duration":null,"booking_duration_unit":null,"booking_buffer":null,"booking_cost":null,"booking_resources":null,"_links":{"self":[{"href":"https:\/\/scubapanama.com\/es\/wp-json\/wp\/v2\/product\/21037","targetHints":{"allow":["GET"]}}],"collection":[{"href":"https:\/\/scubapanama.com\/es\/wp-json\/wp\/v2\/product"}],"about":[{"href":"https:\/\/scubapanama.com\/es\/wp-json\/wp\/v2\/types\/product"}],"replies":[{"embeddable":true,"href":"https:\/\/scubapanama.com\/es\/wp-json\/wp\/v2\/comments?post=21037"}],"version-history":[{"count":1,"href":"https:\/\/scubapanama.com\/es\/wp-json\/wp\/v2\/product\/21037\/revisions"}],"predecessor-version":[{"id":31037,"href":"https:\/\/scubapanama.com\/es\/wp-json\/wp\/v2\/product\/21037\/revisions\/31037"}],"wp:featuredmedia":[{"embeddable":true,"href":"https:\/\/scubapanama.com\/es\/wp-json\/wp\/v2\/media\/30646"}],"wp:attachment":[{"href":"https:\/\/scubapanama.com\/es\/wp-json\/wp\/v2\/media?parent=21037"}],"wp:term":[{"taxonomy":"product_brand","embeddable":true,"href":"https:\/\/scubapanama.com\/es\/wp-json\/wp\/v2\/product_brand?post=21037"},{"taxonomy":"product_cat","embeddable":true,"href":"https:\/\/scubapanama.com\/es\/wp-json\/wp\/v2\/product_cat?post=21037"},{"taxonomy":"product_tag","embeddable":true,"href":"https:\/\/scubapanama.com\/es\/wp-json\/wp\/v2\/product_tag?post=21037"}],"curies":[{"name":"wp","href":"https:\/\/api.w.org\/{rel}","templated":true}]}}