{"id":21036,"date":"2025-01-23T01:50:11","date_gmt":"2025-01-23T06:50:11","guid":{"rendered":"https:\/\/scubapanama.com\/product\/curso-de-divemaster\/"},"modified":"2025-06-10T11:24:44","modified_gmt":"2025-06-10T16:24:44","slug":"curso-de-divemaster","status":"publish","type":"product","link":"https:\/\/scubapanama.com\/es\/product\/curso-de-divemaster\/","title":{"rendered":"CURSO DE DIVEMASTER"},"content":{"rendered":"<p>Aprende a dirigir paseos subacu\u00e1ticos, a ayudar en las clases de buceo y a inspirar a otros para que cuiden del oc\u00e9ano. Perfecciona tus habilidades y convi\u00e9rtete en el buceador que todos admiran.<\/p>\n<p>PADI Divemaster es la certificaci\u00f3n de buceo profesional m\u00e1s popular y reconocida del mundo. Los PADI Divemasters disfrutan de abundantes oportunidades profesionales, cobran por bucear y comparten su amor por el oc\u00e9ano.<\/p>\n","protected":false},"excerpt":{"rendered":"<p>Aprende a dirigir paseos subacu\u00e1ticos, a ayudar en las clases de buceo y a inspirar a otros para que cuiden<\/p>\n","protected":false},"featured_media":30443,"comment_status":"open","ping_status":"closed","template":"","meta":{"iawp_total_views":60,"_joinchat":[]},"product_brand":[],"product_cat":[117],"product_tag":[],"class_list":{"0":"post-21036","1":"product","2":"type-product","3":"status-publish","4":"has-post-thumbnail","6":"product_cat-cursos","8":"first","9":"instock","10":"taxable","11":"shipping-taxable","12":"purchasable","13":"product-type-simple"},"booking_location":null,"booking_location_type":null,"booking_duration":null,"booking_duration_unit":null,"booking_buffer":null,"booking_cost":null,"booking_resources":null,"_links":{"self":[{"href":"https:\/\/scubapanama.com\/es\/wp-json\/wp\/v2\/product\/21036","targetHints":{"allow":["GET"]}}],"collection":[{"href":"https:\/\/scubapanama.com\/es\/wp-json\/wp\/v2\/product"}],"about":[{"href":"https:\/\/scubapanama.com\/es\/wp-json\/wp\/v2\/types\/product"}],"replies":[{"embeddable":true,"href":"https:\/\/scubapanama.com\/es\/wp-json\/wp\/v2\/comments?post=21036"}],"version-history":[{"count":1,"href":"https:\/\/scubapanama.com\/es\/wp-json\/wp\/v2\/product\/21036\/revisions"}],"predecessor-version":[{"id":30997,"href":"https:\/\/scubapanama.com\/es\/wp-json\/wp\/v2\/product\/21036\/revisions\/30997"}],"wp:featuredmedia":[{"embeddable":true,"href":"https:\/\/scubapanama.com\/es\/wp-json\/wp\/v2\/media\/30443"}],"wp:attachment":[{"href":"https:\/\/scubapanama.com\/es\/wp-json\/wp\/v2\/media?parent=21036"}],"wp:term":[{"taxonomy":"product_brand","embeddable":true,"href":"https:\/\/scubapanama.com\/es\/wp-json\/wp\/v2\/product_brand?post=21036"},{"taxonomy":"product_cat","embeddable":true,"href":"https:\/\/scubapanama.com\/es\/wp-json\/wp\/v2\/product_cat?post=21036"},{"taxonomy":"product_tag","embeddable":true,"href":"https:\/\/scubapanama.com\/es\/wp-json\/wp\/v2\/product_tag?post=21036"}],"curies":[{"name":"wp","href":"https:\/\/api.w.org\/{rel}","templated":true}]}}