{"id":21034,"date":"2025-01-23T01:50:11","date_gmt":"2025-01-23T06:50:11","guid":{"rendered":"https:\/\/scubapanama.com\/product\/curso-de-especialidad-de-navagacion-padi\/"},"modified":"2025-06-10T11:21:49","modified_gmt":"2025-06-10T16:21:49","slug":"curso-de-especialidad-de-navagacion-padi","status":"publish","type":"product","link":"https:\/\/scubapanama.com\/es\/product\/curso-de-especialidad-de-navagacion-padi\/","title":{"rendered":"CURSO ESPECIALIDAD DE NAVAGACI\u00d3N PADI"},"content":{"rendered":"<p>Convi\u00e9rtete en el buceador que todo el mundo quiere seguir porque sabes d\u00f3nde est\u00e1s y a d\u00f3nde vas. El curso PADI Underwater Navigator afina tus t\u00e9cnicas de observaci\u00f3n y te ense\u00f1a a usar la br\u00fajula con m\u00e1s precisi\u00f3n bajo el agua. Si te gustan los desaf\u00edos con grandes recompensas, haz este curso y divi\u00e9rtete encontrando tu camino.<\/p>\n<p>Si eres buceador PADI (Junior) Open Water que tiene al menos 10 a\u00f1os de edad, puedes inscribirte en el curso de Especialidad PADI Underwater Navigator.<\/p>\n","protected":false},"excerpt":{"rendered":"<p>Convi\u00e9rtete en el buceador que todo el mundo quiere seguir porque sabes d\u00f3nde est\u00e1s y a d\u00f3nde vas. El curso<\/p>\n","protected":false},"featured_media":30449,"comment_status":"open","ping_status":"closed","template":"","meta":{"iawp_total_views":7,"_joinchat":[]},"product_brand":[],"product_cat":[117],"product_tag":[],"class_list":{"0":"post-21034","1":"product","2":"type-product","3":"status-publish","4":"has-post-thumbnail","6":"product_cat-cursos","8":"first","9":"instock","10":"taxable","11":"shipping-taxable","12":"purchasable","13":"product-type-simple"},"booking_location":null,"booking_location_type":null,"booking_duration":null,"booking_duration_unit":null,"booking_buffer":null,"booking_cost":null,"booking_resources":null,"_links":{"self":[{"href":"https:\/\/scubapanama.com\/es\/wp-json\/wp\/v2\/product\/21034","targetHints":{"allow":["GET"]}}],"collection":[{"href":"https:\/\/scubapanama.com\/es\/wp-json\/wp\/v2\/product"}],"about":[{"href":"https:\/\/scubapanama.com\/es\/wp-json\/wp\/v2\/types\/product"}],"replies":[{"embeddable":true,"href":"https:\/\/scubapanama.com\/es\/wp-json\/wp\/v2\/comments?post=21034"}],"version-history":[{"count":3,"href":"https:\/\/scubapanama.com\/es\/wp-json\/wp\/v2\/product\/21034\/revisions"}],"predecessor-version":[{"id":30996,"href":"https:\/\/scubapanama.com\/es\/wp-json\/wp\/v2\/product\/21034\/revisions\/30996"}],"wp:featuredmedia":[{"embeddable":true,"href":"https:\/\/scubapanama.com\/es\/wp-json\/wp\/v2\/media\/30449"}],"wp:attachment":[{"href":"https:\/\/scubapanama.com\/es\/wp-json\/wp\/v2\/media?parent=21034"}],"wp:term":[{"taxonomy":"product_brand","embeddable":true,"href":"https:\/\/scubapanama.com\/es\/wp-json\/wp\/v2\/product_brand?post=21034"},{"taxonomy":"product_cat","embeddable":true,"href":"https:\/\/scubapanama.com\/es\/wp-json\/wp\/v2\/product_cat?post=21034"},{"taxonomy":"product_tag","embeddable":true,"href":"https:\/\/scubapanama.com\/es\/wp-json\/wp\/v2\/product_tag?post=21034"}],"curies":[{"name":"wp","href":"https:\/\/api.w.org\/{rel}","templated":true}]}}