{"id":21032,"date":"2025-01-23T01:50:11","date_gmt":"2025-01-23T06:50:11","guid":{"rendered":"https:\/\/scubapanama.com\/product\/curso-de-especialidad-dominio-de-la-flotabilidad\/"},"modified":"2025-06-10T11:11:06","modified_gmt":"2025-06-10T16:11:06","slug":"curso-de-especialidad-dominio-de-la-flotabilidad","status":"publish","type":"product","link":"https:\/\/scubapanama.com\/es\/product\/curso-de-especialidad-dominio-de-la-flotabilidad\/","title":{"rendered":"CURSO DE ESPECIALIDAD DOMINIO DE LA FLOTABILIDAD"},"content":{"rendered":"<p>Un excelente control de flotabilidad es lo que define a los buceadores h\u00e1biles. Los has visto bajo el agua. Se deslizan sin esfuerzo, consumen menos aire y ascienden y descienden o flotan como si fuera un pensamiento.<\/p>\n<p>Observan m\u00e1s f\u00e1cilmente la vida acu\u00e1tica sin perturbar su entorno. T\u00fa tambi\u00e9n puedes lograr esto. El curso PADI Peak Performance Buoyancy Specialty mejora las t\u00e9cnicas de flotabilidad que aprendiste como buceador principiante y las eleva al siguiente nivel.<\/p>\n","protected":false},"excerpt":{"rendered":"<p>Un excelente control de flotabilidad es lo que define a los buceadores h\u00e1biles. Los has visto bajo el agua. Se<\/p>\n","protected":false},"featured_media":30467,"comment_status":"open","ping_status":"closed","template":"","meta":{"iawp_total_views":19,"_joinchat":[]},"product_brand":[],"product_cat":[117],"product_tag":[],"class_list":{"0":"post-21032","1":"product","2":"type-product","3":"status-publish","4":"has-post-thumbnail","6":"product_cat-cursos","8":"first","9":"instock","10":"taxable","11":"shipping-taxable","12":"purchasable","13":"product-type-simple"},"booking_location":null,"booking_location_type":null,"booking_duration":null,"booking_duration_unit":null,"booking_buffer":null,"booking_cost":null,"booking_resources":null,"_links":{"self":[{"href":"https:\/\/scubapanama.com\/es\/wp-json\/wp\/v2\/product\/21032","targetHints":{"allow":["GET"]}}],"collection":[{"href":"https:\/\/scubapanama.com\/es\/wp-json\/wp\/v2\/product"}],"about":[{"href":"https:\/\/scubapanama.com\/es\/wp-json\/wp\/v2\/types\/product"}],"replies":[{"embeddable":true,"href":"https:\/\/scubapanama.com\/es\/wp-json\/wp\/v2\/comments?post=21032"}],"version-history":[{"count":2,"href":"https:\/\/scubapanama.com\/es\/wp-json\/wp\/v2\/product\/21032\/revisions"}],"predecessor-version":[{"id":30989,"href":"https:\/\/scubapanama.com\/es\/wp-json\/wp\/v2\/product\/21032\/revisions\/30989"}],"wp:featuredmedia":[{"embeddable":true,"href":"https:\/\/scubapanama.com\/es\/wp-json\/wp\/v2\/media\/30467"}],"wp:attachment":[{"href":"https:\/\/scubapanama.com\/es\/wp-json\/wp\/v2\/media?parent=21032"}],"wp:term":[{"taxonomy":"product_brand","embeddable":true,"href":"https:\/\/scubapanama.com\/es\/wp-json\/wp\/v2\/product_brand?post=21032"},{"taxonomy":"product_cat","embeddable":true,"href":"https:\/\/scubapanama.com\/es\/wp-json\/wp\/v2\/product_cat?post=21032"},{"taxonomy":"product_tag","embeddable":true,"href":"https:\/\/scubapanama.com\/es\/wp-json\/wp\/v2\/product_tag?post=21032"}],"curies":[{"name":"wp","href":"https:\/\/api.w.org\/{rel}","templated":true}]}}